{"id":40095,"date":"2023-12-19T16:34:54","date_gmt":"2023-12-19T19:34:54","guid":{"rendered":"https:\/\/www.appoloviracel.com.uy\/?post_type=product&#038;p=40095"},"modified":"2024-03-01T17:25:37","modified_gmt":"2024-03-01T20:25:37","slug":"auricular-meetion-mt-hp030-gaming-vincha","status":"publish","type":"product","link":"https:\/\/www.appoloviracel.com.uy\/index.php\/product\/auricular-meetion-mt-hp030-gaming-vincha\/","title":{"rendered":"Auricular Meetion \u00abMT-HP030\u00bb (Gaming-Vincha)"},"content":{"rendered":"<h2>Caracter\u00edsticas y especificaciones:<\/h2>\n<ul>\n<li>Auriculares retro iluminados con reducci\u00f3n de ruido que proporcionan<\/li>\n<li>Una atm\u00f3sfera de juego m\u00e1s emocionante.<\/li>\n<li>Micr\u00f3fono incluido<\/li>\n<li>Sonido m\u00e1s realista y puede identificar la direcci\u00f3n del sonido en el juego para identificar claramente la ubicaci\u00f3n.<\/li>\n<li>Altavoz est\u00e9reo<\/li>\n<li>Micr\u00f3fono con cancelaci\u00f3n de ruido<\/li>\n<li>Copa de oreja c\u00f3moda<\/li>\n<li>Controlador de volumen<\/li>\n<li>Alambre trenzado anti-tir\u00f3n<\/li>\n<li>Altavoz: \u00f850mm<\/li>\n<li>Sensibilidad: 120 \u00b1 3db<\/li>\n<li>Impedancia: 32\u03a9<\/li>\n<li>Respuesta de frecuencia: 10 ~ 20,000Hz<\/li>\n<li>Micr\u00f3fono: omnidireccional<\/li>\n<li>Sensibilidad de micr\u00f3fono: -56 \u00b1 2db<\/li>\n<li>Longitud del cable: 2,20 \u00b1 0.02m<\/li>\n<\/ul>\n<h5><\/h5>\n<h5><strong>*Las im\u00e1genes son a modo ilustrativo.<\/strong><\/h5>\n<p>&nbsp;<\/p>\n","protected":false},"excerpt":{"rendered":"<h3><span style=\"color: #339966;\"><strong>$ 1.150<\/strong><\/span><\/h3>\n","protected":false},"featured_media":40096,"comment_status":"open","ping_status":"closed","template":"","meta":[],"_links":{"self":[{"href":"https:\/\/www.appoloviracel.com.uy\/index.php\/wp-json\/wp\/v2\/product\/40095"}],"collection":[{"href":"https:\/\/www.appoloviracel.com.uy\/index.php\/wp-json\/wp\/v2\/product"}],"about":[{"href":"https:\/\/www.appoloviracel.com.uy\/index.php\/wp-json\/wp\/v2\/types\/product"}],"replies":[{"embeddable":true,"href":"https:\/\/www.appoloviracel.com.uy\/index.php\/wp-json\/wp\/v2\/comments?post=40095"}],"wp:featuredmedia":[{"embeddable":true,"href":"https:\/\/www.appoloviracel.com.uy\/index.php\/wp-json\/wp\/v2\/media\/40096"}],"wp:attachment":[{"href":"https:\/\/www.appoloviracel.com.uy\/index.php\/wp-json\/wp\/v2\/media?parent=40095"}],"curies":[{"name":"wp","href":"https:\/\/api.w.org\/{rel}","templated":true}]}}