{"id":40068,"date":"2023-12-08T19:58:38","date_gmt":"2023-12-08T22:58:38","guid":{"rendered":"https:\/\/www.appoloviracel.com.uy\/?post_type=product&#038;p=40068"},"modified":"2024-06-20T15:39:49","modified_gmt":"2024-06-20T18:39:49","slug":"celular-iphone-15pro-max-256gb","status":"publish","type":"product","link":"https:\/\/www.appoloviracel.com.uy\/index.php\/product\/celular-iphone-15pro-max-256gb\/","title":{"rendered":"Celular iPhone \u00ab15Pro Max\u00bb (256Gb)"},"content":{"rendered":"<h2>Caracter\u00edsticas y especificaciones:<\/h2>\n<h4><span style=\"color: #ff0000;\"><strong>Equipo Nuevo<\/strong><\/span><\/h4>\n<p>El <strong>Apple iPhone 15 Pro Max<\/strong> regresa con un mismo dise\u00f1o pero con chasis de titanio que le otorga mayor resistencia y menor peso. El iPhone 15 Pro Max tiene una pantalla OLED de 6.7 pulgadas con tasa de refresco de 120Hz y est\u00e1 impulsado por un procesador Apple A17 Pro de seis n\u00facleos. La c\u00e1mara trasera del iPhone 15 Pro Max est\u00e1 liderada por un sensor de 48MP sumando una c\u00e1mara ultrawide de 12MP y una c\u00e1mara telefoto perisc\u00f3pica de 12MP con zoom \u00f3ptico 5x. El iPhone 15 Pro Max reemplaza el puerto Lightning por un puerto USB-C, tiene parlantes est\u00e9reo, Face ID, carga inal\u00e1mbrica, resistencia al polvo y agua y corre iOS 17.<\/p>\n<ul>\n<li>Pantalla: 6.7&#8243;, 1290 * 2796 pixeles<\/li>\n<li>Procesador: Apple A17 Pro<\/li>\n<li>Almacenamiento: 256GB<\/li>\n<li>Expansi\u00f3n: sin micro SD<\/li>\n<li>C\u00e1mara: Triple, 48MP+12MP+12MP<\/li>\n<li>OS: iOS 17<\/li>\n<li>Perfil: 8.3 mm<\/li>\n<li>Peso: 221 grs.<\/li>\n<li>Se incluyen los siguientes accesorios: <strong>Cable original y Manual<\/strong><\/li>\n<li><strong>Garant\u00eda:<\/strong> 12 meses contra defecto de fabricaci\u00f3n<\/li>\n<\/ul>\n<h4><\/h4>\n<h4><span style=\"color: #ff0000;\"><strong>Contado efectivo: 10% de Descuento<\/strong><\/span><\/h4>\n<h5><strong>*Las im\u00e1genes son a modo ilustrativo.<\/strong><\/h5>\n","protected":false},"excerpt":{"rendered":"<h3><span style=\"color: #339966;\"><strong>U$S 1.790<\/strong><\/span><\/h3>\n","protected":false},"featured_media":40070,"comment_status":"open","ping_status":"closed","template":"","meta":[],"_links":{"self":[{"href":"https:\/\/www.appoloviracel.com.uy\/index.php\/wp-json\/wp\/v2\/product\/40068"}],"collection":[{"href":"https:\/\/www.appoloviracel.com.uy\/index.php\/wp-json\/wp\/v2\/product"}],"about":[{"href":"https:\/\/www.appoloviracel.com.uy\/index.php\/wp-json\/wp\/v2\/types\/product"}],"replies":[{"embeddable":true,"href":"https:\/\/www.appoloviracel.com.uy\/index.php\/wp-json\/wp\/v2\/comments?post=40068"}],"wp:featuredmedia":[{"embeddable":true,"href":"https:\/\/www.appoloviracel.com.uy\/index.php\/wp-json\/wp\/v2\/media\/40070"}],"wp:attachment":[{"href":"https:\/\/www.appoloviracel.com.uy\/index.php\/wp-json\/wp\/v2\/media?parent=40068"}],"curies":[{"name":"wp","href":"https:\/\/api.w.org\/{rel}","templated":true}]}}