{"id":40043,"date":"2023-11-24T11:17:52","date_gmt":"2023-11-24T14:17:52","guid":{"rendered":"https:\/\/www.appoloviracel.com.uy\/?post_type=product&#038;p=40043"},"modified":"2024-01-23T14:39:42","modified_gmt":"2024-01-23T17:39:42","slug":"celular-vimo-q-m9010-4g-con-teclado","status":"publish","type":"product","link":"https:\/\/www.appoloviracel.com.uy\/index.php\/product\/celular-vimo-q-m9010-4g-con-teclado\/","title":{"rendered":"Celular Vimo Q \u00abM9010\u00bb 4G con teclado"},"content":{"rendered":"<h2>Caracter\u00edsticas y especificaciones:<\/h2>\n<p>VIMOQ es parte de Transsion Group, l\u00edder mundial en dispositivos inteligentes con una venta mundial que supera los 200 millones de equipos y posicionada como n\u00famero 1 en equipos de bajo costo. VIMOQ es una marca joven que provee equipos de dise\u00f1o y caracter\u00edsticas avanzadas a un precio accesible para todos.<\/p>\n<p>VIMOQ ofrece un ecosistema de dispositivos enfocado en tel\u00e9fonos inteligentes y dispositivos IoT que permiten a las personas disfrutar de una vida m\u00e1s sencilla.<\/p>\n<p>VIMOQ llega al mercado con un enfoque en el consumidor latinoamericano y tiene la misi\u00f3n de proporcionar productos electr\u00f3nicos elegantes, confiables, duraderos y asequibles, respaldados por la capacidad l\u00edder de dise\u00f1o industrial, fabricaci\u00f3n y log\u00edstica de Transici\u00f3n.<\/p>\n<ul>\n<li>Dise\u00f1o: Cl\u00e1sico<\/li>\n<li>DualSIM: SI<\/li>\n<li>Tama\u00f1o de la tarjeta: SIM: Mini Sim &#8211; Regular, Mini Sim &#8211; Regular<\/li>\n<li>GSM: 850 900 1800 1900<\/li>\n<li>HSDPA: 850 900 1700\/2100 1900 2100<\/li>\n<li>HSPA+ LTE: LTE-FDD: 700, 850, 900, 1700\/2100, 1800, 1900, 2100, 2600; LTE-TDD: 1700, 2300, 2500, 2600<\/li>\n<li>Dimensiones (H\/L\/W): 128.8 x 52.5 x 13.8 mm, volumen 93 cm\u00b3<\/li>\n<li>Pantalla: TFT Color (65K) 128&#215;160 px (1.77&#8243;) 116ppi<\/li>\n<li>Pantalla t\u00e1ctil: NO<\/li>\n<li>Bater\u00eda: Li-Ion 1900 mAh<\/li>\n<li>Memoria incorporada: 128 MB<\/li>\n<li>Memoria RAM: 48 MB<\/li>\n<li>Se incluyen los siguientes accesorios: <strong>Cargador y Manual<\/strong><\/li>\n<li><strong>Garant\u00eda:<\/strong> 6 meses contra defecto de fabricaci\u00f3n<\/li>\n<\/ul>\n<h5><\/h5>\n<h5><strong>*Las im\u00e1genes son a modo ilustrativo.<\/strong><\/h5>\n","protected":false},"excerpt":{"rendered":"<h3><span style=\"color: #339966;\"><strong>$ 2.090<\/strong><\/span><\/h3>\n","protected":false},"featured_media":40044,"comment_status":"open","ping_status":"closed","template":"","meta":[],"_links":{"self":[{"href":"https:\/\/www.appoloviracel.com.uy\/index.php\/wp-json\/wp\/v2\/product\/40043"}],"collection":[{"href":"https:\/\/www.appoloviracel.com.uy\/index.php\/wp-json\/wp\/v2\/product"}],"about":[{"href":"https:\/\/www.appoloviracel.com.uy\/index.php\/wp-json\/wp\/v2\/types\/product"}],"replies":[{"embeddable":true,"href":"https:\/\/www.appoloviracel.com.uy\/index.php\/wp-json\/wp\/v2\/comments?post=40043"}],"wp:featuredmedia":[{"embeddable":true,"href":"https:\/\/www.appoloviracel.com.uy\/index.php\/wp-json\/wp\/v2\/media\/40044"}],"wp:attachment":[{"href":"https:\/\/www.appoloviracel.com.uy\/index.php\/wp-json\/wp\/v2\/media?parent=40043"}],"curies":[{"name":"wp","href":"https:\/\/api.w.org\/{rel}","templated":true}]}}