{"id":40032,"date":"2023-11-23T17:36:35","date_gmt":"2023-11-23T20:36:35","guid":{"rendered":"https:\/\/www.appoloviracel.com.uy\/?post_type=product&#038;p=40032"},"modified":"2024-01-22T13:46:05","modified_gmt":"2024-01-22T16:46:05","slug":"smartwatch-gravity-z02-pro","status":"publish","type":"product","link":"https:\/\/www.appoloviracel.com.uy\/index.php\/product\/smartwatch-gravity-z02-pro\/","title":{"rendered":"Smartwatch Gravity \u00abZ02 Pro\u00bb"},"content":{"rendered":"<h4>Caracter\u00edsticas y especificaciones:<\/h4>\n<ul>\n<li>Nombre del Producto: Smartwatch Gravity<\/li>\n<li>Modelo: ZL02 PRO<\/li>\n<li>Resistencia al agua: IP67<\/li>\n<li>Material: Aleaci\u00f3n de Zinc + pl\u00e1stico ABS + funda de PC + correa de silicona antiest\u00e1tica<\/li>\n<li>Resoluci\u00f3n LCD: 360*360px<\/li>\n<li>Tama\u00f1o de pantalla: 1,39 pulgadas<\/li>\n<li>Capacidad Bater\u00eda: 230 mAh<\/li>\n<li>Resistencia al agua IP67<\/li>\n<li>Material Aleaci\u00f3n de Zinc + pl\u00e1stico ABS + funda de PC + correa de silicona antiest\u00e1tica<\/li>\n<li>Resoluci\u00f3n LCD 360*360px<\/li>\n<li>Tama\u00f1o de pantalla 1,39 pulgadas<\/li>\n<li>Vibraci\u00f3n: S\u00ed<\/li>\n<li>Llamada BT: S\u00ed<\/li>\n<li>Compatibilidad: Android 5,0 y superior; Apple IOS9.0 o superior<\/li>\n<li>Lenguaje: espa\u00f1ol, ingl\u00e9s, chino, alem\u00e1n, coreano, japon\u00e9s, franc\u00e9s, ruso, \u00e1rabe, ucraniano, italiano, portugu\u00e9s<\/li>\n<li>Deportes: Caminar, correr, ciclismo, saltar, baloncesto, f\u00fatbol, b\u00e1dminton, nataci\u00f3n, etc.<\/li>\n<li>Registro Actividad: Rastreador de pasos, Rastreador de calor\u00edas, Rastreador de actividad.<\/li>\n<li>Monitor de ritmo card\u00edaco, Monitor de sue\u00f1o, Monitor de presi\u00f3n arterial.<\/li>\n<li>Funciones: Llamada Bluetooth, notificaci\u00f3n, modelo multi-Sprot Reloj, entrenamiento de respiraci\u00f3n, presi\u00f3n arterial, ox\u00edgeno en sangre, monitor de sue\u00f1o, pod\u00f3metro, recordatorio sedentario, recordatorio de bebida, c\u00e1mara remota, clima de terceros, control de m\u00fasica, dispositivo de b\u00fasqueda de reloj, encontrar tel\u00e9fono m\u00f3vil, ajuste de luminosidad LCD, ajuste de tiempo fuera de pantalla, cambio de esfera de reloj, recordatorio de reloj despertador, rechazo de llamadas\/SMS, recordatorio de llamada, vista r\u00e1pida, modo No molestar, lograr Notificaci\u00f3n de objetivos, almacenamiento de mensajes, cron\u00f3metro, conexi\u00f3n de un bot\u00f3n, asistente de voz AI, calculadora, juegos, funci\u00f3n de pantalla dividida<\/li>\n<li>Notificaci\u00f3n: S\u00ed<\/li>\n<li>Bluetooth: S\u00ed<\/li>\n<li>Garant\u00eda: 3 meses contra defecto de fabricaci\u00f3n<\/li>\n<\/ul>\n<h4><\/h4>\n<h4><span style=\"color: #ff0000;\"><strong>* La garant\u00eda no cubre falla que se pueda dar por un uso intensivo.<\/strong><\/span><\/h4>\n<h5><strong>*Las im\u00e1genes son a modo ilustrativo.<\/strong><\/h5>\n","protected":false},"excerpt":{"rendered":"<h3><span style=\"color: #339966;\"><strong>U$S 49<\/strong><\/span><\/h3>\n","protected":false},"featured_media":40035,"comment_status":"open","ping_status":"closed","template":"","meta":[],"_links":{"self":[{"href":"https:\/\/www.appoloviracel.com.uy\/index.php\/wp-json\/wp\/v2\/product\/40032"}],"collection":[{"href":"https:\/\/www.appoloviracel.com.uy\/index.php\/wp-json\/wp\/v2\/product"}],"about":[{"href":"https:\/\/www.appoloviracel.com.uy\/index.php\/wp-json\/wp\/v2\/types\/product"}],"replies":[{"embeddable":true,"href":"https:\/\/www.appoloviracel.com.uy\/index.php\/wp-json\/wp\/v2\/comments?post=40032"}],"wp:featuredmedia":[{"embeddable":true,"href":"https:\/\/www.appoloviracel.com.uy\/index.php\/wp-json\/wp\/v2\/media\/40035"}],"wp:attachment":[{"href":"https:\/\/www.appoloviracel.com.uy\/index.php\/wp-json\/wp\/v2\/media?parent=40032"}],"curies":[{"name":"wp","href":"https:\/\/api.w.org\/{rel}","templated":true}]}}