{"id":40025,"date":"2023-11-21T19:20:37","date_gmt":"2023-11-21T22:20:37","guid":{"rendered":"https:\/\/www.appoloviracel.com.uy\/?post_type=product&#038;p=40025"},"modified":"2024-01-19T17:40:13","modified_gmt":"2024-01-19T20:40:13","slug":"teclado-fantech-maxfit-61-teclado-mecanico-60","status":"publish","type":"product","link":"https:\/\/www.appoloviracel.com.uy\/index.php\/product\/teclado-fantech-maxfit-61-teclado-mecanico-60\/","title":{"rendered":"Teclado Fantech \u00abMAXFIT 61\u00bb Teclado mec\u00e1nico 60%"},"content":{"rendered":"<h2>Caracter\u00edsticas y especificaciones:<strong>\u00a0<\/strong><\/h2>\n<p>Este teclado Fantech de alto rendimiento permite que puedas disfrutar de horas ilimitadas de juegos. Est\u00e1 dise\u00f1ado especialmente para que puedas expresar tanto tus habilidades como tu estilo. Podr\u00e1s mejorar tu experiencia de gaming, ya seas un aficionado o todo un experto, y hacer que tus jugadas alcancen otro nivel. Distinci\u00f3n a todo color<br \/>\nSu retroiluminaci\u00f3n le da un toque diferente a tu equipo y resalta su composici\u00f3n cuando es utilizado en espacios poco iluminados.<\/p>\n<ul>\n<li>\u00b7Producto: Teclado<\/li>\n<li>\u00b7Marca: Fantech<\/li>\n<li>\u00b7Modelo: Max Fit 61<\/li>\n<li>\u00b7Tipo Switch: Mec\u00e1nico<\/li>\n<li>\u00b7Dimensiones: 94*103*42mm<\/li>\n<li>\u00b7Teclas: 61<\/li>\n<li>\u00b7Cable: 1.5m PVC<\/li>\n<li>\u00b7Anti-ghosting: 61 Teclas<\/li>\n<li>\u00b7Iluminaci\u00f3n: RGB 16 Modos<\/li>\n<li>\u00b7Interfaz: USB 2.0<\/li>\n<\/ul>\n<h5><\/h5>\n<h5><strong>*Las im\u00e1genes son a modo ilustrativo.<\/strong><\/h5>\n","protected":false},"excerpt":{"rendered":"<h3><span style=\"color: #339966;\"><strong>$ 2.790<\/strong><\/span><\/h3>\n","protected":false},"featured_media":40027,"comment_status":"open","ping_status":"closed","template":"","meta":[],"_links":{"self":[{"href":"https:\/\/www.appoloviracel.com.uy\/index.php\/wp-json\/wp\/v2\/product\/40025"}],"collection":[{"href":"https:\/\/www.appoloviracel.com.uy\/index.php\/wp-json\/wp\/v2\/product"}],"about":[{"href":"https:\/\/www.appoloviracel.com.uy\/index.php\/wp-json\/wp\/v2\/types\/product"}],"replies":[{"embeddable":true,"href":"https:\/\/www.appoloviracel.com.uy\/index.php\/wp-json\/wp\/v2\/comments?post=40025"}],"wp:featuredmedia":[{"embeddable":true,"href":"https:\/\/www.appoloviracel.com.uy\/index.php\/wp-json\/wp\/v2\/media\/40027"}],"wp:attachment":[{"href":"https:\/\/www.appoloviracel.com.uy\/index.php\/wp-json\/wp\/v2\/media?parent=40025"}],"curies":[{"name":"wp","href":"https:\/\/api.w.org\/{rel}","templated":true}]}}