{"id":39994,"date":"2023-10-28T12:44:39","date_gmt":"2023-10-28T15:44:39","guid":{"rendered":"https:\/\/www.appoloviracel.com.uy\/?post_type=product&#038;p=39994"},"modified":"2023-12-28T16:21:45","modified_gmt":"2023-12-28T19:21:45","slug":"celular-samsung-galaxy-s23fe-256gb-8gb","status":"publish","type":"product","link":"https:\/\/www.appoloviracel.com.uy\/index.php\/product\/celular-samsung-galaxy-s23fe-256gb-8gb\/","title":{"rendered":"Celular Samsung \u00abGalaxy s23FE\u00bb (256Gb-8Gb)"},"content":{"rendered":"<h2>Caracter\u00edsticas y especificaciones:<\/h2>\n<p>El <strong>Samsung Galaxy S23 FE<\/strong> llega este a\u00f1o con un Snapdragon 8 Gen 1 para USA o un Exynos 2200 para el resto del mundo. El Galaxy S23 FE cuenta con una pantalla AMOLED de 6.4 pulgadas a resoluci\u00f3n FHD+ y tasa de refresco de 120Hz. El procesador est\u00e1 acompa\u00f1ado de 8GB de RAM, con opciones de 128GB o 256GB de almacenamiento interno. La c\u00e1mara principal triple cuenta con un sensor de 50MP, complementada por una c\u00e1mara telefoto de 8MP y una c\u00e1mara ultrawide de 12MP, siendo la c\u00e1mara selfie de 10MP. Una bater\u00eda de 4500 mAh de carga r\u00e1pida alimenta al Samsung Galaxy S23 FE, completando sus caracter\u00edsticas con parlantes stereo, resistencia al polvo y agua, lector de huellas bajo la pantalla, y One UI 5.1 basado en Android 13.<\/p>\n<ul>\n<li>Pantalla: 6.4&#8243;, 1080 * 2340 pixels<\/li>\n<li>Procesador: Snapdragon 8 Gen 1 3GHz \/ Exynos 2200 2.8GHz<\/li>\n<li>RAM: 8GB<\/li>\n<li>Almacenamiento: 256GB<\/li>\n<li>Expansi\u00f3n: sin microSD<\/li>\n<li>C\u00e1mara: Triple, 50MP+12MP+8MP<\/li>\n<li>Bater\u00eda: 4500 mAh<\/li>\n<li>OS: Android 13<\/li>\n<li>4 actualizaciones mayores de OS<\/li>\n<li>Parches seguridad: 5 a\u00f1os<\/li>\n<li>Perfil: 8.2 mm<\/li>\n<li>Peso: 209 grs.<\/li>\n<li>Se incluyen los siguientes accesorios: <strong>Cargador y Manual<\/strong><\/li>\n<li><strong>Garant\u00eda:<\/strong> 12 meses contra defecto de fabricaci\u00f3n<\/li>\n<\/ul>\n<h4><\/h4>\n<h4><span style=\"color: #ff0000;\"><strong>Contado efectivo: 10% de Descuento<\/strong><\/span><\/h4>\n<h5><strong>*Las im\u00e1genes son a modo ilustrativo.<\/strong><\/h5>\n","protected":false},"excerpt":{"rendered":"<h3><span style=\"color: #008000;\"><strong>U$S 869<\/strong><\/span><\/h3>\n","protected":false},"featured_media":39995,"comment_status":"open","ping_status":"closed","template":"","meta":[],"_links":{"self":[{"href":"https:\/\/www.appoloviracel.com.uy\/index.php\/wp-json\/wp\/v2\/product\/39994"}],"collection":[{"href":"https:\/\/www.appoloviracel.com.uy\/index.php\/wp-json\/wp\/v2\/product"}],"about":[{"href":"https:\/\/www.appoloviracel.com.uy\/index.php\/wp-json\/wp\/v2\/types\/product"}],"replies":[{"embeddable":true,"href":"https:\/\/www.appoloviracel.com.uy\/index.php\/wp-json\/wp\/v2\/comments?post=39994"}],"wp:featuredmedia":[{"embeddable":true,"href":"https:\/\/www.appoloviracel.com.uy\/index.php\/wp-json\/wp\/v2\/media\/39995"}],"wp:attachment":[{"href":"https:\/\/www.appoloviracel.com.uy\/index.php\/wp-json\/wp\/v2\/media?parent=39994"}],"curies":[{"name":"wp","href":"https:\/\/api.w.org\/{rel}","templated":true}]}}