{"id":39972,"date":"2023-10-26T16:45:37","date_gmt":"2023-10-26T19:45:37","guid":{"rendered":"https:\/\/www.appoloviracel.com.uy\/?post_type=product&#038;p=39972"},"modified":"2025-04-29T16:20:52","modified_gmt":"2025-04-29T19:20:52","slug":"celular-iphone-15pro-256gb","status":"publish","type":"product","link":"https:\/\/www.appoloviracel.com.uy\/index.php\/product\/celular-iphone-15pro-256gb\/","title":{"rendered":"Celular iPhone \u00ab15Pro\u00bb (256Gb)"},"content":{"rendered":"<h2>Caracter\u00edsticas y especificaciones:<\/h2>\n<h4><span style=\"color: #ff0000;\"><strong>Equipo Nuevo<\/strong><\/span><\/h4>\n<ul>\n<li>FORJADO EN TITANIO \u2014 El iPhone 15 Pro tiene un dise\u00f1o resistente y ligero, con titanio de calidad aeroespacial y parte posterior de vidrio mate texturizado. Frente de Ceramic Shield, m\u00e1s duro que el vidrio m\u00e1s duro de cualquier smartphone. Y resistencia a las salpicaduras, al agua y al polvo.<\/li>\n<li>PANTALLA AVANZADA \u2014 La pantalla Super Retina XDR de 6.1 pulgadas con ProMotion aumenta la frecuencia de actualizaci\u00f3n hasta 120 Hz cuando necesitas el m\u00e1ximo rendimiento gr\u00e1fico. La Dynamic Island muestra alertas y Actividades en Vivo al instante. Y la pantalla siempre activa te permite tener informaci\u00f3n siempre a la vista sin mover un dedo.<\/li>\n<li>REVOLUCIONARIO CHIP A17 PRO \u2014 Con el GPU de nivel pro, los juegos m\u00f3viles son m\u00e1s inmersivos, con escenarios llenos de detalles y personajes m\u00e1s realistas. Y el chip A17 Pro es tan eficiente que la bater\u00eda es capaz de seguirte el ritmo todo el d\u00eda.<\/li>\n<li>SISTEMA DE C\u00c1MARAS PRO \u2014 Multiplica tus opciones de encuadre con 7 lentes pro. Toma fotos en superalta resoluci\u00f3n con m\u00e1s colores y detalles que nunca con la c\u00e1mara gran angular de 48 MP. Y captura primeros planos supern\u00edtidos desde m\u00e1s lejos con la c\u00e1mara teleobjetivo de 3x del iPhone 15 Pro.<\/li>\n<li>BOT\u00d3N DE ACCI\u00d3N PERSONALIZABLE \u2014 El Bot\u00f3n de Acci\u00f3n te lleva volando a tu funcionalidad favorita, como el modo Silencio, C\u00e1mara, Nota de Voz o Atajos. Config\u00faralo con la que quieras usar y mantenlo presionado para que haga su magia.<\/li>\n<li>CONEXIONES MUY PRO \u2014 El nuevo conector USB-C te permite cargar tu Mac o iPad con el mismo cable que usas para cargar el iPhone 15 Pro. Con USB 3, las velocidades de transferencia pisan el acelerador a fondo.4 Y con la conexi\u00f3n Wi Fi 6E, podr\u00e1s descargar archivos hasta el doble de r\u00e1pido.<\/li>\n<li>FUNCIONALIDADES ESENCIALES DE SEGURIDAD\u2014 Con Detecci\u00f3n de Choques, el iPhone puede identificar si sufres un accidente de auto grave y pedir ayuda cuando t\u00fa no puedes.<\/li>\n<li>INNOVACIONES QUE MARCAN LA DIFERENCIA \u2014 El iPhone cuenta con tecnolog\u00edas de privacidad que te ayudan a mantener el control de tus datos. Est\u00e1 fabricado con m\u00e1s materiales reciclados para reducir su impacto medioambiental. Y viene con funcionalidades integradas que lo hacen accesible para todo el mundo.<\/li>\n<\/ul>\n<p>&nbsp;<\/p>\n<ul>\n<li>5G (sub-6 GHz) con MIMO 4*4<\/li>\n<li>Gigabit LTE con MIMO 4*4 y LAA<\/li>\n<li>Wi\u2011Fi 6E (802.11ax) con MIMO 2*2<\/li>\n<li>Bluetooth 5.3.<\/li>\n<li>Chip de banda ultraancha de segunda generaci\u00f3n <sup>8<\/sup><\/li>\n<li>Tecnolog\u00eda de red Thread.<\/li>\n<li>NFC con modo de lectura.<\/li>\n<li>Tarjetas Express con carga de reserva.<\/li>\n<li>Se incluyen los siguientes accesorios: <strong>Cable original y Manual<\/strong><\/li>\n<li><strong>Garant\u00eda:<\/strong> 12 meses contra defecto de fabricaci\u00f3n<\/li>\n<\/ul>\n<h4><\/h4>\n<h4><span style=\"color: #ff0000;\"><strong>Contado efectivo: 10% de Descuento<\/strong><\/span><\/h4>\n<h5><strong>*Las im\u00e1genes son a modo ilustrativo.<\/strong><\/h5>\n","protected":false},"excerpt":{"rendered":"<h3><span style=\"color: #008000;\"><strong>U$S 1.390<\/strong><\/span><\/h3>\n","protected":false},"featured_media":39979,"comment_status":"open","ping_status":"closed","template":"","meta":[],"_links":{"self":[{"href":"https:\/\/www.appoloviracel.com.uy\/index.php\/wp-json\/wp\/v2\/product\/39972"}],"collection":[{"href":"https:\/\/www.appoloviracel.com.uy\/index.php\/wp-json\/wp\/v2\/product"}],"about":[{"href":"https:\/\/www.appoloviracel.com.uy\/index.php\/wp-json\/wp\/v2\/types\/product"}],"replies":[{"embeddable":true,"href":"https:\/\/www.appoloviracel.com.uy\/index.php\/wp-json\/wp\/v2\/comments?post=39972"}],"wp:featuredmedia":[{"embeddable":true,"href":"https:\/\/www.appoloviracel.com.uy\/index.php\/wp-json\/wp\/v2\/media\/39979"}],"wp:attachment":[{"href":"https:\/\/www.appoloviracel.com.uy\/index.php\/wp-json\/wp\/v2\/media?parent=39972"}],"curies":[{"name":"wp","href":"https:\/\/api.w.org\/{rel}","templated":true}]}}