{"id":39957,"date":"2023-10-24T13:13:34","date_gmt":"2023-10-24T16:13:34","guid":{"rendered":"https:\/\/www.appoloviracel.com.uy\/?post_type=product&#038;p=39957"},"modified":"2025-04-26T12:53:35","modified_gmt":"2025-04-26T15:53:35","slug":"auricular-jbl-wave-flex-bluetooth","status":"publish","type":"product","link":"https:\/\/www.appoloviracel.com.uy\/index.php\/product\/auricular-jbl-wave-flex-bluetooth\/","title":{"rendered":"Auricular JBL \u00abWave Flex\u00bb (Bluetooth)"},"content":{"rendered":"<h2>Caracter\u00edsticas y especificaciones:<\/h2>\n<p>Escucha m\u00fasica sin interrupciones todo el d\u00eda con los auriculares True Wireless JBL Wave Flex. Elegantes, sencillos y con audio de alta calidad, estos auriculares ser\u00e1n tus compa\u00f1eros diarios.<\/p>\n<h5>Autonom\u00eda de hasta 32 horas<\/h5>\n<p>Con <strong>8 horas de autonom\u00eda de la bater\u00eda en los auriculares y 24 en el estuche<\/strong>, el JBL Wave Flex proporciona audio durante todo el d\u00eda. Y cuando necesites m\u00e1s potencia, puedes acelerar la carga con <strong>dos horas adicionales de potencia en solo 10 minutos<\/strong>.<\/p>\n<h5>Sonido de graves profundo<\/h5>\n<p>Saca el m\u00e1ximo partido a tus mezclas con<strong> audio de alta calidad<\/strong> de auriculares seguros y fiables con <strong>drivers de 12 mm<\/strong> con sonido JBL Deep Bass.<\/p>\n<h5>Resistente al agua y al polvo<\/h5>\n<p>Ya sea en la playa o en el carril bici, los <strong>auriculares con certificaci\u00f3n IP54 y el estuche de carga IPX2 son resistentes al agua y al polvo<\/strong> para disfrutar de la m\u00fasica durante todo el d\u00eda.<\/p>\n<h5>Manos libres con VoiceAware<\/h5>\n<p>Cuando realizas llamadas est\u00e9reo de manos libres sobre la marcha, Voice Aware te permite <strong>equilibrar la cantidad de tu propia voz<\/strong> que escuchas mientras hablas con los dem\u00e1s.<\/p>\n<h5>Ajuste c\u00f3modo<\/h5>\n<p>El <strong>dise\u00f1o ergon\u00f3mico y con cierre autom\u00e1tico<\/strong> del JBL Wave Flex se ajusta tan c\u00f3modamente que te olvidar\u00e1s de que los llevas puestos. El dise\u00f1o abierto te permite disfrutar de todo el sonido sin bloquear el canal auditivo.<\/p>\n<h5>*<strong>Las im\u00e1genes son a modo ilustrativo.<\/strong><\/h5>\n","protected":false},"excerpt":{"rendered":"<h3><span style=\"color: #008000;\"><strong>$ 3.950<\/strong><\/span><\/h3>\n","protected":false},"featured_media":39958,"comment_status":"open","ping_status":"closed","template":"","meta":[],"_links":{"self":[{"href":"https:\/\/www.appoloviracel.com.uy\/index.php\/wp-json\/wp\/v2\/product\/39957"}],"collection":[{"href":"https:\/\/www.appoloviracel.com.uy\/index.php\/wp-json\/wp\/v2\/product"}],"about":[{"href":"https:\/\/www.appoloviracel.com.uy\/index.php\/wp-json\/wp\/v2\/types\/product"}],"replies":[{"embeddable":true,"href":"https:\/\/www.appoloviracel.com.uy\/index.php\/wp-json\/wp\/v2\/comments?post=39957"}],"wp:featuredmedia":[{"embeddable":true,"href":"https:\/\/www.appoloviracel.com.uy\/index.php\/wp-json\/wp\/v2\/media\/39958"}],"wp:attachment":[{"href":"https:\/\/www.appoloviracel.com.uy\/index.php\/wp-json\/wp\/v2\/media?parent=39957"}],"curies":[{"name":"wp","href":"https:\/\/api.w.org\/{rel}","templated":true}]}}