{"id":3995,"date":"2021-01-22T01:58:58","date_gmt":"2021-01-22T04:58:58","guid":{"rendered":"https:\/\/www.appoloviracel.com.uy\/?post_type=product&#038;p=3995"},"modified":"2021-03-29T21:18:11","modified_gmt":"2021-03-30T00:18:11","slug":"auricular-inalambrico-para-tv","status":"publish","type":"product","link":"https:\/\/www.appoloviracel.com.uy\/index.php\/product\/auricular-inalambrico-para-tv\/","title":{"rendered":"Auricular KST \u00ab900sT\u00bb (Bluetooth para TV)"},"content":{"rendered":"<h4>Caracter\u00edsticas y especificaciones:<\/h4>\n<p>Modelo: KST-900ST<br \/>\nFuente de salida de auriculares: general<br \/>\nDi\u00e1metro del enchufe: 3,5mm<br \/>\nAuriculares inal\u00e1mbricos<br \/>\nRespuesta de frecuencia: 20 ~ 20000Hz<br \/>\nImpedancia: 32 ohmios<br \/>\nSensibilidad: 102dB<br \/>\nDistorsi\u00f3n: 1%<br \/>\nLongitud del Cable: 1,2 m<br \/>\nDi\u00e1metro del altavoz: 40mm<br \/>\nTapones para los o\u00eddos\/orejeras Material: PU<br \/>\nPeso: 500g<br \/>\nColor: gris de hierro<br \/>\nUsos: auriculares de TV, auriculares de videojuego, auriculares de tel\u00e9fono m\u00f3vil, gen\u00e9ricos, auriculares de m\u00fasica, auriculares inal\u00e1mbricos, auriculares de ordenador<\/p>\n<p>Caracter\u00edsticas<br \/>\n1. Auriculares est\u00e9reo inal\u00e1mbricos, resolvemos reducir la distancia.<br \/>\n2. La distancia m\u00e1s lejos que el Bluetooth alcanza los 30m.<br \/>\n3. Uso de auriculares con cable de audio para auriculares con cable.<br \/>\n4. Las emisiones USB son m\u00e1s f\u00e1ciles de ocultar.<br \/>\n5. Conectores de auriculares est\u00e1ndar de 3,5 MM y compatible con una variedad de dispositivos.<br \/>\n6. Fidelidad, altavoces de gran calibre.<br \/>\n7. Aspecto \u00fanico.<br \/>\n8. Fuente de alimentaci\u00f3n: auriculares con bater\u00eda de litio recargable, transmisor alimentado por USB (no disponible con adaptador de corriente, como un cargador de tel\u00e9fono m\u00f3vil)<\/p>\n<p>Precauciones<br \/>\n1. Cuando la radio es pobre, puede tener poca potencia.<br \/>\n2. El lanzamiento USB no puede usar la carga del adaptador de corriente (cargador de tel\u00e9fono m\u00f3vil), el ordenador disponible, la interfaz de TV USB, la energ\u00eda m\u00f3vil para obtener los mejores resultados.<br \/>\n3. Cable USB para conectar el efecto completo de la mejor expansi\u00f3n<br \/>\n4. Cuando se detecta distorsi\u00f3n, el volumen del dispositivo de audio se puede bajar hasta que no tenga distorsi\u00f3n.<br \/>\n5. Cuando el ruido local es demasiado grande, puedes aumentar el volumen del dispositivo de audio.<\/p>\n<h5><strong>*Las im\u00e1genes son a modo ilustrativo.<\/strong><\/h5>\n","protected":false},"excerpt":{"rendered":"<h3><span style=\"color: #339966;\"><strong>$ 1.290<\/strong><\/span><\/h3>\n","protected":false},"featured_media":3996,"comment_status":"open","ping_status":"closed","template":"","meta":[],"_links":{"self":[{"href":"https:\/\/www.appoloviracel.com.uy\/index.php\/wp-json\/wp\/v2\/product\/3995"}],"collection":[{"href":"https:\/\/www.appoloviracel.com.uy\/index.php\/wp-json\/wp\/v2\/product"}],"about":[{"href":"https:\/\/www.appoloviracel.com.uy\/index.php\/wp-json\/wp\/v2\/types\/product"}],"replies":[{"embeddable":true,"href":"https:\/\/www.appoloviracel.com.uy\/index.php\/wp-json\/wp\/v2\/comments?post=3995"}],"wp:featuredmedia":[{"embeddable":true,"href":"https:\/\/www.appoloviracel.com.uy\/index.php\/wp-json\/wp\/v2\/media\/3996"}],"wp:attachment":[{"href":"https:\/\/www.appoloviracel.com.uy\/index.php\/wp-json\/wp\/v2\/media?parent=3995"}],"curies":[{"name":"wp","href":"https:\/\/api.w.org\/{rel}","templated":true}]}}