{"id":39942,"date":"2023-10-22T11:38:43","date_gmt":"2023-10-22T14:38:43","guid":{"rendered":"https:\/\/www.appoloviracel.com.uy\/?post_type=product&#038;p=39942"},"modified":"2023-12-16T22:43:37","modified_gmt":"2023-12-17T01:43:37","slug":"power-bank-usams-us-cd186-pd-20w-con-display-digital","status":"publish","type":"product","link":"https:\/\/www.appoloviracel.com.uy\/index.php\/product\/power-bank-usams-us-cd186-pd-20w-con-display-digital\/","title":{"rendered":"Power Bank USAMS \u00abUS-CD186\u00bb PD 20w con display digital"},"content":{"rendered":"<h2>Caracter\u00edsticas y especificaciones:<\/h2>\n<ul>\n<li><strong>2 puertos + 2 cables, carga 4 dispositivos sincronizados<\/strong><\/li>\n<li><strong>viene con cables de salida tipo c y lightning, que pueden cargar varios modelos<\/strong><\/li>\n<li><strong>el cable tipo-c admite protocolos qc\/scp\/fcp\/afc, carga r\u00e1pida para huawei, para xiaomi, para samsung, para honor y otros modelos de android<\/strong><\/li>\n<li><strong>el puerto usb admite 22.5w de carga r\u00e1pida para huawei, tambi\u00e9n carga r\u00e1pida para otros modelos de android<\/strong><\/li>\n<li><strong>puerto tipo c con cable de carga r\u00e1pida pd, carga r\u00e1pida para iphone<\/strong><\/li>\n<li><strong>el puerto tipo-c admite la carga r\u00e1pida de dos v\u00edas pd, salida de 20w, entrada de 18w, ambos est\u00e1n cargando r\u00e1pido<\/strong><\/li>\n<li><strong>bater\u00eda de litio de pol\u00edmero, establecer la protecci\u00f3n del circuito m\u00faltiple, carga m\u00e1s segura<\/strong><\/li>\n<li><strong>visualizaci\u00f3n digital led, muestra el marcador de entrada\/salida r\u00e1pida y el nivel de la bater\u00eda<\/strong><\/li>\n<li><strong>el cable de carga se puede usar como cord\u00f3n, conveniente para transportar<\/strong><\/li>\n<li><strong>medio tama\u00f1o de un tel\u00e9fono celular, mini y port\u00e1til<\/strong><\/li>\n<\/ul>\n<p><strong>\u00a0<\/strong><\/p>\n<ul>\n<li><strong>Marca: Usams<\/strong><\/li>\n<li><strong>Modelo: US-CD186<\/strong><\/li>\n<li><strong>Material: ABS+PC<\/strong><\/li>\n<li><strong>Capacidad: 10000 Mah<\/strong><\/li>\n<li><strong>Capacidad Nominal: 6000 Mah<\/strong><\/li>\n<li><strong>Tama\u00f1o: 77*90*26 mm<\/strong><\/li>\n<li><strong>Peso: Alrededor de 250 g<\/strong><\/li>\n<li><strong>Entrada de Puerto Tipo c: 5V-3A 9V-2A 12V-1.5A<\/strong><\/li>\n<li><strong>Salida Del Puerto Tipo-c: 5V-3A 9V-2.22A 12V-1.67A<\/strong><\/li>\n<li><strong>Salida Del Puerto Usb: 5V-4.5A 9V-2A 12V-1.5A<\/strong><\/li>\n<li><strong>Salida Del Cable Tipo c: 5V-3A 9V-2A 12V-1.5A<\/strong><\/li>\n<li><strong>Salida Del Cable Del Rayo: 5V-2A<\/strong><\/li>\n<li><strong>Salida Total: 5V-3A<\/strong><\/li>\n<li><strong>Tiempo de Carga (entrada): Aproximadamente 3.5h<\/strong><\/li>\n<li><strong>Bater\u00eda: Bater\u00eda de Li-polymer<\/strong><\/li>\n<li><strong>Compatibilidad: Para Dispositivos Apple\/Android<\/strong><\/li>\n<\/ul>\n<p><strong>\u00a0<\/strong><\/p>\n<h5><strong>*Las im\u00e1genes son a modo ilustrativo.<\/strong><\/h5>\n","protected":false},"excerpt":{"rendered":"<h3><span style=\"color: #008000;\"><strong>$ 1.290<\/strong><\/span><\/h3>\n","protected":false},"featured_media":39943,"comment_status":"open","ping_status":"closed","template":"","meta":[],"_links":{"self":[{"href":"https:\/\/www.appoloviracel.com.uy\/index.php\/wp-json\/wp\/v2\/product\/39942"}],"collection":[{"href":"https:\/\/www.appoloviracel.com.uy\/index.php\/wp-json\/wp\/v2\/product"}],"about":[{"href":"https:\/\/www.appoloviracel.com.uy\/index.php\/wp-json\/wp\/v2\/types\/product"}],"replies":[{"embeddable":true,"href":"https:\/\/www.appoloviracel.com.uy\/index.php\/wp-json\/wp\/v2\/comments?post=39942"}],"wp:featuredmedia":[{"embeddable":true,"href":"https:\/\/www.appoloviracel.com.uy\/index.php\/wp-json\/wp\/v2\/media\/39943"}],"wp:attachment":[{"href":"https:\/\/www.appoloviracel.com.uy\/index.php\/wp-json\/wp\/v2\/media?parent=39942"}],"curies":[{"name":"wp","href":"https:\/\/api.w.org\/{rel}","templated":true}]}}