{"id":39933,"date":"2023-10-21T20:12:51","date_gmt":"2023-10-21T23:12:51","guid":{"rendered":"https:\/\/www.appoloviracel.com.uy\/?post_type=product&#038;p=39933"},"modified":"2023-12-10T13:36:06","modified_gmt":"2023-12-10T16:36:06","slug":"smartwatch-xiaomi-imilab-w01","status":"publish","type":"product","link":"https:\/\/www.appoloviracel.com.uy\/index.php\/product\/smartwatch-xiaomi-imilab-w01\/","title":{"rendered":"Smartwatch Xiaomi \u00abImilab W01\u00bb"},"content":{"rendered":"<h2>Caracter\u00edsticas y especificaciones:<\/h2>\n<p>El reloj inteligente IMILAB W01 m\u00e1s nuevo es un reloj inteligente de fitness \u00fanico que admite m\u00e1s de 70 modos deportivos con una pantalla cuadrada t\u00e1ctil m\u00e1s grande de 1,69 pulgadas. Ofrece un \u00e1rea de visualizaci\u00f3n m\u00e1s grande que una esfera de reloj redonda del mismo ancho, por lo que puede contener m\u00e1s informaci\u00f3n. Adem\u00e1s del control preciso de la frecuencia card\u00edaca, el reloj inteligente IMILAB W01 le permite realizar un seguimiento preciso de los pasos dados en tiempo real, el control de la frecuencia card\u00edaca durante todo el d\u00eda, la distancia recorrida, las calor\u00edas quemadas, la calidad del sue\u00f1o y los patrones de sue\u00f1o. Dentro del cuerpo delgado, la bater\u00eda integrada de 220 mAh proporciona energ\u00eda suficiente para unos 15 d\u00edas y le permite evitar las cargas frecuentes. Con la tecnolog\u00eda de resistencia al agua 3ATM, el reloj inteligente W01 no se da\u00f1ar\u00e1 incluso si se lava las manos, se ba\u00f1a y nada mientras usa el reloj deportivo. Perfecto para satisfacer tus necesidades diarias.<\/p>\n<ul>\n<li><strong>Pantalla cuadrada completamente t\u00e1ctil de 1,69 pulgadas<\/strong><\/li>\n<li><strong>Pantalla de color verdadero<\/strong><\/li>\n<li><strong>M\u00e1s de 70 modos deportivos<\/strong><\/li>\n<li><strong>Monitoreo de SpO2<\/strong><\/li>\n<li><strong>Rastreador biol\u00f3gico de 24 horas<\/strong><\/li>\n<li><strong>Monitoreo de frecuencia card\u00edaca las 24 horas<\/strong><\/li>\n<li><strong>Cuidado femenino<\/strong><\/li>\n<li><strong>Duraci\u00f3n de la bater\u00eda de 15 d\u00edas (Dependiendo de las funciones activas en el dispositivo)<\/strong><\/li>\n<li><strong>Resistencia al agua 3ATM<\/strong><\/li>\n<li><strong>38 g ligero<\/strong><\/li>\n<li><strong>Esferas personalizables y elegantes correas<\/strong><\/li>\n<li><strong>Notificaciones de llamadas y mensajes (No permite responder mensajes desde el smartwatch)<\/strong><\/li>\n<li><strong>Rastreador de sue\u00f1o y despertador <\/strong><\/li>\n<li><strong>Garant\u00eda: 6 meses contra defecto de fabricaci\u00f3n<\/strong><\/li>\n<\/ul>\n<h4><\/h4>\n<h4><span style=\"color: #ff0000;\"><strong>* La garant\u00eda no cubre falla que se pueda dar por un uso intensivo.<\/strong><\/span><\/h4>\n<h5><strong>*Las im\u00e1genes son a modo ilustrativo.<\/strong><\/h5>\n","protected":false},"excerpt":{"rendered":"<h3><span style=\"color: #008000;\"><strong>$ 1.890<\/strong><\/span><\/h3>\n","protected":false},"featured_media":39934,"comment_status":"open","ping_status":"closed","template":"","meta":[],"_links":{"self":[{"href":"https:\/\/www.appoloviracel.com.uy\/index.php\/wp-json\/wp\/v2\/product\/39933"}],"collection":[{"href":"https:\/\/www.appoloviracel.com.uy\/index.php\/wp-json\/wp\/v2\/product"}],"about":[{"href":"https:\/\/www.appoloviracel.com.uy\/index.php\/wp-json\/wp\/v2\/types\/product"}],"replies":[{"embeddable":true,"href":"https:\/\/www.appoloviracel.com.uy\/index.php\/wp-json\/wp\/v2\/comments?post=39933"}],"wp:featuredmedia":[{"embeddable":true,"href":"https:\/\/www.appoloviracel.com.uy\/index.php\/wp-json\/wp\/v2\/media\/39934"}],"wp:attachment":[{"href":"https:\/\/www.appoloviracel.com.uy\/index.php\/wp-json\/wp\/v2\/media?parent=39933"}],"curies":[{"name":"wp","href":"https:\/\/api.w.org\/{rel}","templated":true}]}}