{"id":39922,"date":"2023-10-20T19:28:52","date_gmt":"2023-10-20T22:28:52","guid":{"rendered":"https:\/\/www.appoloviracel.com.uy\/?post_type=product&#038;p=39922"},"modified":"2026-04-21T14:08:34","modified_gmt":"2026-04-21T17:08:34","slug":"auricular-jbl-wave-buds-bluetooth","status":"publish","type":"product","link":"https:\/\/www.appoloviracel.com.uy\/index.php\/product\/auricular-jbl-wave-buds-bluetooth\/","title":{"rendered":"Auricular JBL \u00abWave Buds\u00bb (Bluetooth)"},"content":{"rendered":"<h2>Caracter\u00edsticas y especificaciones:<\/h2>\n<p>Sonido JBL Deep Bass<br \/>\nSaca el m\u00e1ximo partido a tus mezclas con audio de alta calidad de auriculares seguros y fiables con drivers de 8 mm con sonido JBL Deep Bass.<\/p>\n<p>Ajuste c\u00f3modo<br \/>\nEl dise\u00f1o ergon\u00f3mico de los auriculares JBL Wave Buds se ajusta tan c\u00f3modamente que te olvidar\u00e1s de que los llevas puestos. El dise\u00f1o de los auriculares sella suavemente tus o\u00eddos bloqueando los ruidos externos y mejorando el rendimiento de los bajos.<\/p>\n<p>Bater\u00eda de hasta 32 (8h + 24h) horas con carga r\u00e1pida<br \/>\nCon 8 horas de autonom\u00eda de la bater\u00eda en los auriculares y 24 en el estuche, los JBL Wave Buds proporcionan audio durante todo el d\u00eda. Y cuando necesites m\u00e1s potencia, puedes acelerar la carga con dos horas adicionales de potencia en solo 10 minutos.<\/p>\n<p><strong>DETALLES<\/strong><\/p>\n<p>Caracter\u00edsticas generales<br \/>\nEstuche de carga IP Code: IPX2<br \/>\nConductor (mm): 8<br \/>\nN\u00famero de micr\u00f3fonos: 1<\/p>\n<p>Caracter\u00edsticas de control y conexi\u00f3n<br \/>\nVersi\u00f3n Bluetooth: 5.2<br \/>\nPerfiles Bluetooth: A2DP V1.3, AVRCP V1.6, HFP V1.7<br \/>\nRango de frecuencia de transmisi\u00f3n Bluetooth: 2,4 GHz &#8211; 2,4835 GHz<\/p>\n<p>Bater\u00eda<br \/>\nTiempo de carga (horas): 2<br \/>\nTiempo de juego m\u00e1ximo con estuche incluido (horas): 32<\/p>\n<p>Caracter\u00edsticas<br \/>\nResistente al agua: S\u00ed<br \/>\nCertificaci\u00f3n IPX: IP54<br \/>\nCable de carga: S\u00ed<br \/>\nSonido ambiente: S\u00ed<br \/>\nMicr\u00f3fono integrado: S\u00ed<br \/>\nLlamadas con manos libres: S\u00ed<br \/>\nTalkThru: S\u00ed<br \/>\nVerdadero inal\u00e1mbrico: S\u00ed<br \/>\nEstuche de carga: S\u00ed<br \/>\nCarga r\u00e1pida: S\u00ed<br \/>\nBater\u00eda recargable: S\u00ed<br \/>\nBluetooth: S\u00ed<\/p>\n<h5>*<strong>Las im\u00e1genes son a modo ilustrativo.<\/strong><\/h5>\n","protected":false},"excerpt":{"rendered":"<h3><strong><span style=\"color: #008000;\">$ 2990<\/span><\/strong><\/h3>\n","protected":false},"featured_media":39923,"comment_status":"open","ping_status":"closed","template":"","meta":[],"_links":{"self":[{"href":"https:\/\/www.appoloviracel.com.uy\/index.php\/wp-json\/wp\/v2\/product\/39922"}],"collection":[{"href":"https:\/\/www.appoloviracel.com.uy\/index.php\/wp-json\/wp\/v2\/product"}],"about":[{"href":"https:\/\/www.appoloviracel.com.uy\/index.php\/wp-json\/wp\/v2\/types\/product"}],"replies":[{"embeddable":true,"href":"https:\/\/www.appoloviracel.com.uy\/index.php\/wp-json\/wp\/v2\/comments?post=39922"}],"wp:featuredmedia":[{"embeddable":true,"href":"https:\/\/www.appoloviracel.com.uy\/index.php\/wp-json\/wp\/v2\/media\/39923"}],"wp:attachment":[{"href":"https:\/\/www.appoloviracel.com.uy\/index.php\/wp-json\/wp\/v2\/media?parent=39922"}],"curies":[{"name":"wp","href":"https:\/\/api.w.org\/{rel}","templated":true}]}}