{"id":3992,"date":"2021-01-22T01:28:21","date_gmt":"2021-01-22T04:28:21","guid":{"rendered":"https:\/\/www.appoloviracel.com.uy\/?post_type=product&#038;p=3992"},"modified":"2021-03-29T22:09:08","modified_gmt":"2021-03-30T01:09:08","slug":"auricular-wired-stereo-gaming","status":"publish","type":"product","link":"https:\/\/www.appoloviracel.com.uy\/index.php\/product\/auricular-wired-stereo-gaming\/","title":{"rendered":"Auricular Wired (St\u00e9reo-Gaming-Vincha)"},"content":{"rendered":"<h4>Caracter\u00edsticas y especificaciones:<\/h4>\n<ul>\n<li>Auriculares de juego con micr\u00f3fono para ni\u00f1os, ni\u00f1as, ni\u00f1os, adolescentes, hombres y mujeres<\/li>\n<li>Esta es un arma maravillosa para que los jugadores cooperen y comanden entre s\u00ed conectando la red<\/li>\n<li>No se cansar\u00e1 con estos auriculares ajustables despu\u00e9s de jugar mucho tiempo<\/li>\n<li>El micr\u00f3fono del auricular se puede girar en las cuatro direcciones, el ajuste de volumen, el interruptor de silencio, los chats de juegos y los mensajes de voz se pueden operar f\u00e1cilmente con efecto est\u00e9reo<\/li>\n<li>Dise\u00f1o exterior fresco y moderno, la funda de cuero hace que sea c\u00f3modo de llevar<\/li>\n<\/ul>\n<p>&nbsp;<\/p>\n<h5><strong>*Las im\u00e1genes son a modo ilustrativo.<\/strong><\/h5>\n","protected":false},"excerpt":{"rendered":"<h3><span style=\"color: #339966;\"><strong>$ 890<\/strong><\/span><\/h3>\n","protected":false},"featured_media":3993,"comment_status":"open","ping_status":"closed","template":"","meta":[],"_links":{"self":[{"href":"https:\/\/www.appoloviracel.com.uy\/index.php\/wp-json\/wp\/v2\/product\/3992"}],"collection":[{"href":"https:\/\/www.appoloviracel.com.uy\/index.php\/wp-json\/wp\/v2\/product"}],"about":[{"href":"https:\/\/www.appoloviracel.com.uy\/index.php\/wp-json\/wp\/v2\/types\/product"}],"replies":[{"embeddable":true,"href":"https:\/\/www.appoloviracel.com.uy\/index.php\/wp-json\/wp\/v2\/comments?post=3992"}],"wp:featuredmedia":[{"embeddable":true,"href":"https:\/\/www.appoloviracel.com.uy\/index.php\/wp-json\/wp\/v2\/media\/3993"}],"wp:attachment":[{"href":"https:\/\/www.appoloviracel.com.uy\/index.php\/wp-json\/wp\/v2\/media?parent=3992"}],"curies":[{"name":"wp","href":"https:\/\/api.w.org\/{rel}","templated":true}]}}