{"id":39901,"date":"2023-10-15T23:03:14","date_gmt":"2023-10-16T02:03:14","guid":{"rendered":"https:\/\/www.appoloviracel.com.uy\/?post_type=product&#038;p=39901"},"modified":"2026-02-23T11:00:07","modified_gmt":"2026-02-23T14:00:07","slug":"google-chromecast-tv-watch-onn","status":"publish","type":"product","link":"https:\/\/www.appoloviracel.com.uy\/index.php\/product\/google-chromecast-tv-watch-onn\/","title":{"rendered":"Google \u00abChromecast TV\u00bb Watch ONN 4K"},"content":{"rendered":"<h2>Caracter\u00edsticas y especificaciones:<\/h2>\n<ul>\n<li>Resoluci\u00f3n 4K Ultra HD: disfruta de tu televisor con una impresionante resoluci\u00f3n Ultra HD ofrece cuatro veces la resoluci\u00f3n de Full HD para una mayor claridad y detalle<\/li>\n<li>Android TV: con el sistema operativo Android TV tendr\u00e1s acceso al mejor contenido, descarga el infinito de aplicaciones disponibles a trav\u00e9s de Google Play Store<\/li>\n<li>Control remoto de voz: simplemente pulsa el bot\u00f3n Google Assistant y p\u00eddele que encuentre, reproduzca y controle el contenido<\/li>\n<li>Chromecast integrado: transmite f\u00e1cilmente pel\u00edculas, programas y fotos desde tu dispositivo Android o iOS a tu televisor Android<\/li>\n<li>F\u00e1cil instalaci\u00f3n: accede a tu cuenta de Google y configura el dispositivo, idioma y red Wi-Fi<\/li>\n<li>Audio de alta calidad: proporciona un audio n\u00edtido con di\u00e1logo mejorado y mayor volumen para una mezcla de audio m\u00e1s completa<\/li>\n<li>Se conecta al puerto HDMI de tu televisor: se incluye un cable HDMI para que puedas conectar f\u00e1cilmente tu dispositivo de transmisi\u00f3n directamente a tu televisor sin preocupaciones<\/li>\n<\/ul>\n<p><strong>\u00a0<\/strong><\/p>\n<h4><span style=\"color: #ff0000;\"><strong>Garant\u00eda: 6 meses contra desperfectos de f\u00e1brica<\/strong><\/span><\/h4>\n<h5><strong>*Las im\u00e1genes son a modo ilustrativo.<\/strong><\/h5>\n","protected":false},"excerpt":{"rendered":"<p><span style=\"color: #ff0000;\">AGOTADO<\/span><\/p>\n","protected":false},"featured_media":39900,"comment_status":"open","ping_status":"closed","template":"","meta":[],"_links":{"self":[{"href":"https:\/\/www.appoloviracel.com.uy\/index.php\/wp-json\/wp\/v2\/product\/39901"}],"collection":[{"href":"https:\/\/www.appoloviracel.com.uy\/index.php\/wp-json\/wp\/v2\/product"}],"about":[{"href":"https:\/\/www.appoloviracel.com.uy\/index.php\/wp-json\/wp\/v2\/types\/product"}],"replies":[{"embeddable":true,"href":"https:\/\/www.appoloviracel.com.uy\/index.php\/wp-json\/wp\/v2\/comments?post=39901"}],"wp:featuredmedia":[{"embeddable":true,"href":"https:\/\/www.appoloviracel.com.uy\/index.php\/wp-json\/wp\/v2\/media\/39900"}],"wp:attachment":[{"href":"https:\/\/www.appoloviracel.com.uy\/index.php\/wp-json\/wp\/v2\/media?parent=39901"}],"curies":[{"name":"wp","href":"https:\/\/api.w.org\/{rel}","templated":true}]}}