{"id":39871,"date":"2023-09-23T15:12:33","date_gmt":"2023-09-23T18:12:33","guid":{"rendered":"https:\/\/www.appoloviracel.com.uy\/?post_type=product&#038;p=39871"},"modified":"2024-08-28T12:02:00","modified_gmt":"2024-08-28T15:02:00","slug":"tablet-xiaomi-redmi-pad-se-128gb-4gb","status":"publish","type":"product","link":"https:\/\/www.appoloviracel.com.uy\/index.php\/product\/tablet-xiaomi-redmi-pad-se-128gb-4gb\/","title":{"rendered":"Tablet Xiaomi \u00abRedmi PAD SE\u00bb (128Gb-4Gb)"},"content":{"rendered":"<h2>Caracter\u00edsticas y especificaciones:<strong>\u00a0<\/strong><\/h2>\n<p>El <strong>Xiaomi Redmi Pad SE<\/strong> es una de las \u00faltimas tabletas de Xiaomi, con la llegada prevista para el mes de agosto del a\u00f1o 2023. Est\u00e1 dise\u00f1ada para usuarios que quieran un dispositivo de <strong>gama media<\/strong> con caracter\u00edsticas avanzadas en cuanto a hardware, audio y pantalla.<\/p>\n<p>El Redmi Pad SE est\u00e1 fabricado con una <strong>aleaci\u00f3n de aluminio<\/strong>, que le proporciona una estabilidad excepcional. En cuanto al dise\u00f1o, ocupa el <strong>82,1%<\/strong> del \u00e1rea total disponible, un porcentaje que lo hace ideal para un manejo c\u00f3modo. La pantalla es un LCD IPS de 11,00 pulgadas con una resoluci\u00f3n 1920X1200 (FHD) y una tasa de refresco de 90 Hz, permitiendo disfrutar de contenido con una calidad superior. Adem\u00e1s, cuenta con un brillo de 400 cd\/m2 (t\u00edpico) y un ratio de contraste de 1500:1.<\/p>\n<ul>\n<li>Pantalla: MULTIT\u00c1CTIL IPS LCD de 11 pulgadas a 90 Hz con resoluci\u00f3n de 1.200 x 1.920 p\u00edxeles y brillo de 400 nits.<\/li>\n<li>Procesador: 8 CORE (4 x 2,4 GHz, Kryo 265 Gold \/ 4 x 1,9 GHz, Kryo 265 Silver).<\/li>\n<li>Sistema Operativo: ANDROID 13 con la capa de personalizaci\u00f3n MIUI 14<\/li>\n<li>Dimensiones: 255.5 * 167.1 * 7.4 mm<\/li>\n<li>Peso: 478 gramos<\/li>\n<li>Memoria RAM: 4 GB.<\/li>\n<li>Memoria ROM: 128 GB.<\/li>\n<li>C\u00e1mara Principal Imagen: 8 MP, f\/2.0, (gran angular), AF.<\/li>\n<li>C\u00e1mara Principal Video: 1080p a 30 fps.<\/li>\n<li>C\u00e1mara Selfie Imagen: 5 MP, f\/2.2, (ultrawide gran angular).<\/li>\n<li>Conectividad: WIFI 802,11 a\/b\/g\/n\/ac, Bluetooth 5.5. USB-C (OTG)<\/li>\n<li>Puertos: USB C x 1, 3,5 mm x 1.<\/li>\n<li>Sensores: Aceler\u00f3metro, Proximidad.<\/li>\n<li>Bater\u00eda: LI-PO 8000 mAh.<\/li>\n<li>Otros: Cuatro altavoces con Dolby Atmo<\/li>\n<li>Se incluyen los siguientes accesorios: <strong>Cargador y Manual<\/strong><\/li>\n<li><strong>Garant\u00eda:<\/strong> 12 meses contra defecto de fabricaci\u00f3n<\/li>\n<\/ul>\n<h4><\/h4>\n<h4><span style=\"color: #ff0000;\"><strong>Contado efectivo: 10% de Descuento<\/strong><\/span><\/h4>\n<h5><strong>*Las im\u00e1genes son a modo ilustrativo.<\/strong><\/h5>\n","protected":false},"excerpt":{"rendered":"<h3><strong><span style=\"font-family: 'Cambria','serif'; color: green;\">U$S 229<\/span><\/strong><\/h3>\n","protected":false},"featured_media":39872,"comment_status":"open","ping_status":"closed","template":"","meta":[],"_links":{"self":[{"href":"https:\/\/www.appoloviracel.com.uy\/index.php\/wp-json\/wp\/v2\/product\/39871"}],"collection":[{"href":"https:\/\/www.appoloviracel.com.uy\/index.php\/wp-json\/wp\/v2\/product"}],"about":[{"href":"https:\/\/www.appoloviracel.com.uy\/index.php\/wp-json\/wp\/v2\/types\/product"}],"replies":[{"embeddable":true,"href":"https:\/\/www.appoloviracel.com.uy\/index.php\/wp-json\/wp\/v2\/comments?post=39871"}],"wp:featuredmedia":[{"embeddable":true,"href":"https:\/\/www.appoloviracel.com.uy\/index.php\/wp-json\/wp\/v2\/media\/39872"}],"wp:attachment":[{"href":"https:\/\/www.appoloviracel.com.uy\/index.php\/wp-json\/wp\/v2\/media?parent=39871"}],"curies":[{"name":"wp","href":"https:\/\/api.w.org\/{rel}","templated":true}]}}