{"id":39861,"date":"2023-09-21T12:27:31","date_gmt":"2023-09-21T15:27:31","guid":{"rendered":"https:\/\/www.appoloviracel.com.uy\/?post_type=product&#038;p=39861"},"modified":"2026-03-14T10:50:29","modified_gmt":"2026-03-14T13:50:29","slug":"auricular-jbl-tune-520bt-bluetooth","status":"publish","type":"product","link":"https:\/\/www.appoloviracel.com.uy\/index.php\/product\/auricular-jbl-tune-520bt-bluetooth\/","title":{"rendered":"Auricular JBL \u00abTune 520BT\u00bb (Bluetooth)"},"content":{"rendered":"<h2>Caracter\u00edsticas y especificaciones:<\/h2>\n<ul>\n<li>Sonido de alta calidad y graves potentes: los auriculares Tune 520BT con Bluetooth 5,3 inal\u00e1mbrico ofrecen el potente sonido JBL Pure Bass que puedes escuchar en las discotecas m\u00e1s famosas del mundo<\/li>\n<li>Diversi\u00f3n duradera JBL: escucha de forma inal\u00e1mbrica hasta 57 horas y recarga la bater\u00eda en tan solo 2 horas, o rec\u00e1rgala tan solo 5 minutos para 3 horas adicionales de m\u00fasica<\/li>\n<li>Dise\u00f1o ligero, c\u00f3modo y plegable: los materiales ligeros y las suaves almohadillas hacen que los auriculares sean c\u00f3modos de llevar y podr\u00e1s llevarlos durante todo el tiempo que necesites<\/li>\n<li>JBL Headphones App: personaliza tu experiencia y adapta el sonido a tu gusto con el ecualizador, Adem\u00e1s, tambi\u00e9n puedes escuchar tu voz mientras hablas gracias a Voice Aware.<\/li>\n<\/ul>\n<p><strong>\u00a0<\/strong><\/p>\n<h5><strong>*Las im\u00e1genes son a modo ilustrativo.<\/strong><\/h5>\n<p>&nbsp;<\/p>\n","protected":false},"excerpt":{"rendered":"<h3><span style=\"color: #339966;\"><strong>$ 2.290<\/strong><\/span><\/h3>\n","protected":false},"featured_media":39862,"comment_status":"open","ping_status":"closed","template":"","meta":[],"_links":{"self":[{"href":"https:\/\/www.appoloviracel.com.uy\/index.php\/wp-json\/wp\/v2\/product\/39861"}],"collection":[{"href":"https:\/\/www.appoloviracel.com.uy\/index.php\/wp-json\/wp\/v2\/product"}],"about":[{"href":"https:\/\/www.appoloviracel.com.uy\/index.php\/wp-json\/wp\/v2\/types\/product"}],"replies":[{"embeddable":true,"href":"https:\/\/www.appoloviracel.com.uy\/index.php\/wp-json\/wp\/v2\/comments?post=39861"}],"wp:featuredmedia":[{"embeddable":true,"href":"https:\/\/www.appoloviracel.com.uy\/index.php\/wp-json\/wp\/v2\/media\/39862"}],"wp:attachment":[{"href":"https:\/\/www.appoloviracel.com.uy\/index.php\/wp-json\/wp\/v2\/media?parent=39861"}],"curies":[{"name":"wp","href":"https:\/\/api.w.org\/{rel}","templated":true}]}}