{"id":39850,"date":"2023-09-20T18:07:08","date_gmt":"2023-09-20T21:07:08","guid":{"rendered":"https:\/\/www.appoloviracel.com.uy\/?post_type=product&#038;p=39850"},"modified":"2023-11-17T12:28:49","modified_gmt":"2023-11-17T15:28:49","slug":"parlante-jbl-win3-para-bici-moto-bluetooth","status":"publish","type":"product","link":"https:\/\/www.appoloviracel.com.uy\/index.php\/product\/parlante-jbl-win3-para-bici-moto-bluetooth\/","title":{"rendered":"Parlante JBL \u00abWin3\u00bb para Bici-Moto (Bluetooth)"},"content":{"rendered":"<h2>\u00a0Caracter\u00edsticas y especificaciones:<\/h2>\n<ul>\n<li>Soporte de muelle\/manillar: permite acoplar\/desacoplar sin esfuerzo en el soporte de montaje incluido, dise\u00f1ado espec\u00edficamente para manillar de bicicleta y motocicleta.<\/li>\n<li>Dos modos de ecualizaci\u00f3n diferentes: modo &#8216;Sport&#8217; para exteriores; &#8216;Bass&#8217; para interiores.<\/li>\n<li>M\u00faltiples fuentes de reproducci\u00f3n: Bluetooth, radio FM, TF\/Micro SD, entrada AUX. Te permite elegir libremente tu fuente de escucha favorita.<\/li>\n<li>Pantalla LED: f\u00e1cil de leer, hace que su conducci\u00f3n y excursi\u00f3n sean m\u00e1s convenientes y seguros. IP67 impermeable y a prueba de polvo: le da el privilegio de llevar su altavoz a cualquier lugar.<\/li>\n<li>Llamada telef\u00f3nica manos libres: llamadas manos libres sobre la marcha con micr\u00f3fono incorporado.<\/li>\n<\/ul>\n<p>&nbsp;<\/p>\n<ul>\n<li>Manos libres.<\/li>\n<li>Incluye soporte.<\/li>\n<li>Viene con un micr\u00f3fono de accesorio.<\/li>\n<li>Apto para uso en exteriores.<\/li>\n<li>Es a prueba de agua.<\/li>\n<li>Con conectividad bluetooth.<\/li>\n<li>Bater\u00eda recargable y cargador incluido.<\/li>\n<li>Potencia de 3W.<\/li>\n<li>Dimensiones: 4.2cm de ancho, 9cm de alto y 8cm de espesor.<\/li>\n<li>Cuenta con micr\u00f3fono interno.<\/li>\n<li>Incluye sintonizador de radio.<\/li>\n<li>Ideal para escuchar tu m\u00fasica preferida.<\/li>\n<li>La duraci\u00f3n de la bater\u00eda depende del uso que se le de al producto.<\/li>\n<\/ul>\n<h5><\/h5>\n<h5><strong>*Las im\u00e1genes son a modo ilustrativo.<\/strong><\/h5>\n","protected":false},"excerpt":{"rendered":"<h3><strong><span style=\"color: #339966;\">$ 2.850<\/span> <\/strong><\/h3>\n","protected":false},"featured_media":39851,"comment_status":"open","ping_status":"closed","template":"","meta":[],"_links":{"self":[{"href":"https:\/\/www.appoloviracel.com.uy\/index.php\/wp-json\/wp\/v2\/product\/39850"}],"collection":[{"href":"https:\/\/www.appoloviracel.com.uy\/index.php\/wp-json\/wp\/v2\/product"}],"about":[{"href":"https:\/\/www.appoloviracel.com.uy\/index.php\/wp-json\/wp\/v2\/types\/product"}],"replies":[{"embeddable":true,"href":"https:\/\/www.appoloviracel.com.uy\/index.php\/wp-json\/wp\/v2\/comments?post=39850"}],"wp:featuredmedia":[{"embeddable":true,"href":"https:\/\/www.appoloviracel.com.uy\/index.php\/wp-json\/wp\/v2\/media\/39851"}],"wp:attachment":[{"href":"https:\/\/www.appoloviracel.com.uy\/index.php\/wp-json\/wp\/v2\/media?parent=39850"}],"curies":[{"name":"wp","href":"https:\/\/api.w.org\/{rel}","templated":true}]}}