{"id":39827,"date":"2023-08-21T22:32:52","date_gmt":"2023-08-22T01:32:52","guid":{"rendered":"https:\/\/www.appoloviracel.com.uy\/?post_type=product&#038;p=39827"},"modified":"2023-10-29T23:12:18","modified_gmt":"2023-10-30T02:12:18","slug":"teclado-meetion-wk841-wireless","status":"publish","type":"product","link":"https:\/\/www.appoloviracel.com.uy\/index.php\/product\/teclado-meetion-wk841-wireless\/","title":{"rendered":"Teclado Meetion \u00abWK841\u00bb Wireless"},"content":{"rendered":"<h2>Caracter\u00edsticas y especificaciones:<\/h2>\n<ul>\n<li>Marca: Meetion<\/li>\n<li>Modelo: MT-WK841 Dise\u00f1o del teclado: ESN \/ ARA<\/li>\n<li>Tecnolog\u00eda inal\u00e1mbrica eficiente de energ\u00eda<\/li>\n<li>Receptor nano USB 2.4 GHz<\/li>\n<li>Alcance de cobertura hasta 10m.<\/li>\n<li>Teclado est\u00e1ndar: 104 teclas<\/li>\n<li>Alcance de cobertura hasta 10m<\/li>\n<li>Con teclado num\u00e9rico y teclas multimedia<\/li>\n<li>Teclas tipo chocolate: para una escritura sin esfuerzo<\/li>\n<li>C\u00f3moda, silenciosa y precisa pulsaci\u00f3n de tecla<\/li>\n<li>Recubrimiento UV<\/li>\n<li>Botones multimedia de silicona<\/li>\n<li>Compatible con Windows 2000 \/ XP \/ 7\/8\/10 \/ Vista<\/li>\n<li>Plug and Play<\/li>\n<li>Dise\u00f1o ergon\u00f3mico<\/li>\n<li>Interfaz: USB<\/li>\n<li>Dimensiones: 438 * 134 * 25 mm<\/li>\n<li>Peso: 372 \u00b1 5 g<\/li>\n<li>Teclado inal\u00e1mbrico \u00e1rabe de chocolate WK841<\/li>\n<li>Tapas extrafinas de chocolate, letra UV indeleble.<\/li>\n<\/ul>\n<p>&nbsp;<\/p>\n<h5><strong>*Las im\u00e1genes son a modo ilustrativo.<\/strong><\/h5>\n","protected":false},"excerpt":{"rendered":"<h3><span style=\"color: #339966;\"><strong>$ 690<\/strong><\/span><\/h3>\n","protected":false},"featured_media":39829,"comment_status":"open","ping_status":"closed","template":"","meta":[],"_links":{"self":[{"href":"https:\/\/www.appoloviracel.com.uy\/index.php\/wp-json\/wp\/v2\/product\/39827"}],"collection":[{"href":"https:\/\/www.appoloviracel.com.uy\/index.php\/wp-json\/wp\/v2\/product"}],"about":[{"href":"https:\/\/www.appoloviracel.com.uy\/index.php\/wp-json\/wp\/v2\/types\/product"}],"replies":[{"embeddable":true,"href":"https:\/\/www.appoloviracel.com.uy\/index.php\/wp-json\/wp\/v2\/comments?post=39827"}],"wp:featuredmedia":[{"embeddable":true,"href":"https:\/\/www.appoloviracel.com.uy\/index.php\/wp-json\/wp\/v2\/media\/39829"}],"wp:attachment":[{"href":"https:\/\/www.appoloviracel.com.uy\/index.php\/wp-json\/wp\/v2\/media?parent=39827"}],"curies":[{"name":"wp","href":"https:\/\/api.w.org\/{rel}","templated":true}]}}