{"id":39820,"date":"2023-08-17T14:31:35","date_gmt":"2023-08-17T17:31:35","guid":{"rendered":"https:\/\/www.appoloviracel.com.uy\/?post_type=product&#038;p=39820"},"modified":"2025-09-19T16:57:23","modified_gmt":"2025-09-19T19:57:23","slug":"combo-logitech-mk220-mouse-y-teclado-inalambrico","status":"publish","type":"product","link":"https:\/\/www.appoloviracel.com.uy\/index.php\/product\/combo-logitech-mk220-mouse-y-teclado-inalambrico\/","title":{"rendered":"Combo Logitech \u00abMK220\u00bb Mouse y Teclado inal\u00e1mbrico"},"content":{"rendered":"<h2>Caracter\u00edsticas y especificaciones:<\/h2>\n<ul>\n<li>Combo de Teclado y Mouse LOGITECH MK220 + receptor USB<\/li>\n<li>Teclado: interfaz RF inal\u00e1mbrico, dise\u00f1o Qwerty, espa\u00f1ol, formato mini, frecuencia 2.4 Ghz, color negro, Plug and Play, alcance 10 metros. El teclado compacto es un 36% m\u00e1s peque\u00f1o que los teclados normales, pero conserva todas las teclas est\u00e1ndar por lo que hacer lo que le gusta resulta m\u00e1s f\u00e1cil que nunca, dise\u00f1o elegante y minimalista<\/li>\n<li>Receptor USB incluido<\/li>\n<li>Mouse: Rueda de desplazamiento, direcci\u00f3n de desplazamiento vertical, color negro y gris<\/li>\n<li>Compatible con Windows, Chome OS y MAC (Sistema operativo Windows soportado Windows 7 Home Premium, Windows 7 Home Premium x64, Windows 7 Professional, Windows 7 Professional x64, Windows 7 Starter, Windows 7 Starter x64, Windows 7 Ultimate, Windows 7 Ultimate x64, Windows Vista Business, Windows Vista Business x64, Windows Vista Home Basic, Windows Vista Home Basic x64, Windows Vista Home Premium, Windows Vista Home Premium x64, Windows Vista Ultimate, Windows Vista Ultimate x64, Windows XP Home, Windows XP Home x64, Windows XP Professional, Windows XP Professional x64)- Alcance: hasta 10 metros.<\/li>\n<li>El kit contiene: 1 Mouse M150 + 1 Teclado K220 + 2 pilas AA + 2 pilas AAA + Manual de Usuario + Nano receptor<\/li>\n<li>Tecnolog\u00eda avanzada inal\u00e1mbrica de 2.4 Ghz<\/li>\n<li>Idioma Espa\u00f1ol (cuenta con caracteres especiales)<\/li>\n<\/ul>\n<h5><\/h5>\n<h5><strong>*Las im\u00e1genes son a modo ilustrativo.<\/strong><\/h5>\n","protected":false},"excerpt":{"rendered":"<h3><span style=\"color: #339966;\"><strong>$ 1.390<\/strong><\/span><\/h3>\n","protected":false},"featured_media":39821,"comment_status":"open","ping_status":"closed","template":"","meta":[],"_links":{"self":[{"href":"https:\/\/www.appoloviracel.com.uy\/index.php\/wp-json\/wp\/v2\/product\/39820"}],"collection":[{"href":"https:\/\/www.appoloviracel.com.uy\/index.php\/wp-json\/wp\/v2\/product"}],"about":[{"href":"https:\/\/www.appoloviracel.com.uy\/index.php\/wp-json\/wp\/v2\/types\/product"}],"replies":[{"embeddable":true,"href":"https:\/\/www.appoloviracel.com.uy\/index.php\/wp-json\/wp\/v2\/comments?post=39820"}],"wp:featuredmedia":[{"embeddable":true,"href":"https:\/\/www.appoloviracel.com.uy\/index.php\/wp-json\/wp\/v2\/media\/39821"}],"wp:attachment":[{"href":"https:\/\/www.appoloviracel.com.uy\/index.php\/wp-json\/wp\/v2\/media?parent=39820"}],"curies":[{"name":"wp","href":"https:\/\/api.w.org\/{rel}","templated":true}]}}