{"id":39801,"date":"2023-08-16T21:42:38","date_gmt":"2023-08-17T00:42:38","guid":{"rendered":"https:\/\/www.appoloviracel.com.uy\/?post_type=product&#038;p=39801"},"modified":"2023-10-26T17:08:20","modified_gmt":"2023-10-26T20:08:20","slug":"auricular-qcy-h2-pro-bluetooth","status":"publish","type":"product","link":"https:\/\/www.appoloviracel.com.uy\/index.php\/product\/auricular-qcy-h2-pro-bluetooth\/","title":{"rendered":"Auricular QCY \u00abH2 Pro\u00bb (Bluetooth)"},"content":{"rendered":"<h2>Caracter\u00edsticas y especificaciones:<\/h2>\n<p>Este auricular dispone de conectividad Bluetooth 5.3, lo que te permite emparejarlo f\u00e1cilmente con una amplia gama de dispositivos, como tel\u00e9fonos inteligentes, tabletas y computadoras. Esto garantiza una conexi\u00f3n estable y sin interrupciones para disfrutar de m\u00fasicas, llamadas telef\u00f3nicas y otros contenidos de manera inal\u00e1mbrica. Con una sola carga, puedes disfrutar de hasta 60 horas de reproducci\u00f3n continua de m\u00fasica o llamadas telef\u00f3nicas. Adem\u00e1s, incluye conectividad auxiliar para mayor conveniencia.<\/p>\n<ul>\n<li><strong>Modelo:<\/strong> H2 Pro.<\/li>\n<li><strong>Color:<\/strong> Negro y Blanco.<\/li>\n<li><strong>Dise\u00f1o:<\/strong> Compacto y ergon\u00f3mico.<\/li>\n<li><strong>Di\u00e1metro del driver:<\/strong> 40 mm.<\/li>\n<li><strong>Autonom\u00eda:<\/strong> 60 horas aprox.<\/li>\n<li><strong>Conectividad:<\/strong> Bluetooth 5.3 y Jack 3.5 mm.<\/li>\n<\/ul>\n<h5><\/h5>\n<h5><strong>*Las im\u00e1genes son a modo ilustrativo<\/strong><\/h5>\n","protected":false},"excerpt":{"rendered":"<h3><span style=\"color: #339966;\"><strong>$ 1.490<\/strong><\/span><\/h3>\n","protected":false},"featured_media":39802,"comment_status":"open","ping_status":"closed","template":"","meta":[],"_links":{"self":[{"href":"https:\/\/www.appoloviracel.com.uy\/index.php\/wp-json\/wp\/v2\/product\/39801"}],"collection":[{"href":"https:\/\/www.appoloviracel.com.uy\/index.php\/wp-json\/wp\/v2\/product"}],"about":[{"href":"https:\/\/www.appoloviracel.com.uy\/index.php\/wp-json\/wp\/v2\/types\/product"}],"replies":[{"embeddable":true,"href":"https:\/\/www.appoloviracel.com.uy\/index.php\/wp-json\/wp\/v2\/comments?post=39801"}],"wp:featuredmedia":[{"embeddable":true,"href":"https:\/\/www.appoloviracel.com.uy\/index.php\/wp-json\/wp\/v2\/media\/39802"}],"wp:attachment":[{"href":"https:\/\/www.appoloviracel.com.uy\/index.php\/wp-json\/wp\/v2\/media?parent=39801"}],"curies":[{"name":"wp","href":"https:\/\/api.w.org\/{rel}","templated":true}]}}