{"id":39782,"date":"2023-07-29T17:09:33","date_gmt":"2023-07-29T20:09:33","guid":{"rendered":"https:\/\/www.appoloviracel.com.uy\/?post_type=product&#038;p=39782"},"modified":"2025-09-20T22:55:46","modified_gmt":"2025-09-21T01:55:46","slug":"tablet-samsung-galaxy-tab-a-4g-lte-64gb-4gb","status":"publish","type":"product","link":"https:\/\/www.appoloviracel.com.uy\/index.php\/product\/tablet-samsung-galaxy-tab-a-4g-lte-64gb-4gb\/","title":{"rendered":"Tablet Samsung \u00abGalaxy Tab A8\u00bb 4G LTE (64Gb-4Gb)"},"content":{"rendered":"<h2>Caracter\u00edsticas y especificaciones:<\/h2>\n<h4>Una visi\u00f3n m\u00e1s amplia de un mundo m\u00e1s grande<\/h4>\n<p data-font-size-pc=\"18\" data-font-size-mo=\"12\">Una tableta con pantalla de 10,5&#8243; de ancho, completa con bisel sim\u00e9trico de tan solo 10,2\u00a0mm, para estar totalmente inmerso en tu pantalla. Explora todo f\u00e1cilmente: desde pel\u00edculas \u00e9picas hasta tutoriales sobre tus pasatiempos. La Galaxy Tab A8 te invita a un mundo m\u00e1s grande a trav\u00e9s de una visi\u00f3n m\u00e1s amplia.<\/p>\n<h4 data-font-size-pc=\"48\" data-font-size-mo=\"30\">Cl\u00e1sica y contempor\u00e1nea<\/h4>\n<p data-font-size-pc=\"18\" data-font-size-mo=\"12\">La Galaxy Tab A8 posee un toque de frescura y diversi\u00f3n con un aspecto siempre vibrante y novedoso. El elegante cuerpo met\u00e1lico con un perfil ultradelgado de tan solo 6,9\u00a0mm ofrece el dise\u00f1o caracter\u00edstico de las tabletas Samsung en color Gris, Plateado y Oro rosado para resaltar su encanto natural.<\/p>\n<h4 data-font-size-pc=\"48\" data-font-size-mo=\"30\">Sum\u00e9rgete en sonidos din\u00e1micos<\/h4>\n<p data-font-size-pc=\"18\" data-font-size-mo=\"12\">Mejora tu experiencia de entretenimiento gracias a los cuatro altavoces con sonido envolvente Dolby Atmos\u00ae que revelan cada detalle del audio con una claridad y profundidad excepcionales. Dise\u00f1ada para ofrecer una experiencia envolvente en todo momento, la Galaxy Tab A8 te har\u00e1 descubrir un mundo lleno de contenido, juegos y actividades que hasta los m\u00e1s j\u00f3venes adoran.<\/p>\n<h4 data-font-size-mo=\"30\" data-font-size-pc=\"48\">Eleva tu capacidad y energ\u00eda<\/h4>\n<p data-font-size-mo=\"12\" data-font-size-pc=\"18\">La Galaxy Tab A8 cuenta con procesador de ocho n\u00facleos y hasta 4\u00a0GB de RAM y 128\u00a0GB de almacenamiento interno para afrontar el pr\u00f3ximo reto sin disminuir la velocidad ni agotar la bater\u00eda. Adem\u00e1s, puedes aumentar la capacidad con una tarjeta MicroSD de hasta 1\u00a0TB y contar con el respaldo de una bater\u00eda de 7040\u00a0mAh (uso t\u00edpico) y la carga r\u00e1pida de 15\u00a0V.<\/p>\n<h4 data-font-size-pc=\"48\" data-font-size-mo=\"30\">Abundante, accesible y a tu alcance<\/h4>\n<p data-font-size-pc=\"18\" data-font-size-mo=\"12\">Con Samsung TV Plus, la Galaxy Tab A8 ofrece televisi\u00f3n instant\u00e1nea y gratuita en cualquier momento y lugar. Disfruta de miles de horas de noticias, deportes, pel\u00edculas, una gran variedad de contenidos infantiles y mucho m\u00e1s. Solo tienes que abrir la aplicaci\u00f3n Samsung TV Plus y utilizar la GU\u00cdA para ver el contenido que est\u00e1 disponible ahora y lo que vendr\u00e1 a continuaci\u00f3n.<\/p>\n<h4 data-font-size-pc=\"48\" data-font-size-mo=\"30\">Grabador de pantalla para registrar tus clases<\/h4>\n<p data-font-size-pc=\"18\" data-font-size-mo=\"12\">La funci\u00f3n Grabador de pantalla de la Galaxy Tab A8 te permite grabar una clase en l\u00ednea de manera simple. Mant\u00e9n la atenci\u00f3n durante toda la sesi\u00f3n sin nada que te evite tomar nota de lo m\u00e1s importante. Eso es todo. Tu clase en l\u00ednea estar\u00e1 lista para que la veas cuando quieras.<\/p>\n<h4 data-font-size-pc=\"48\" data-font-size-mo=\"30\">Mant\u00e9n a tu hijo entretenido y a salvo con Samsung Kids<\/h4>\n<p data-font-size-pc=\"18\" data-font-size-mo=\"12\">Samsung Kids est\u00e1 lleno de actividades divertidas que animan a los ni\u00f1os a aprender y presenta un entorno seguro para que tu hijo explore y se conecte con el mundo. El control parental mejorado te permite poner l\u00edmites al tiempo de juego, darle acceso a determinadas aplicaciones y ver sus actividades.<\/p>\n<h4 data-font-size-mo=\"30\" data-font-size-pc=\"48\">Haz m\u00e1s cosas de distintas maneras<\/h4>\n<p data-font-size-mo=\"12\" data-font-size-pc=\"18\">Aprovecha al m\u00e1ximo la experiencia mejorada de las m\u00faltiples ventanas de Samsung. En la Galaxy Tab A8, puedes dividir la pantalla por la mitad y hacer dos cosas a la vez. Puedes ajustar el enfoque de la ventana seg\u00fan sea necesario con un simple movimiento de arrastrar y soltar, compartir contenido entre aplicaciones e incluso arrastrar y soltar una notificaci\u00f3n.<\/p>\n<h4 data-font-size-mo=\"30\" data-font-size-pc=\"48\">Mantente a salvo con Samsung Knox<\/h4>\n<p data-font-size-mo=\"12\" data-font-size-pc=\"18\">Empezando por el nivel de hardware, Samsung Knox bloquea las intrusiones. Evita, en tiempo real, que el n\u00facleo que sirve de cerebro del dispositivo se vea comprometido. Esta plataforma de varias capas de \u00faltima generaci\u00f3n inspecciona constantemente el n\u00facleo del software y verifica la integridad del dispositivo.<\/p>\n<ul>\n<li>64Gb\/LTE<\/li>\n<li>4Gb\/LTE (Cat.4)<\/li>\n<li>Procesador Quad Core de 64Bits<\/li>\n<li>Pantalla de 203.1mm (8.0\u201d) WXGA TFT<\/li>\n<li>C\u00e1mara de 8MP AF + 2MP<\/li>\n<li>Memoria de 4Gb (RAM) + Memoria de 64Gb (ROM)<\/li>\n<li>5,100mAh (t\u00edpico) \u2013 La capacidad nominal es menor<\/li>\n<li>Peso: 347grs.<\/li>\n<li>Dimensiones: 210 * 124,4 * 8 mm<\/li>\n<li>Se incluyen los siguientes accesorios: <strong>Cargador y Manual<\/strong><\/li>\n<li><strong>Garant\u00eda:<\/strong> 12 meses contra defecto de fabricaci\u00f3n<\/li>\n<\/ul>\n<p>&nbsp;<\/p>\n<h4><span style=\"color: #ff0000;\"><strong>Contado efectivo: 10% de Descuento<\/strong><\/span><\/h4>\n<h5><strong>*Las im\u00e1genes son a modo ilustrativo.<\/strong><\/h5>\n","protected":false},"excerpt":{"rendered":"<h3><span style=\"color: #339966;\"><strong>U$S 369<\/strong><\/span><\/h3>\n","protected":false},"featured_media":39783,"comment_status":"open","ping_status":"closed","template":"","meta":[],"_links":{"self":[{"href":"https:\/\/www.appoloviracel.com.uy\/index.php\/wp-json\/wp\/v2\/product\/39782"}],"collection":[{"href":"https:\/\/www.appoloviracel.com.uy\/index.php\/wp-json\/wp\/v2\/product"}],"about":[{"href":"https:\/\/www.appoloviracel.com.uy\/index.php\/wp-json\/wp\/v2\/types\/product"}],"replies":[{"embeddable":true,"href":"https:\/\/www.appoloviracel.com.uy\/index.php\/wp-json\/wp\/v2\/comments?post=39782"}],"wp:featuredmedia":[{"embeddable":true,"href":"https:\/\/www.appoloviracel.com.uy\/index.php\/wp-json\/wp\/v2\/media\/39783"}],"wp:attachment":[{"href":"https:\/\/www.appoloviracel.com.uy\/index.php\/wp-json\/wp\/v2\/media?parent=39782"}],"curies":[{"name":"wp","href":"https:\/\/api.w.org\/{rel}","templated":true}]}}