{"id":39765,"date":"2023-07-15T17:05:44","date_gmt":"2023-07-15T20:05:44","guid":{"rendered":"https:\/\/www.appoloviracel.com.uy\/?post_type=product&#038;p=39765"},"modified":"2023-10-23T16:23:10","modified_gmt":"2023-10-23T19:23:10","slug":"smartwatch-xiaomi-mibro-whatch-a1","status":"publish","type":"product","link":"https:\/\/www.appoloviracel.com.uy\/index.php\/product\/smartwatch-xiaomi-mibro-whatch-a1\/","title":{"rendered":"Smartwatch Xiaomi \u00abMibro Whatch A1\u00bb"},"content":{"rendered":"<h2>Caracter\u00edsticas y especificaciones:<\/h2>\n<h6>Mibro Watch A1, Negro, 1.28\u201d, 20 modos deportivos, sumergible 5 ATM<\/h6>\n<p>Pantalla HD redonda \u2013 1.28 pulgadas \u2013 Monitor de la frecuencia card\u00edaca 24\/7 \u2013 Medici\u00f3n de la saturaci\u00f3n de ox\u00edgeno (SpO2) \u2013 20 modos deportivos \u2013 Hasta 10 d\u00edas de uso t\u00edpico diario \u2013 APP Mibro Fit \u2013 Resistente al agua 5 ATM<\/p>\n<p><em>Mibro Watch A1<\/em>, delgado y exquisito. \u00a1La compa\u00f1\u00eda saludable que necesitas!<\/p>\n<h6>Dise\u00f1o redondo y delgado con pantalla HD de 1.28\u201d<\/h6>\n<p>Prep\u00e1rate para caer rendido ante el\u00a0<em>aspecto delicado<\/em>\u00a0del smartwatch Mibro Watch A1, que cuenta con un incre\u00edble dise\u00f1o de\u00a0bisel redondo,\u00a0pantalla HD\u00a0de\u00a01.28 pulgadas\u00a0y un grosor lateral de tan solo\u00a05 mil\u00edmetros.<\/p>\n<p>Visualiza la informaci\u00f3n con nitidez incluso a plena luz del sol y disfruta de una c\u00f3moda navegaci\u00f3n gracias al\u00a0sistema t\u00e1ctil\u00a0y los\u00a0dos botones f\u00edsicos laterales.<\/p>\n<h6>Correa de silicona intercambiable de 22mm<\/h6>\n<p>Como est\u00e1 dise\u00f1ado principalmente para un uso deportivo, el nuevo smartwatch Mibro incluye una\u00a0pulsera de silicona, ideal tanto para practicar ejercicio como para complementar tu atuendo diario. Aqu\u00ed te presentamos el elegante\u00a0<em>A1 negro obsidiana<\/em>.<\/p>\n<p>No solo es transpirable para la piel y muy c\u00f3moda de limpiar, sino que adem\u00e1s se puede reemplazar f\u00e1cilmente por una\u00a0correa universal de 22mm. Aqu\u00ed,\u00a0en Tu Tienda Experta, tenemos multitud de<a href=\"https:\/\/www.tutiendaexperta.com\/31-correas\">\u00a0correas de repuesto<\/a>: cuero sint\u00e9tico, silicona, milanesa\u2026 \u00a1Encuentra la que m\u00e1s te guste tambi\u00e9n en los\u00a0art\u00edculos relacionados\u00a0de este producto!<\/p>\n<h6>Sensor de frecuencia card\u00edaca PPG: monitoriza tu salud<\/h6>\n<p>Una baja saturaci\u00f3n de ox\u00edgeno puede causar f\u00e1cilmente fatiga, falta de energ\u00eda y una disminuci\u00f3n de la concentraci\u00f3n. As\u00ed que, si en alg\u00fan momento notas alguno de estos s\u00edntomas, levanta tu mu\u00f1eca y\u00a0comprueba tu SpO2\u00a0con el Mibro Watch A1. \u00a1Y mant\u00e9n tu salud bajo control!<\/p>\n<p>Adem\u00e1s, gracias a las optimizaciones de su\u00a0<em>sensor PPG<\/em>, Mibro Watch A1 monitoriza tu\u00a0frecuencia card\u00edaca\u00a0en tiempo real durante\u00a0todo el d\u00eda, brind\u00e1ndote datos s\u00faper precisos en gr\u00e1ficos f\u00e1ciles de leer.<\/p>\n<p>*Destinado \u00fanicamente a fines de bienestar general y de forma f\u00edsica. No est\u00e1 previsto su uso para la detecci\u00f3n, el diagn\u00f3stico o el tratamiento de ninguna afecci\u00f3n m\u00e9dica o enfermedad. Las medidas son solo para referencia personal. Consulta con un profesional m\u00e9dico para obtener asesoramiento.<\/p>\n<h6>Bater\u00eda de 270 mAh y hasta 10 d\u00edas de uso t\u00edpico diario<\/h6>\n<p>Con una\u00a0<em>bater\u00eda de 270 mAh<\/em>, el Mibro Watch A1 siempre estar\u00e1 listo para acompa\u00f1arte en tus viajes y seguir tu progreso sin ir con el cargador a todas partes. Para ser m\u00e1s exactos, este reloj de Mibro proporciona una autonom\u00eda de\u00a0hasta 10 d\u00edas*\u00a0bajo un uso t\u00edpico diario, y de\u00a0hasta 45 d\u00edas*\u00a0con un uso b\u00e1sico.<\/p>\n<p>*Los datos relacionados con la bater\u00eda y la carga se obtuvieron de laboratorios internos. Los resultados reales pueden variar seg\u00fan las diferencias en la versi\u00f3n del software, el entorno y las condiciones de uso, y pueden no reflejar el producto real.<\/p>\n<h6>Registro de la actividad con 20 modos de entrenamiento<\/h6>\n<p>\u00a1Lev\u00e1ntate del sof\u00e1! Mibro Watch A1 te motiva y te ayuda a alcanzar tus metas a trav\u00e9s del registro de tus\u00a0marcas de fitness\u00a0en tiempo real, desde la distancia y la velocidad hasta la frecuencia card\u00edaca o las calor\u00edas consumidas.<\/p>\n<p>Escoge uno de los\u00a020 modos deportivos\u00a0para mediciones precisas y adaptadas, incluyendo tanto deportes de interior como de exterior.<\/p>\n<h6>Resistencia al agua 5 ATM y otras pr\u00e1cticas funciones<\/h6>\n<p>Otra ventaja del Mibro Watch A1 es que podr\u00e1s lavarte las manos con \u00e9l puesto, practicar nataci\u00f3n o correr mientras llueve sin miedo a estropearlo, ya que la\u00a0certificaci\u00f3n 5 ATM*\u00a0lo protege frente al agua y el polvo. \u00a1As\u00ed nada pondr\u00e1 en riesgo tus planes al aire libre!<\/p>\n<p>Adem\u00e1s, el Mibro Watch A1 incluye otras\u00a0<em>pr\u00e1cticas funciones<\/em>\u00a0que te servir\u00e1n de gran ayuda en tu d\u00eda a d\u00eda, como la informaci\u00f3n meteorol\u00f3gica, la\u00a0monitorizaci\u00f3n del sue\u00f1o, los\u00a0ejercicios de respiraci\u00f3n\u00a0o la alarma, entre otros.<\/p>\n<p>*El est\u00e1ndar 5 ATM se establece en base a pruebas realizadas en laboratorio y en un entorno controlado, con inmersiones en agua dulce a temperatura ambiente, durante un tiempo determinado. Recomendamos no sumergir el dispositivo en agua salada, clorada, caliente y\/o en otros l\u00edquidos que puedan resultar corrosivos, as\u00ed como al sudor, que pueden afectar a su estanqueidad. Para un correcto mantenimiento, en caso de que el dispositivo entre en contacto con dichos productos, l\u00edmpialo con agua dulce de manera inmediata.<\/p>\n<h6>Sincroniza datos con Mibro Fit y recibe alertas v\u00eda Bluetooth<\/h6>\n<p>Por \u00faltimo, no dudes en sacarle el m\u00e1ximo partido a tu Mibro Watch A1. Vinc\u00falalo a tu tel\u00e9fono m\u00f3vil mediante\u00a0Bluetooth v5.0\u00a0para recibir alertas de llamadas entrantes, mensajes o notificaciones, e incluso controlar la reproducci\u00f3n de m\u00fasica o encontrar tu tel\u00e9fono cuando lo creas perdido. Adem\u00e1s, podr\u00e1s sincronizar tus datos de salud y fitness a trav\u00e9s de la\u00a0aplicaci\u00f3n Mibro Fit\u00a0y observar gr\u00e1ficos detallados con tu evoluci\u00f3n.<\/p>\n<h6>Especificaciones t\u00e9cnicas Mibro Watch A1 Negro con Correa Negra:<\/h6>\n<ul>\n<li>Par\u00e1metros generales\n<ul>\n<li>Marca: Mibro<\/li>\n<li>Producto: Reloj inteligente<\/li>\n<li>Modelo: A1 (XI700EL0D54UBLMX)<\/li>\n<\/ul>\n<\/li>\n<li>Pantalla\n<ul>\n<li>Tama\u00f1o: 1.28\u201d (redonda)<\/li>\n<li>Resoluci\u00f3n: HD<\/li>\n<li>T\u00e1ctil: S\u00ed<\/li>\n<\/ul>\n<\/li>\n<li>Par\u00e1metros t\u00e9cnicos\n<ul>\n<li>Conexi\u00f3n: Bluetooth v5.0<\/li>\n<li>Dispositivos compatibles: Android 5.0 o superior, iOS 10.0 o superior<\/li>\n<li>Aplicaci\u00f3n: Mibro Fit APP<\/li>\n<\/ul>\n<\/li>\n<li>Sensores\n<ul>\n<li>Sensor de frecuencia card\u00edaca PPG<\/li>\n<li>Sensor SpO2<\/li>\n<li>Aceler\u00f3metro<\/li>\n<\/ul>\n<\/li>\n<li>Funciones adicionales:\n<ul>\n<li>Alerta de llamadas entrantes y notificaciones (v\u00eda Bluetooth)<\/li>\n<li>Control remoto de la m\u00fasica y la c\u00e1mara (v\u00eda Bluetooth)<\/li>\n<li>Encontrar tel\u00e9fono (v\u00eda Bluetooth)<\/li>\n<li>Monitorizaci\u00f3n de la salud (sensor de ritmo card\u00edaco 24\/7, nivel SpO2, monitor del sue\u00f1o, ejercicios de respiraci\u00f3n)<\/li>\n<li>Registro de la actividad diaria con 20 modos deportivos (contador de calor\u00edas, pasos, distancia, etc.)<\/li>\n<li>Pron\u00f3stico del tiempo<\/li>\n<li>Despertador\/Alarma<\/li>\n<li>Alertas por sedentarismo<\/li>\n<\/ul>\n<\/li>\n<li>Bater\u00eda\n<ul>\n<li>Capacidad: 270 mAh<\/li>\n<li>Autonom\u00eda (uso t\u00edpico diario): hasta 10 d\u00edas<\/li>\n<li>Autonom\u00eda (uso b\u00e1sico): hasta 45 d\u00edas<\/li>\n<li>M\u00e9todo de carga: Magn\u00e9tica<\/li>\n<\/ul>\n<\/li>\n<li>Par\u00e1metros f\u00edsicos\n<ul>\n<li>Material del cuerpo: aleaci\u00f3n de metal<\/li>\n<li>Correa: Silicona (intercambiable 22mm)<\/li>\n<li>Grado de impermeabilidad: 5 ATM<\/li>\n<li>Dimensiones: 45 x 45 x 9.8 mm<\/li>\n<li>Peso (con correa): 42 g<\/li>\n<\/ul>\n<\/li>\n<li>Contenido del paquete\n<ul>\n<li>1 x Mibro Watch A1 Negro con Correa Negra<\/li>\n<li>1 x Cable de carga<\/li>\n<li>1 x Manual de usuario<\/li>\n<\/ul>\n<\/li>\n<\/ul>\n<ul>\n<li><strong>Garant\u00eda<\/strong>: 6 meses contra defecto de fabricaci\u00f3n<\/li>\n<\/ul>\n<h4><\/h4>\n<h4><span style=\"color: #ff0000;\"><strong>* La garant\u00eda no cubre falla que se pueda dar por un uso intensivo.<\/strong><\/span><\/h4>\n<h5><strong>\u00a0*Las im\u00e1genes son a modo ilustrativo.<\/strong><\/h5>\n","protected":false},"excerpt":{"rendered":"<h3><span style=\"color: #339966;\"><strong>$ 2.100<\/strong><\/span><\/h3>\n","protected":false},"featured_media":39766,"comment_status":"open","ping_status":"closed","template":"","meta":[],"_links":{"self":[{"href":"https:\/\/www.appoloviracel.com.uy\/index.php\/wp-json\/wp\/v2\/product\/39765"}],"collection":[{"href":"https:\/\/www.appoloviracel.com.uy\/index.php\/wp-json\/wp\/v2\/product"}],"about":[{"href":"https:\/\/www.appoloviracel.com.uy\/index.php\/wp-json\/wp\/v2\/types\/product"}],"replies":[{"embeddable":true,"href":"https:\/\/www.appoloviracel.com.uy\/index.php\/wp-json\/wp\/v2\/comments?post=39765"}],"wp:featuredmedia":[{"embeddable":true,"href":"https:\/\/www.appoloviracel.com.uy\/index.php\/wp-json\/wp\/v2\/media\/39766"}],"wp:attachment":[{"href":"https:\/\/www.appoloviracel.com.uy\/index.php\/wp-json\/wp\/v2\/media?parent=39765"}],"curies":[{"name":"wp","href":"https:\/\/api.w.org\/{rel}","templated":true}]}}