{"id":39751,"date":"2023-07-14T18:31:51","date_gmt":"2023-07-14T21:31:51","guid":{"rendered":"https:\/\/www.appoloviracel.com.uy\/?post_type=product&#038;p=39751"},"modified":"2023-12-28T16:33:16","modified_gmt":"2023-12-28T19:33:16","slug":"smartwatch-xiaomi-mibro-lite-2-dual-straps","status":"publish","type":"product","link":"https:\/\/www.appoloviracel.com.uy\/index.php\/product\/smartwatch-xiaomi-mibro-lite-2-dual-straps\/","title":{"rendered":"Smartwatch Xiaomi \u00abMibro Lite 2 Dual-Straps\u00bb"},"content":{"rendered":"<h2>Caracter\u00edsticas y especificaciones:<\/h2>\n<ul>\n<li>Pantalla AMOLED HD: el reloj Mibro est\u00e1 equipado con una pantalla t\u00e1ctil HD de 1.3 pulgadas, que cuenta con 391 ppi y un espacio de color m\u00e1s amplio, lo que te ofrece una fiesta visual extraordinaria gracias a una mayor calidad de imagen. Soporta pantalla de reloj AOD y m\u00faltiples formas de caras de reloj de pantalla. El cuerpo de metal premium fabricado por docenas de procesos se combina perfectamente con el vidrio transparente microcurvado. Dise\u00f1o de doble correa de reloj de cuero y correa de reloj de silicona con uso multiescena.<\/li>\n<li>Bajo consumo de energ\u00eda y recordatorio de mensajes: el reloj de fitness tiene una arquitectura de doble n\u00facleo de baja potencia, junto con un sistema de gesti\u00f3n de energ\u00eda inteligente, hace que la bater\u00eda sea m\u00e1s duradera, completamente cargada una vez para uso diario de 12 d\u00edas. El reloj inteligente soporta llamadas Bluetooth HD. Enlaza tu reloj con tu tel\u00e9fono en la aplicaci\u00f3n \u00abMibro Fit\u00bb, luego puedes recibir y hacer llamadas directamente en el reloj. Puede recibir mensajes de SMS, Gmail, Skype, Twitter, Facebook, WhatsApp, Instagram, VK, Snapchat, etc.<\/li>\n<li>Monitoreo de salud en tiempo real: el reloj proporciona monitoreo de frecuencia card\u00edaca 24 horas y ox\u00edgeno en sangre y pruebas de estr\u00e9s para ayudarte a entender mejor tu condici\u00f3n corporal. Adem\u00e1s, tiene funci\u00f3n de seguimiento del sue\u00f1o para analizar la calidad de tu sue\u00f1o. Tambi\u00e9n te ayuda a registrar el per\u00edodo fisiol\u00f3gico y predecir el pr\u00f3ximo per\u00edodo menstrual y per\u00edodo de ovulaci\u00f3n. La experiencia suave est\u00e1 potenciada por el chip de control principal Bluetooth, la arquitectura de doble n\u00facleo de bajo consumo de energ\u00eda y la unidad de procesamiento gr\u00e1fico de GPU 2.5D integrada.<\/li>\n<li>60 modos deportivos especializados: el reloj deportivo Mibro soporta 60 modos deportivos, incluyendo correr, caminar, ciclismo, nataci\u00f3n, monopat\u00edn, sentadillas, yoga, baile, baloncesto, f\u00fatbol, tenis, etc. Durante el ejercicio, registra autom\u00e1ticamente los pasos diarios, la frecuencia card\u00edaca y las calor\u00edas quemadas. Te permite entender visualmente el efecto del ejercicio. Se genera una tabla de trayectoria para cada ejercicio cuando se empareja con el GPS del tel\u00e9fono. Una variedad de caras de reloj y estilos de men\u00fa se pueden cambiar libremente.<\/li>\n<li>Reloj inteligente deportivo multifuncional: el reloj inteligente Mibro tiene muchas caracter\u00edsticas para facilitar tu vida, incluyendo control de m\u00fasica\/reproducci\u00f3n de m\u00fasica, estr\u00e9s, respiraci\u00f3n, agitar para tomar fotos, encontrar reloj, alarma, recordatorio de sedentarismo, calculadora, cron\u00f3metro, calendario, modo de ahorro de energ\u00eda, no molestar, clima, temporizador, configuraci\u00f3n de contrase\u00f1a, bloqueo de pantalla. Es resistente al agua hasta 2 ATM, por lo que puedes llevar el reloj mientras te lavas las manos y nadas. (No lo uses en buceo, esqu\u00ed acu\u00e1tico, aguas termales, sauna, etc.)<\/li>\n<\/ul>\n<p>&nbsp;<\/p>\n<ul>\n<li><strong>Llamada Bluetooth de alta definici\u00f3n<\/strong><\/li>\n<li><strong>Chip principal de doble n\u00facleo<\/strong><\/li>\n<li><strong>Pantalla a color HD Amoled<\/strong><\/li>\n<li><strong>Cuerpo met\u00e1lico<\/strong><\/li>\n<li><strong>Monitoreo inteligente de la salud<\/strong><\/li>\n<li><strong>60 modos de deporte<\/strong><\/li>\n<li><strong>Duraci\u00f3n de la bater\u00eda de 12 d\u00edas<\/strong><\/li>\n<li><strong>2ATM a prueba de agua<\/strong><\/li>\n<li><strong>Correas dobles en la caja: \u25cf Marr\u00f3n \u25cf Negro<\/strong><\/li>\n<li><strong>Garant\u00eda<\/strong>: 6 meses contra defecto de fabricaci\u00f3n<\/li>\n<\/ul>\n<h4><\/h4>\n<h4><span style=\"color: #ff0000;\"><strong>* La garant\u00eda no cubre falla que se pueda dar por un uso intensivo.<\/strong><\/span><\/h4>\n<h5><strong>\u00a0*Las im\u00e1genes son a modo ilustrativo.<\/strong><\/h5>\n","protected":false},"excerpt":{"rendered":"<h3><span style=\"color: #339966;\"><strong>$ 3.690<\/strong><\/span><\/h3>\n","protected":false},"featured_media":39752,"comment_status":"open","ping_status":"closed","template":"","meta":[],"_links":{"self":[{"href":"https:\/\/www.appoloviracel.com.uy\/index.php\/wp-json\/wp\/v2\/product\/39751"}],"collection":[{"href":"https:\/\/www.appoloviracel.com.uy\/index.php\/wp-json\/wp\/v2\/product"}],"about":[{"href":"https:\/\/www.appoloviracel.com.uy\/index.php\/wp-json\/wp\/v2\/types\/product"}],"replies":[{"embeddable":true,"href":"https:\/\/www.appoloviracel.com.uy\/index.php\/wp-json\/wp\/v2\/comments?post=39751"}],"wp:featuredmedia":[{"embeddable":true,"href":"https:\/\/www.appoloviracel.com.uy\/index.php\/wp-json\/wp\/v2\/media\/39752"}],"wp:attachment":[{"href":"https:\/\/www.appoloviracel.com.uy\/index.php\/wp-json\/wp\/v2\/media?parent=39751"}],"curies":[{"name":"wp","href":"https:\/\/api.w.org\/{rel}","templated":true}]}}