{"id":39731,"date":"2023-07-11T12:06:35","date_gmt":"2023-07-11T15:06:35","guid":{"rendered":"https:\/\/www.appoloviracel.com.uy\/?post_type=product&#038;p=39731"},"modified":"2026-02-12T10:47:48","modified_gmt":"2026-02-12T13:47:48","slug":"smartwatch-xiaomi-mibro-whatch-gs-gps","status":"publish","type":"product","link":"https:\/\/www.appoloviracel.com.uy\/index.php\/product\/smartwatch-xiaomi-mibro-whatch-gs-gps\/","title":{"rendered":"Smartwatch Xiaomi \u00abMibro Whatch GS-PRO\u00bb"},"content":{"rendered":"<h2>Caracter\u00edsticas y especificaciones:<\/h2>\n<p>El nuevo <strong>MiBro Watch GS<\/strong> <strong>Pro<\/strong> tiene todo lo que le hace falta a un reloj inteligente para ser una compra muy recomendable. Pantalla Amoled HD, un dise\u00f1o muy atractivo con acabados en metal, GPS, 70 deportes y un precio sorprendente.<\/p>\n<ul>\n<li>\u00a0<strong>Dise\u00f1o<\/strong>. El estilo casual-moderno que tiene este reloj inteligente le sienta genial. Los materiales tambi\u00e9n se encuentran a la altura de su dise\u00f1o.<\/li>\n<li><strong>Pantalla HD<\/strong>. El panel Amoled es de calidad y con un nivel de brillo m\u00e1s que suficiente para no tener problemas graves de visualizaci\u00f3n en exteriores. Ojo tambi\u00e9n a la <strong>fluidez de 60 Hz<\/strong> de pantalla, al nivel de los TOP ventas.<\/li>\n<li><strong>Bater\u00eda<\/strong>. Hasta 24 d\u00edas de autonom\u00eda con un uso normal del dispositivo. De los TOP en este aspecto en este segmento del mercado.<\/li>\n<li><strong>GPS<\/strong>. Pues donde relojes inteligentes de otras marcas de m\u00e1s prestigio pinchan en hueso, el MiBro Watch GS presume de 4 sistemas de posicionamiento para una se\u00f1al m\u00e1s precisa y r\u00e1pida.<\/li>\n<li><strong>Procesador de Doble N\u00facleo<\/strong>. Uno de ellos encargado del Always on Display lo que libera de carga al procesador principal y mejora la autonom\u00eda y rendimiento.<\/li>\n<li>\u00b7\u00a0 La <strong>Bater\u00eda de 460 mAh<\/strong> nos ofrece una autonom\u00eda BRUTAL, pero al usar el AOD (pantalla siempre activa) esta se resiente sensiblemente.<\/li>\n<li>\u00b7\u00a0 La <strong>Fluidez<\/strong> es uno de los aspectos que m\u00e1s nos ha llamado la atenci\u00f3n del Mibro Watch GS. La inclusi\u00f3n tanto de un doble procesador como el uso de una pantalla de 60Hz nos ofrecen una experiencia de usuario enorme.<\/li>\n<li>\u00b7\u00a0 Contamos con <strong>70 modos deportivos<\/strong>. Otros relojes ofrecen m\u00e1s opciones en este aspecto, pero en los deporte m\u00e1s habituales los vas a encontrar sin problema.<\/li>\n<\/ul>\n<ul>\n<li>Por ponerle una pega al MiBro Watch GS, podemos hablar de que no existe una monitorizaci\u00f3n 24\/7 de la saturaci\u00f3n en sangre, pero eso lo agradece su autonom\u00eda.<\/li>\n<li>Pantalla: Amoled; Tama\u00f1o: 1,43 pulgadas; Resoluci\u00f3n: 466*466 pixeles; Densidad: 326 ppp<\/li>\n<li>Bater\u00eda y Autonom\u00eda: Bater\u00eda: 460 mAh; Autonom\u00eda: 24 d\u00edas uso normal; Sistema de Carga: Puerto de carga magn\u00e9tico; Conectividad: Bluetooth 5.1<\/li>\n<li>Funciones y Sensores: Funciones de Salud: Medici\u00f3n de Ox\u00edgeno en Sangre 24\/7, Frecuencia Card\u00edaca 24\/7, Medici\u00f3n Sue\u00f1o y Control de estr\u00e9s; Funciones de Entrenamiento: 70 modos deportivos; Funciones de Asistencia: AOD (siempre en la pantalla), Despertador, Notificaciones, El Tiempo, Control de Musica, Calculadora, Fotos Remotas, Buscar Reloj, Mensajes SMS, WhatsApp\u2026, Cron\u00f3metro, Temporizador; Aplicaci\u00f3n: MiBro Fit; Control: T\u00e1ctil y 2 botones laterales; Posicionamiento: GPS, Beidou, GLONASS y QZSS.<\/li>\n<li>Materiales: Cuerpo de Metal y Correa de Silicona<\/li>\n<li>Dimensiones: 4,65 * 1,18 cm<\/li>\n<li>Peso:56 gramos con correa<\/li>\n<li>Resistencia al Agua: 5 ATM<\/li>\n<li><strong>Garant\u00eda<\/strong>: 6 meses contra defecto de fabricaci\u00f3n<\/li>\n<\/ul>\n<h4><\/h4>\n<h4><span style=\"color: #ff0000;\"><strong>* La garant\u00eda no cubre falla que se pueda dar por un uso intensivo.<\/strong><\/span><\/h4>\n<h5><strong>\u00a0*Las im\u00e1genes son a modo ilustrativo.<\/strong><\/h5>\n","protected":false},"excerpt":{"rendered":"<h3><span style=\"color: #339966;\"><strong>$ 4.190<\/strong><\/span><\/h3>\n","protected":false},"featured_media":40355,"comment_status":"open","ping_status":"closed","template":"","meta":[],"_links":{"self":[{"href":"https:\/\/www.appoloviracel.com.uy\/index.php\/wp-json\/wp\/v2\/product\/39731"}],"collection":[{"href":"https:\/\/www.appoloviracel.com.uy\/index.php\/wp-json\/wp\/v2\/product"}],"about":[{"href":"https:\/\/www.appoloviracel.com.uy\/index.php\/wp-json\/wp\/v2\/types\/product"}],"replies":[{"embeddable":true,"href":"https:\/\/www.appoloviracel.com.uy\/index.php\/wp-json\/wp\/v2\/comments?post=39731"}],"wp:featuredmedia":[{"embeddable":true,"href":"https:\/\/www.appoloviracel.com.uy\/index.php\/wp-json\/wp\/v2\/media\/40355"}],"wp:attachment":[{"href":"https:\/\/www.appoloviracel.com.uy\/index.php\/wp-json\/wp\/v2\/media?parent=39731"}],"curies":[{"name":"wp","href":"https:\/\/api.w.org\/{rel}","templated":true}]}}