{"id":39715,"date":"2023-07-09T13:51:17","date_gmt":"2023-07-09T16:51:17","guid":{"rendered":"https:\/\/www.appoloviracel.com.uy\/?post_type=product&#038;p=39715"},"modified":"2023-10-19T16:40:16","modified_gmt":"2023-10-19T19:40:16","slug":"smartwatch-xiaomi-haylou-rt2","status":"publish","type":"product","link":"https:\/\/www.appoloviracel.com.uy\/index.php\/product\/smartwatch-xiaomi-haylou-rt2\/","title":{"rendered":"Smartwatch Xiaomi \u00abHaylou RT2\u00bb"},"content":{"rendered":"<h2>Caracter\u00edsticas y especificaciones:<\/h2>\n<p>Reloj inteligente Haylou RT2\u00a0 con dise\u00f1o cl\u00e1sico y deportivo, bisel met\u00e1lico y pantalla HD de retina con cristal 2.5D<\/p>\n<p>Pantalla TFT de retina \u2013 Dise\u00f1o redondo de 1.32\u2033 \u2013 Resoluci\u00f3n de 360 x 360 p\u00edxeles \u2013 Monitor de la frecuencia card\u00edaca 24\/7 \u2013 Medici\u00f3n de la saturaci\u00f3n de ox\u00edgeno (SpO2) \u2013 Registro del sue\u00f1o \u2013 12 modos deportivos \u2013 Hasta 12 d\u00edas de uso t\u00edpico diario \u2013 APP Haylou \u2013 Resistente al agua IP68<\/p>\n<p>Con el Haylou RT2, querr\u00e1s moverte todo el tiempo. El nuevo reloj inteligente de Haylou cuenta con monitor del ritmo card\u00edaco, de la saturaci\u00f3n de ox\u00edgeno y del sue\u00f1o, as\u00ed como con 12 modos deportivos, hasta 20 d\u00edas de bater\u00eda en una sola carga, pantalla HD de retina y resistencia al agua IP68.<\/p>\n<p>Dise\u00f1o redondo y met\u00e1lico con cristal curvado 2.5D y pantalla de retina<\/p>\n<p>Prep\u00e1rate para caer rendido ante el impresionante aspecto cl\u00e1sico y deportivo (todo en 1) del smartwatch Haylou RT2. Y, es que, su bisel met\u00e1lico redondo encaja a la perfecci\u00f3n con el cristal curvado 2.5D de su pantalla, dando como resultado un reloj ligero y fino que a\u00fana comodidad y elegancia.<\/p>\n<p>Adem\u00e1s, el impresionante panel t\u00e1ctil de retina, con diagonal de 1.32 pulgadas y densidad de 272 p\u00edxeles por pulgada, aporta informaci\u00f3n visible incluso a plena luz del sol. Mientras tanto, sus dos coronas laterales facilitan la navegaci\u00f3n y el acceso r\u00e1pido a tus funciones favoritas.<\/p>\n<p>Correa de silicona intercambiable de 22mm<\/p>\n<p>Como est\u00e1 dise\u00f1ado principalmente para un uso deportivo, el nuevo smartwatch de Haylou incluye una pulsera de silicona, ideal tanto para practicar ejercicio como para complementar tu atuendo diario. No solo es transpirable para la piel, sino que adem\u00e1s se puede reemplazar f\u00e1cilmente por una correa universal de 22mm. Aqu\u00ed, en Powerplanetonline, tenemos multitud de correas de repuesto: cuero sint\u00e9tico, silicona, milanesa\u2026 \u00a1Encuentra la que m\u00e1s te guste tambi\u00e9n en los art\u00edculos relacionados de este producto!<\/p>\n<p>Registro de la actividad con 12 opciones de entrenamiento<\/p>\n<p>\u00a1Lev\u00e1ntate del sof\u00e1! Haylou RT2 te motiva y te ayuda a alcanzar tus metas a trav\u00e9s del registro de tus marcas de fitness en tiempo real, desde la distancia y la velocidad hasta la frecuencia card\u00edaca o las calor\u00edas consumidas.<\/p>\n<p>Escoge uno de los 12 modos deportivos incluidos para mediciones precisas y adaptadas: correr en exterior, correr en interior, caminar r\u00e1pido, ciclismo en exterior, ciclismo est\u00e1tico, monta\u00f1ismo, remo, yoga, gimnasia, f\u00fatbol, baloncesto y entrenamiento libre.<\/p>\n<p>Bater\u00eda de 300 mAh y hasta 12 d\u00edas de uso t\u00edpico diario<\/p>\n<p>Adem\u00e1s, con una bater\u00eda de 300 mAh, el Haylou RT2 siempre estar\u00e1 listo para acompa\u00f1arte en tus viajes y seguir tu progreso sin ir con el cargador a todas partes. Para ser m\u00e1s exactos, este reloj de Haylou proporciona una autonom\u00eda de hasta 12 d\u00edas* bajo un uso t\u00edpico diario, y de hasta 20 d\u00edas* con un uso b\u00e1sico.<\/p>\n<p>*Los datos relacionados con la bater\u00eda y la carga se obtuvieron de laboratorios internos. Los resultados reales pueden variar seg\u00fan las diferencias en la versi\u00f3n del software, el entorno y las condiciones de uso, y pueden no reflejar el producto real.<\/p>\n<p>Medici\u00f3n del nivel de ox\u00edgeno en sangre (SpO2) y de la frecuencia card\u00edaca<\/p>\n<p>Una baja saturaci\u00f3n de ox\u00edgeno puede causar f\u00e1cilmente fatiga, falta de energ\u00eda y una disminuci\u00f3n de la concentraci\u00f3n. As\u00ed que, si en alg\u00fan momento notas alguno de estos s\u00edntomas, levanta tu mu\u00f1eca y comprueba tu SpO2 con el Haylou RT2. \u00a1Y mant\u00e9n tu salud bajo control!<\/p>\n<p>Adem\u00e1s, gracias al sensor PPG mejorado, Haylou RT2 monitoriza tu frecuencia card\u00edaca en tiempo real durante todo el d\u00eda, brind\u00e1ndote datos s\u00faper precisos en gr\u00e1ficos f\u00e1ciles de leer.<\/p>\n<p>*Destinado \u00fanicamente a fines de bienestar general y de forma f\u00edsica. No est\u00e1 previsto su uso para la detecci\u00f3n, el diagn\u00f3stico o el tratamiento de ninguna afecci\u00f3n m\u00e9dica o enfermedad. Las medidas son solo para referencia personal. Consulta con un profesional m\u00e9dico para obtener asesoramiento.<\/p>\n<p>Registro del sue\u00f1o, ejercicios de respiraci\u00f3n y alertas por sedentarismo<\/p>\n<p>No cabe duda: es el momento para empezar a cuidarte m\u00e1s y mejor. Y, como la calidad de tu descanso es tambi\u00e9n muy importante, el Haylou RT2 registra tus horas de sue\u00f1o, detectando y analizando de forma integral las fases del sue\u00f1o y su duraci\u00f3n. Sigue los consejos personalizados que te ayudan a desarrollar buenos h\u00e1bitos, realiza los ejercicios de respiraci\u00f3n cuando te sientas muy abrumado y lev\u00e1ntate y da un paseo cuando tu reloj te alerte tras un largo rato de sedentarismo.<\/p>\n<p>*Destinado \u00fanicamente a fines de bienestar general y de forma f\u00edsica. No est\u00e1 previsto su uso para la detecci\u00f3n, el diagn\u00f3stico o el tratamiento de ninguna afecci\u00f3n m\u00e9dica o enfermedad. Las medidas son solo para referencia personal. Consulta con un profesional m\u00e9dico para obtener asesoramiento.<\/p>\n<p>Resistencia al agua IP68 y otras pr\u00e1cticas funciones<\/p>\n<p>Otra ventaja del Haylou RT2 es que podr\u00e1s lavarte las manos con \u00e9l puesto o correr mientras llueve sin miedo a estropearlo, ya que la certificaci\u00f3n IP68* lo protege frente al agua y el polvo. \u00a1As\u00ed nada pondr\u00e1 en riesgo tus planes al aire libre!<\/p>\n<p>Adem\u00e1s, el Haylou RT2 incluye otras pr\u00e1cticas funciones que te servir\u00e1n de gran ayuda en tu d\u00eda a d\u00eda, como la informaci\u00f3n meteorol\u00f3gica, la alarma, el temporizador o el cron\u00f3metro, entre otros.<\/p>\n<p>*El est\u00e1ndar IP68 se establece en base a pruebas realizadas en laboratorio y en un entorno controlado, con inmersiones en agua dulce a temperatura ambiente, durante un tiempo determinado. Recomendamos no sumergir el dispositivo en agua salada, clorada, caliente y\/o en otros l\u00edquidos que puedan resultar corrosivos, as\u00ed como al sudor, que pueden afectar a su estanqueidad. Para un correcto mantenimiento, en caso de que el dispositivo entre en contacto con dichos productos, l\u00edmpialo con agua dulce de manera inmediata.<\/p>\n<p>Sincroniza datos y recibe alertas v\u00eda Bluetooth<\/p>\n<p>Por \u00faltimo, no dudes en sacarle el m\u00e1ximo partido a tu Haylou RT2. Vinc\u00falalo a tu tel\u00e9fono m\u00f3vil mediante Bluetooth para recibir aletas de llamadas entrantes, mensajes o notificaciones, e incluso controlar la reproducci\u00f3n de m\u00fasica o encontrar tu tel\u00e9fono cuando lo creas perdido. Adem\u00e1s, podr\u00e1s sincronizar tus datos de salud y fitness a trav\u00e9s de la aplicaci\u00f3n Haylou y observar gr\u00e1ficos detallados con tu evoluci\u00f3n.<\/p>\n<ul>\n<li>Especificaciones t\u00e9cnicas Haylou RT2 :<\/li>\n<li>Par\u00e1metros generales<\/li>\n<li>Marca: Haylou<\/li>\n<li>Producto: Reloj inteligente<\/li>\n<li>Modelo: RT2 (LS10)<\/li>\n<li>Pantalla: Tama\u00f1o: 1.32\u201d (redonda); Tipo: TFT; Resoluci\u00f3n: 360 * 360 pixeles; T\u00e1ctil: S\u00ed<\/li>\n<li>Par\u00e1metros t\u00e9cnicos: Conexi\u00f3n: Bluetooth 5.0; Dispositivos compatibles: Android 6.0 o superior, iOS 11.0 o superior; Aplicaci\u00f3n: Haylou APP<\/li>\n<li>Sensores: Sensor de frecuencia card\u00edaca; Sensor SpO2; \u00a0Sensor de movimiento<\/li>\n<li>Funciones adicionales: \u00a0Alerta de llamadas entrantes y notificaciones (v\u00eda Bluetooth)<\/li>\n<li>Control remoto de la m\u00fasica (v\u00eda Bluetooth)<\/li>\n<li>Encontrar tel\u00e9fono (v\u00eda Bluetooth)<\/li>\n<li>Monitorizaci\u00f3n de la salud (sensor de ritmo card\u00edaco 24\/7, nivel SpO2, an\u00e1lisis del sue\u00f1o)<\/li>\n<li>Registro de la actividad diaria con 12 modos deportivos (contador de calor\u00edas, pasos, distancia, etc.)<\/li>\n<li>Pron\u00f3stico del tiempo<\/li>\n<li>Despertador\/Alarma<\/li>\n<li>Temporizador<\/li>\n<li>Cron\u00f3metro<\/li>\n<li>Ejercicios de respiraci\u00f3n<\/li>\n<li>Alertas por sedentarismo<\/li>\n<li>Bater\u00eda: Capacidad: 300 mAh; Autonom\u00eda (uso t\u00edpico diario): hasta 12 d\u00edas; Autonom\u00eda (uso b\u00e1sico): hasta 20 d\u00edas; \u00a0M\u00e9todo de carga: Magn\u00e9tica<\/li>\n<li>Par\u00e1metros f\u00edsicos<\/li>\n<li>Correa: Silicona (intercambiable 22mm)<\/li>\n<li>Grado de impermeabilidad: IP68<\/li>\n<li>Dimensiones: 45.7 * 45.7 * 12.1 mm<\/li>\n<li>Peso (con correa): 55 g<\/li>\n<li>Contenido del paquete: \u00a01 * Haylou RT2; 1 * Cable de carga; 1 * Manual de usuario<\/li>\n<li><strong>Garant\u00eda<\/strong>: 6 meses contra defecto de fabricaci\u00f3n<\/li>\n<\/ul>\n<h4><\/h4>\n<h4><span style=\"color: #ff0000;\"><strong>* La garant\u00eda no cubre falla que se pueda dar por un uso intensivo.<\/strong><\/span><\/h4>\n<h5><strong>*Las im\u00e1genes son a modo ilustrativo.<\/strong><\/h5>\n","protected":false},"excerpt":{"rendered":"<h3><span style=\"color: #339966;\"><strong>$ 3.050<\/strong><\/span><\/h3>\n","protected":false},"featured_media":39716,"comment_status":"open","ping_status":"closed","template":"","meta":[],"_links":{"self":[{"href":"https:\/\/www.appoloviracel.com.uy\/index.php\/wp-json\/wp\/v2\/product\/39715"}],"collection":[{"href":"https:\/\/www.appoloviracel.com.uy\/index.php\/wp-json\/wp\/v2\/product"}],"about":[{"href":"https:\/\/www.appoloviracel.com.uy\/index.php\/wp-json\/wp\/v2\/types\/product"}],"replies":[{"embeddable":true,"href":"https:\/\/www.appoloviracel.com.uy\/index.php\/wp-json\/wp\/v2\/comments?post=39715"}],"wp:featuredmedia":[{"embeddable":true,"href":"https:\/\/www.appoloviracel.com.uy\/index.php\/wp-json\/wp\/v2\/media\/39716"}],"wp:attachment":[{"href":"https:\/\/www.appoloviracel.com.uy\/index.php\/wp-json\/wp\/v2\/media?parent=39715"}],"curies":[{"name":"wp","href":"https:\/\/api.w.org\/{rel}","templated":true}]}}