{"id":39699,"date":"2023-07-02T23:45:53","date_gmt":"2023-07-03T02:45:53","guid":{"rendered":"https:\/\/www.appoloviracel.com.uy\/?post_type=product&#038;p=39699"},"modified":"2023-11-16T10:11:35","modified_gmt":"2023-11-16T13:11:35","slug":"celular-samsung-galaxy-a14-5g-128gb-4gb","status":"publish","type":"product","link":"https:\/\/www.appoloviracel.com.uy\/index.php\/product\/celular-samsung-galaxy-a14-5g-128gb-4gb\/","title":{"rendered":"Celular Samsung \u00abGalaxy A14\u00bb 5G (128Gb-4Gb)"},"content":{"rendered":"<h2><strong>Caracter\u00edsticas y especificaciones<\/strong><\/h2>\n<p>El <strong>Samsung Galaxy A14 5G<\/strong> se basa en su predecesor Galaxy A13 5G en buena parte, mejorando apenas algunos aspectos. La pantalla de 6.6 pulgadas y tasa de refresco de 90Hz ahora tiene resoluci\u00f3n FHD+ y el procesador depende de la regi\u00f3n de venta: Exynos 1330 y Dimensity 700 son las opciones, en ambos casos acompa\u00f1ados de 4GB o 6GB de RAM con 64GB o 128GB de almacenamiento. La c\u00e1mara trasera es triple, con un sensor principal de 50MP y un par de sensores de 2MP, para macro y profundidad respectivamente, mientras que la c\u00e1mara selfie es de 13MP. Alimentado por una bater\u00eda de 5000 mAh con 15W de carga r\u00e1pida, el Galaxy A14 completa sus caracter\u00edsticas con un lector de huellas lateral y One UI 5.0 basado en Android 13.<\/p>\n<ul>\n<li>Pantalla: 6.6\u2033, 1080 * 2408 pixels<\/li>\n<li>Procesador: Exynos 1330 2.4GHz \/ Dimensity 700 2.2GHz<\/li>\n<li>RAM: 4GB<\/li>\n<li>Almacenamiento: 128GB<\/li>\n<li>Expansi\u00f3n: microSD<\/li>\n<li>C\u00e1mara: Triple, 50MP+2MP+2MP<\/li>\n<li>Bater\u00eda: 5000 mAh<\/li>\n<li>OS: Android 13<\/li>\n<li>Perfil: 9.1 mm<\/li>\n<li>Peso: 202 grs<\/li>\n<li>Se incluyen los siguientes accesorios: <strong>Cargador y Manual<\/strong><\/li>\n<li><strong>Garant\u00eda:<\/strong> 12 meses contra defecto de fabricaci\u00f3n<\/li>\n<\/ul>\n<h4><span style=\"color: #ff0000;\"><strong>\u00a0\u00a0<\/strong><\/span><\/h4>\n<h4><span style=\"color: #ff0000;\"><strong>Contado efectivo: 10% de Descuento<\/strong><\/span><\/h4>\n<h5><strong>*Las im\u00e1genes son a modo ilustrativo.<\/strong><\/h5>\n<p>&nbsp;<\/p>\n","protected":false},"excerpt":{"rendered":"<h3><span style=\"color: #339966;\"><strong>U$S 249<\/strong><\/span><\/h3>\n","protected":false},"featured_media":39700,"comment_status":"open","ping_status":"closed","template":"","meta":[],"_links":{"self":[{"href":"https:\/\/www.appoloviracel.com.uy\/index.php\/wp-json\/wp\/v2\/product\/39699"}],"collection":[{"href":"https:\/\/www.appoloviracel.com.uy\/index.php\/wp-json\/wp\/v2\/product"}],"about":[{"href":"https:\/\/www.appoloviracel.com.uy\/index.php\/wp-json\/wp\/v2\/types\/product"}],"replies":[{"embeddable":true,"href":"https:\/\/www.appoloviracel.com.uy\/index.php\/wp-json\/wp\/v2\/comments?post=39699"}],"wp:featuredmedia":[{"embeddable":true,"href":"https:\/\/www.appoloviracel.com.uy\/index.php\/wp-json\/wp\/v2\/media\/39700"}],"wp:attachment":[{"href":"https:\/\/www.appoloviracel.com.uy\/index.php\/wp-json\/wp\/v2\/media?parent=39699"}],"curies":[{"name":"wp","href":"https:\/\/api.w.org\/{rel}","templated":true}]}}