{"id":3968,"date":"2021-01-20T20:01:08","date_gmt":"2021-01-20T23:01:08","guid":{"rendered":"https:\/\/www.appoloviracel.com.uy\/?post_type=product&#038;p=3968"},"modified":"2021-04-06T22:09:26","modified_gmt":"2021-04-07T01:09:26","slug":"brazalete-para-celular-hasta-5-5","status":"publish","type":"product","link":"https:\/\/www.appoloviracel.com.uy\/index.php\/product\/brazalete-para-celular-hasta-5-5\/","title":{"rendered":"Brazalete para Celular hasta \u00ab5.5 pulgadas\u00bb"},"content":{"rendered":"<h4>Caracter\u00edsticas y especificaciones:<\/h4>\n<ul>\n<li>Para celulares de hasta 5.5&#8243;.<\/li>\n<li>Cinta de belcro, cinta reflectiva y bolsillo para llaves.<\/li>\n<li>Fabricado en neopreno.<\/li>\n<li>Lavable con jab\u00f3n suave y agua.<\/li>\n<li>Funcional y t\u00e1ctil a trav\u00e9s de la protecci\u00f3n.<\/li>\n<li>Colores : negro, verde fluo, rosa, violeta<\/li>\n<\/ul>\n<p>&nbsp;<\/p>\n<h5><strong>*Las im\u00e1genes son a modo ilustrativo<\/strong><strong>.<\/strong><\/h5>\n","protected":false},"excerpt":{"rendered":"<h3><span style=\"color: #339966;\"><strong>$ 200<\/strong><\/span><\/h3>\n","protected":false},"featured_media":3969,"comment_status":"open","ping_status":"closed","template":"","meta":[],"_links":{"self":[{"href":"https:\/\/www.appoloviracel.com.uy\/index.php\/wp-json\/wp\/v2\/product\/3968"}],"collection":[{"href":"https:\/\/www.appoloviracel.com.uy\/index.php\/wp-json\/wp\/v2\/product"}],"about":[{"href":"https:\/\/www.appoloviracel.com.uy\/index.php\/wp-json\/wp\/v2\/types\/product"}],"replies":[{"embeddable":true,"href":"https:\/\/www.appoloviracel.com.uy\/index.php\/wp-json\/wp\/v2\/comments?post=3968"}],"wp:featuredmedia":[{"embeddable":true,"href":"https:\/\/www.appoloviracel.com.uy\/index.php\/wp-json\/wp\/v2\/media\/3969"}],"wp:attachment":[{"href":"https:\/\/www.appoloviracel.com.uy\/index.php\/wp-json\/wp\/v2\/media?parent=3968"}],"curies":[{"name":"wp","href":"https:\/\/api.w.org\/{rel}","templated":true}]}}