{"id":39644,"date":"2023-06-05T21:48:00","date_gmt":"2023-06-06T00:48:00","guid":{"rendered":"https:\/\/www.appoloviracel.com.uy\/?post_type=product&#038;p=39644"},"modified":"2024-03-01T17:38:39","modified_gmt":"2024-03-01T20:38:39","slug":"auricular-xiaomi-redmi-buds-4-bluetooth","status":"publish","type":"product","link":"https:\/\/www.appoloviracel.com.uy\/index.php\/product\/auricular-xiaomi-redmi-buds-4-bluetooth\/","title":{"rendered":"Auricular Xiaomi \u00abRedmi Buds 4 Lite\u00bb (Bluetooth)"},"content":{"rendered":"<h2>Caracter\u00edsticas y especificaciones:<\/h2>\n<ul>\n<li>Diafragma din\u00e1mico de 12 mm<\/li>\n<li>Calidad de sonido fiable e incre\u00edble<\/li>\n<li>NOVEDAD: El diafragma din\u00e1mico de 12 mm ofrece un rendimiento incre\u00edble. Distorsi\u00f3n baja, graves m\u00e1s ricos y tonos altos m\u00e1s claros, lo que da lugar a una calificaci\u00f3n THD \u2264 0,1 %, comprobado por el laboratorio de ac\u00fastica de Xiaomi.<\/li>\n<li>*Estos datos han sido proporcionados por el laboratorio de ac\u00fastica de Xiaomi.<\/li>\n<li>Compatible con Google Fast Pair<\/li>\n<li>Solo tienes que abrir la tapa y listo.<\/li>\n<li>Con un solo toque, los Redmi Buds 4 Lite ofrecen un emparejamiento Bluetooth r\u00e1pido y sin esfuerzo con tus dispositivos Android*. Incluso puedes comprobar d\u00f3nde los dejaste por \u00faltima vez.<\/li>\n<li>Los nuevos avances en el mundo de Bluetooth\u00ae 5.3 ofrecen una experiencia mejor y m\u00e1s r\u00e1pida. Disfruta de un audio estable con un menor consumo de energ\u00eda y una escucha prolongada.<\/li>\n<li>Modo de baja latencia<\/li>\n<li>Siempre sincronizados: Gracias a Bluetooth\u00ae 5.3, activa el modo de baja latencia mientras juegas con el m\u00f3vil para disfrutar de una experiencia de juego de nivel superior. Toma decisiones r\u00e1pidas en tiempo real con un audio m\u00e1s r\u00e1pido que el de otros auriculares est\u00e1ndar y gana todas tus partidas.<\/li>\n<li>Duraci\u00f3n de la bater\u00eda de hasta 20 horas con el estuche de carga<\/li>\n<li>Disfruta de una experiencia de escucha envolvente durante m\u00e1s tiempo.<\/li>\n<li>Los auriculares se pueden utilizar hasta 5 horas con una sola carga y hasta 20 horas* con el estuche de carga port\u00e1til, de forma que puedas disfrutar de la m\u00fasica de d\u00eda y de noche.<\/li>\n<li>Hasta 5 horas<\/li>\n<li>Duraci\u00f3n de la bater\u00eda con una carga:<\/li>\n<li>Redmi Buds 4 Lite<\/li>\n<li>Hasta 20 horas<\/li>\n<li>Cuando se utilizan junto con el estuche de carga<\/li>\n<li>Anulaci\u00f3n de ruido con IA para llamadas<\/li>\n<li>Cada llamada, cada palabra: claridad cristalina.<\/li>\n<li>El algoritmo de voz con IA diferencia con precisi\u00f3n entre el ruido humano y el ambiental, de modo que incluso en los entornos m\u00e1s ruidosos, capta el audio con precisi\u00f3n y reduce de forma efectiva el ruido ambiental. Podr\u00e1s tener la tranquilidad de saber que cada palabra que digas se escuchar\u00e1 alto y claro.<\/li>\n<\/ul>\n<h5><\/h5>\n<h5><strong>*Las im\u00e1genes son a modo ilustrativo.<\/strong><\/h5>\n","protected":false},"excerpt":{"rendered":"<h3><span style=\"color: #339966;\"><strong>$ 1.550<\/strong><\/span><\/h3>\n","protected":false},"featured_media":40252,"comment_status":"open","ping_status":"closed","template":"","meta":[],"_links":{"self":[{"href":"https:\/\/www.appoloviracel.com.uy\/index.php\/wp-json\/wp\/v2\/product\/39644"}],"collection":[{"href":"https:\/\/www.appoloviracel.com.uy\/index.php\/wp-json\/wp\/v2\/product"}],"about":[{"href":"https:\/\/www.appoloviracel.com.uy\/index.php\/wp-json\/wp\/v2\/types\/product"}],"replies":[{"embeddable":true,"href":"https:\/\/www.appoloviracel.com.uy\/index.php\/wp-json\/wp\/v2\/comments?post=39644"}],"wp:featuredmedia":[{"embeddable":true,"href":"https:\/\/www.appoloviracel.com.uy\/index.php\/wp-json\/wp\/v2\/media\/40252"}],"wp:attachment":[{"href":"https:\/\/www.appoloviracel.com.uy\/index.php\/wp-json\/wp\/v2\/media?parent=39644"}],"curies":[{"name":"wp","href":"https:\/\/api.w.org\/{rel}","templated":true}]}}