{"id":39639,"date":"2023-06-04T19:46:05","date_gmt":"2023-06-04T22:46:05","guid":{"rendered":"https:\/\/www.appoloviracel.com.uy\/?post_type=product&#038;p=39639"},"modified":"2024-10-12T12:52:50","modified_gmt":"2024-10-12T15:52:50","slug":"celular-iphone-13-256gb","status":"publish","type":"product","link":"https:\/\/www.appoloviracel.com.uy\/index.php\/product\/celular-iphone-13-256gb\/","title":{"rendered":"Celular iPhone \u00ab13\u00bb (256Gb)"},"content":{"rendered":"<h2>Caracter\u00edsticas y especificaciones:<\/h2>\n<h4><span style=\"color: #ff0000;\"><strong>Equipo Nuevo<\/strong><\/span><\/h4>\n<p>El iPhone 13 viene con el sistema de 2 c\u00e1maras m\u00e1s avanzado, siendo resistente de arriba a abajo y de borde a borde. El chip A 15 deja atr\u00e1s a la competencia con su gran velocidad. El nuevo iPhone 13 brinda un gran salto en la duraci\u00f3n de la bater\u00eda que lo vas a notar todos los d\u00edas.<\/p>\n<ul>\n<li>Capacidad:256 GB<\/li>\n<li>Pantalla Super Retina XDR<\/li>\n<li>Pantalla OLED de 6.1 pulgadas (diagonal) sin marco<\/li>\n<li>Resoluci\u00f3n de 2532 x 1170 pixeles a 460 ppi<\/li>\n<li>Pantalla HDR<\/li>\n<li>True Tone<\/li>\n<li>Amplia gama de colores (P3)<\/li>\n<li>Toque con respuesta h\u00e1ptica<\/li>\n<li>Relaci\u00f3n de contraste 2,000,000:1 (normal)<\/li>\n<li>Brillo m\u00e1ximo de 800 nits (normal); brillo m\u00e1ximo de 1,200 nits (HDR)<\/li>\n<li>Revestimiento oleof\u00f3bico resistente a huellas dactilares<\/li>\n<li>Compatibilidad para mostrar varios idiomas y caracteres simult\u00e1neamente<\/li>\n<li>Sistema operativo: iOS 15<\/li>\n<li>Conectividad:USB; Wi Fi; Bluetooth V 5.0; GPS;Radio<\/li>\n<li>C\u00e1mara: Sistema de dos c\u00e1maras de 12 MP: gran angular y ultra gran angular; Gran angular: apertura de \/1.6;Ultra gran angular: apertura de \/2.4 y \u00e1ngulo de visi\u00f3n de 120\u00b0; Zoom \u00f3ptico de 2x para alejar; Zoom digital de hasta 5x<\/li>\n<li>Modo Retrato con bokeh avanzado y Control de Profundidad<\/li>\n<li>Iluminaci\u00f3n de Retrato con seis efectos (Luz Natural, Luz de Estudio Fotogr\u00e1fico, Luz al Contorno, Reflector, Reflector B y N, Clave Alta en B + y N)<\/li>\n<li>Estabilizaci\u00f3n \u00f3ptica de imagen por desplazamiento de sensor (c\u00e1mara gran angular)<\/li>\n<li>Lente de siete elementos (c\u00e1mara gran angular); lente de cinco elementos (c\u00e1mara ultra gran angular)<\/li>\n<li>Flash True Tone con sincronizaci\u00f3n lenta<\/li>\n<li>Fotos panor\u00e1micas (hasta 63 MP)<\/li>\n<li>Cubierta del lente de cristal de zafiro; 100% Focus Pixels (c\u00e1mara gran angular)<\/li>\n<li>Modo Noche<\/li>\n<li>Deep Fusion<\/li>\n<li>HDR Inteligente 4<\/li>\n<li>Estilos Fotogr\u00e1ficos<\/li>\n<li>Amplia gama de colores en fotos y Live Photos<\/li>\n<li>Correcci\u00f3n de lente (c\u00e1mara ultra gran angular)<\/li>\n<li>Correcci\u00f3n avanzada de ojos rojos<\/li>\n<li>Estabilizaci\u00f3n autom\u00e1tica de imagen<\/li>\n<li>Modo R\u00e1faga<\/li>\n<li>Geoetiquetado de fotos<\/li>\n<li>Captura de imagen en formatos HEIF y JPEG<\/li>\n<li>Bater\u00eda: Bater\u00eda de iones de litio recargable integrada;<\/li>\n<li>Carga inal\u00e1mbrica de hasta 15 W con cargadores MagSafe9<\/li>\n<li>Carga inal\u00e1mbrica de hasta 7.5 W con cargadores Qi9<\/li>\n<li>Carga mediante el puerto USB de una computadora o con un adaptador de corriente<\/li>\n<li>Carga r\u00e1pida:<\/li>\n<li>Huella dactilar<\/li>\n<li>Reconocimiento facial<\/li>\n<li>Se incluyen los siguientes accesorios: <strong>Cable original y Manual<\/strong><\/li>\n<li><strong>Garant\u00eda:<\/strong> 12 meses contra defecto de fabricaci\u00f3n<\/li>\n<\/ul>\n<h4><\/h4>\n<h4><span style=\"color: #ff0000;\"><strong>Contado efectivo: 10% de Descuento<\/strong><\/span><\/h4>\n<h5><strong>*Las im\u00e1genes son a modo ilustrativo.<\/strong><\/h5>\n","protected":false},"excerpt":{"rendered":"<h3><span style=\"color: #ff0000;\"><strong>AGOTADO<\/strong><\/span><\/h3>\n","protected":false},"featured_media":39640,"comment_status":"open","ping_status":"closed","template":"","meta":[],"_links":{"self":[{"href":"https:\/\/www.appoloviracel.com.uy\/index.php\/wp-json\/wp\/v2\/product\/39639"}],"collection":[{"href":"https:\/\/www.appoloviracel.com.uy\/index.php\/wp-json\/wp\/v2\/product"}],"about":[{"href":"https:\/\/www.appoloviracel.com.uy\/index.php\/wp-json\/wp\/v2\/types\/product"}],"replies":[{"embeddable":true,"href":"https:\/\/www.appoloviracel.com.uy\/index.php\/wp-json\/wp\/v2\/comments?post=39639"}],"wp:featuredmedia":[{"embeddable":true,"href":"https:\/\/www.appoloviracel.com.uy\/index.php\/wp-json\/wp\/v2\/media\/39640"}],"wp:attachment":[{"href":"https:\/\/www.appoloviracel.com.uy\/index.php\/wp-json\/wp\/v2\/media?parent=39639"}],"curies":[{"name":"wp","href":"https:\/\/api.w.org\/{rel}","templated":true}]}}