{"id":39637,"date":"2023-06-03T18:59:04","date_gmt":"2023-06-03T21:59:04","guid":{"rendered":"https:\/\/www.appoloviracel.com.uy\/?post_type=product&#038;p=39637"},"modified":"2025-10-29T16:21:47","modified_gmt":"2025-10-29T19:21:47","slug":"celular-iphone-14-256gb","status":"publish","type":"product","link":"https:\/\/www.appoloviracel.com.uy\/index.php\/product\/celular-iphone-14-256gb\/","title":{"rendered":"Celular iPhone \u00ab14\u00bb (256Gb)"},"content":{"rendered":"<h2>Caracter\u00edsticas y especificaciones:<\/h2>\n<h4><span style=\"color: #ff0000;\"><strong>Equipo Nuevo<\/strong><\/span><\/h4>\n<ul>\n<li>Espectacular pantalla Super Retina XDR<\/li>\n<li>Ceramic Shield: M\u00e1s duro que cualquier vidrio de smartphone<\/li>\n<li>En iOS 16 la pantalla de bloqueo te da mucha libertad. Puedes superponer tus fotos al texto para que tengan el protagonismo que merecen, seguir de cerca los anillos de Actividad o enterarte de todo con informaci\u00f3n en tiempo real de las apps que m\u00e1s usas.<\/li>\n<li>Detecci\u00f3n de Accidentes pide ayuda por ti cuando t\u00fa no puedes.<\/li>\n<li>El iPhone 14 sabe si has sufrido un accidente grave de coche y llama al 112. Incluso avisa a tus contactos de emergencia.<\/li>\n<li>La tecnolog\u00eda OLED ofrece un contraste incre\u00edble con blancos luminosos y negros absolutos.<\/li>\n<li>La alta resoluci\u00f3n y la precisi\u00f3n crom\u00e1tica hacen que todo se vea n\u00edtido y real.<\/li>\n<li>La tecnolog\u00eda True Tone adapta la pantalla a la luz ambiental.<\/li>\n<li>El modo Cine cambia de forma autom\u00e1tica el enfoque para centrarse en el protagonista de cada escena.<\/li>\n<li>La nueva c\u00e1mara frontal TrueDepth te ofrece enfoque autom\u00e1tico y mayor apertura, para que los primeros planos y las fotos de grupo salgan con m\u00e1s detalle y color que nunca.<\/li>\n<li>Chip A15 Bionic. Velocidad sin caducidad<\/li>\n<li>El iPhone 14 lleva el mismo chip supers\u00f3nico que el iPhone 13 Pro.<\/li>\n<li>El A15 Bionic con GPU de 5 n\u00facleos est\u00e1 detr\u00e1s de las prestaciones m\u00e1s avanzadas y hace que los juegos con gran carga gr\u00e1fica y las apps de realidad aumentada vayan como la seda.<\/li>\n<\/ul>\n<p>&nbsp;<\/p>\n<ul>\n<li>Pantalla: Super Retina XDR OLED 6,1 pulgadas; 2.532 x 1.170 p\u00edxeles (460 ppp)<\/li>\n<li>Procesador: Apple A15 Bionic<\/li>\n<li>Almacenamiento: 256 GB<\/li>\n<li>C\u00e1mara trasera: Principal: 12 MP f\/1.5 (1.9 \u03bcm); Gran angular: 12 MP f\/2.4<\/li>\n<li>C\u00e1mara frontal: 12MP f\/1.9, AF, True Depth<\/li>\n<li>Bater\u00eda: recargable integrada de iones de litio<\/li>\n<li>Carga r\u00e1pida: 18W e inal\u00e1mbrica: MagSafe 15W<\/li>\n<li>Sistema operativo: iOS 16<\/li>\n<li>Conectividad: 5G, WiFi ax; Bluetooth 5.3; NFC; GPS; dualSIM; eSIM; Lightning<\/li>\n<li>Otros: Resistencia IP68; Reconocimiento facial; Emergencia SOS<\/li>\n<li>Detecci\u00f3n de accidentes<\/li>\n<li>Dimensiones: 146,7 * 71,5 * 7,8 mm<\/li>\n<li>Peso: 172 grs.<\/li>\n<li>Se incluyen los siguientes accesorios: <strong>Cable original y Manual<\/strong><\/li>\n<li><strong>Garant\u00eda:<\/strong> 12 meses contra defecto de fabricaci\u00f3n<\/li>\n<\/ul>\n<h4><\/h4>\n<h4><span style=\"color: #ff0000;\"><strong>Contado efectivo: 10% de Descuento<\/strong><\/span><\/h4>\n<h5><strong>*Las im\u00e1genes son a modo ilustrativo.<\/strong><\/h5>\n<h2><\/h2>\n","protected":false},"excerpt":{"rendered":"<h3><span style=\"color: #ff0000;\"><strong>AGOTADO<\/strong><\/span><\/h3>\n","protected":false},"featured_media":39638,"comment_status":"open","ping_status":"closed","template":"","meta":[],"_links":{"self":[{"href":"https:\/\/www.appoloviracel.com.uy\/index.php\/wp-json\/wp\/v2\/product\/39637"}],"collection":[{"href":"https:\/\/www.appoloviracel.com.uy\/index.php\/wp-json\/wp\/v2\/product"}],"about":[{"href":"https:\/\/www.appoloviracel.com.uy\/index.php\/wp-json\/wp\/v2\/types\/product"}],"replies":[{"embeddable":true,"href":"https:\/\/www.appoloviracel.com.uy\/index.php\/wp-json\/wp\/v2\/comments?post=39637"}],"wp:featuredmedia":[{"embeddable":true,"href":"https:\/\/www.appoloviracel.com.uy\/index.php\/wp-json\/wp\/v2\/media\/39638"}],"wp:attachment":[{"href":"https:\/\/www.appoloviracel.com.uy\/index.php\/wp-json\/wp\/v2\/media?parent=39637"}],"curies":[{"name":"wp","href":"https:\/\/api.w.org\/{rel}","templated":true}]}}