{"id":39211,"date":"2023-05-21T18:39:30","date_gmt":"2023-05-21T21:39:30","guid":{"rendered":"https:\/\/www.appoloviracel.com.uy\/?post_type=product&#038;p=39211"},"modified":"2023-08-18T20:14:55","modified_gmt":"2023-08-18T23:14:55","slug":"celular-xiaomi-12pro-5g-256gb-8gb","status":"publish","type":"product","link":"https:\/\/www.appoloviracel.com.uy\/index.php\/product\/celular-xiaomi-12pro-5g-256gb-8gb\/","title":{"rendered":"Celular Xiaomi \u00ab12Pro\u00bb 5G (256Gb-12Gb)"},"content":{"rendered":"<h2>Caracter\u00edsticas y especificaciones:<strong>\u00a0<\/strong><\/h2>\n<h3><span style=\"color: #003366;\">L\u00ednea de alta gama<\/span><\/h3>\n<h4><span style=\"color: #ff0000;\"><strong>Apto para LTE de todas las compa\u00f1\u00edas.<\/strong><\/span><\/h4>\n<p>El <strong>Xiaomi 12 Pro<\/strong> es el verdadero flagship de la serie 12 de Xiaomi. Con una pantalla LTPO AMOLED de 6.73 pulgadas a resoluci\u00f3n 1440p y tasa de refresco de 120Hz, el Xiaomi 12 Pro est\u00e1 potenciado por un procesador Snapdragon 8 Gen 1 de Qualcomm, junto con 12GB de RAM y 256GB de almacenamiento interno no expandible. En el dorso del Xiaomi 12 Pro encontramos un conjunto de tres c\u00e1maras de 50MP, wide, ultrawide y telefoto, respectivamente, mientras que la c\u00e1mara selfie es de 32MP. Una bater\u00eda de 4600 mAh de carga r\u00e1pida de 120W y compatible con carga inal\u00e1mbrica alimenta al Xiaomi 12 Pro que completa sus caracter\u00edsticas con unos parlantes stereo optimizados por Harman Kardon, lector de huellas bajo la pantalla, y MIUI 13 basado en Android 12.<\/p>\n<ul>\n<li><strong>Pantalla: 6.73&#8243;, 1440 * 3200 pixels<\/strong><\/li>\n<li><strong>Procesador: Snapdragon 8 Gen 1 3GHz<\/strong><\/li>\n<li><strong>RAM: 12GB<\/strong><\/li>\n<li><strong>Almacenamiento: 256GB<\/strong><\/li>\n<li><strong>Expansi\u00f3n: sin microSD<\/strong><\/li>\n<li><strong>C\u00e1mara: Triple, 50MP+50MP+50MP<\/strong><\/li>\n<li><strong>Bater\u00eda: 4600 mAh<\/strong><\/li>\n<li><strong>OS: Android 12<\/strong><\/li>\n<li><strong>Perfil: 8.2 mm<\/strong><\/li>\n<li><strong>Peso: 205 gramos<\/strong><\/li>\n<li>Se incluyen los siguientes accesorios: <strong>Cargador y Manual <\/strong><\/li>\n<li><strong>Garant\u00eda:<\/strong> 12 meses contra defecto de fabricaci\u00f3n<\/li>\n<\/ul>\n<h4><\/h4>\n<h4><span style=\"color: #ff0000;\"><strong>Contado efectivo: 10% de Descuento<\/strong><\/span><\/h4>\n<h5><strong>*Las im\u00e1genes son a modo ilustrativo.<\/strong><\/h5>\n","protected":false},"excerpt":{"rendered":"<h3><span style=\"color: #339966;\"><strong>U$S 1.099<\/strong><\/span><\/h3>\n","protected":false},"featured_media":39212,"comment_status":"open","ping_status":"closed","template":"","meta":[],"_links":{"self":[{"href":"https:\/\/www.appoloviracel.com.uy\/index.php\/wp-json\/wp\/v2\/product\/39211"}],"collection":[{"href":"https:\/\/www.appoloviracel.com.uy\/index.php\/wp-json\/wp\/v2\/product"}],"about":[{"href":"https:\/\/www.appoloviracel.com.uy\/index.php\/wp-json\/wp\/v2\/types\/product"}],"replies":[{"embeddable":true,"href":"https:\/\/www.appoloviracel.com.uy\/index.php\/wp-json\/wp\/v2\/comments?post=39211"}],"wp:featuredmedia":[{"embeddable":true,"href":"https:\/\/www.appoloviracel.com.uy\/index.php\/wp-json\/wp\/v2\/media\/39212"}],"wp:attachment":[{"href":"https:\/\/www.appoloviracel.com.uy\/index.php\/wp-json\/wp\/v2\/media?parent=39211"}],"curies":[{"name":"wp","href":"https:\/\/api.w.org\/{rel}","templated":true}]}}