{"id":39003,"date":"2023-05-18T18:33:19","date_gmt":"2023-05-18T21:33:19","guid":{"rendered":"https:\/\/www.appoloviracel.com.uy\/?post_type=product&#038;p=39003"},"modified":"2023-08-17T14:36:03","modified_gmt":"2023-08-17T17:36:03","slug":"smartwatch-xiaomi-mibro-color","status":"publish","type":"product","link":"https:\/\/www.appoloviracel.com.uy\/index.php\/product\/smartwatch-xiaomi-mibro-color\/","title":{"rendered":"Smartwatch Xiaomi \u00abMibro Color\u00bb"},"content":{"rendered":"<h2>Caracter\u00edsticas y especificaciones:<\/h2>\n<ul>\n<li><strong>Marca: Mibro<\/strong><\/li>\n<li><strong>Pantalla : 1.57&#8243;; Resoluci\u00f3n 240 x 240 px<\/strong><\/li>\n<li><strong>Color: Negro<\/strong><\/li>\n<li><strong>Material de la correa: Silicona<\/strong><\/li>\n<li><strong>Resistencia al agua: 5 ATM (50 mts.)<\/strong><\/li>\n<li><strong>Compatibilidad: Android 5.0 e iOS 10 o superior<\/strong><\/li>\n<li><strong>Dimensiones: 43 * 35 mm; espesor: 10,2 mm<\/strong><\/li>\n<li><strong>Caracter\u00edsticas: Sensores: PPG para medir la frecuencia card\u00edaca; SpO2 para medir el ox\u00edgeno en sangre; ACC.<\/strong><\/li>\n<li><strong>Bater\u00eda: 270 mAh (hasta 14 d\u00edas de autonom\u00eda)<\/strong><\/li>\n<li><strong>Peso: 52 grs.<\/strong><\/li>\n<li><strong>Funciones del Reloj: Notificaciones de llamadas y mensajes de WhatsApp; SMS; Gmail; Disparador de c\u00e1mara a distancia; Controles de reproducci\u00f3n de m\u00fasica; Funci\u00f3n de encontrar mi tel\u00e9fono; Recordatorios; App de clima; Temporizador; Calculadora; Cron\u00f3metro y alarma; 15 modos: cinta de correr; correr al aire libre; caminar; f\u00fatbol; b\u00e1dminton; tenis; baloncesto; ciclismo; ciclismo al aire libre; m\u00e1quina el\u00edptica; a pie; yoga; entrenamiento de fuerza; entrenamiento libre.<\/strong><\/li>\n<li><strong>Garant\u00eda<\/strong>: 6 meses contra defecto de fabricaci\u00f3n<\/li>\n<\/ul>\n<h4><\/h4>\n<h4><span style=\"color: #ff0000;\"><strong>* La garant\u00eda no cubre falla que se pueda dar por un uso intensivo.<\/strong><\/span><\/h4>\n<h5><strong>*Las im\u00e1genes son a modo ilustrativo.<\/strong><\/h5>\n","protected":false},"excerpt":{"rendered":"<h3><span style=\"color: #339966;\"><strong>$ 2.490<\/strong><\/span><\/h3>\n","protected":false},"featured_media":39004,"comment_status":"open","ping_status":"closed","template":"","meta":[],"_links":{"self":[{"href":"https:\/\/www.appoloviracel.com.uy\/index.php\/wp-json\/wp\/v2\/product\/39003"}],"collection":[{"href":"https:\/\/www.appoloviracel.com.uy\/index.php\/wp-json\/wp\/v2\/product"}],"about":[{"href":"https:\/\/www.appoloviracel.com.uy\/index.php\/wp-json\/wp\/v2\/types\/product"}],"replies":[{"embeddable":true,"href":"https:\/\/www.appoloviracel.com.uy\/index.php\/wp-json\/wp\/v2\/comments?post=39003"}],"wp:featuredmedia":[{"embeddable":true,"href":"https:\/\/www.appoloviracel.com.uy\/index.php\/wp-json\/wp\/v2\/media\/39004"}],"wp:attachment":[{"href":"https:\/\/www.appoloviracel.com.uy\/index.php\/wp-json\/wp\/v2\/media?parent=39003"}],"curies":[{"name":"wp","href":"https:\/\/api.w.org\/{rel}","templated":true}]}}