{"id":38862,"date":"2023-05-16T21:26:40","date_gmt":"2023-05-17T00:26:40","guid":{"rendered":"https:\/\/www.appoloviracel.com.uy\/?post_type=product&#038;p=38862"},"modified":"2023-08-16T22:01:20","modified_gmt":"2023-08-17T01:01:20","slug":"smartwatch-realme-watch-2","status":"publish","type":"product","link":"https:\/\/www.appoloviracel.com.uy\/index.php\/product\/smartwatch-realme-watch-2\/","title":{"rendered":"Smartwatch Realme \u00abWatch 2\u00bb"},"content":{"rendered":"<h2>Caracter\u00edsticas y especificaciones:<\/h2>\n<p>Realme presenta su nuevo reloj inteligente: el realme Watch 2. La nueva generaci\u00f3n de su smartwatch llega con una pantalla a color, <strong>monitorizaci\u00f3n del ritmo card\u00edaco continuo y hasta 90 modos de deporte<\/strong>. Un econ\u00f3mico reloj donde se ha mejorado enormemente en uno de los aspectos donde su primera generaci\u00f3n ya destacaba; la bater\u00eda.<\/p>\n<ul>\n<li><strong>Dimensiones: 257,6 * 35,7 * 12,2 mm<\/strong><\/li>\n<li><strong>Peso: 38 grs.<\/strong><\/li>\n<li><strong>Pantalla: LCD 1,4&#8243; (320 * 320 px); 600 nits; Gorilla Glass 3 2.5D<\/strong><\/li>\n<li><strong>Sensores: Aceler\u00f3metro, ritmo card\u00edaco 24h, Bluetooth 5.0, ox\u00edgeno en sangre (SpO2)<\/strong><\/li>\n<li><strong>Medici\u00f3n: 90 modos de deporte, control de pasos, calor\u00edas, distancia, sedentarismo<\/strong><\/li>\n<li><strong>Software: Compatible con dispositivos Android 5.0+ e iOS 11 o superior a trav\u00e9s de la app Realme Link<\/strong><\/li>\n<li><strong>Resistencia: IP68<\/strong><\/li>\n<li><strong>Bater\u00eda: 315 mAh (hasta 12 d\u00edas te\u00f3ricos)<\/strong><\/li>\n<li><strong>Garant\u00eda<\/strong>: 6 meses contra defecto de fabricaci\u00f3n<\/li>\n<\/ul>\n<h4><\/h4>\n<h4><span style=\"color: #ff0000;\"><strong>* La garant\u00eda no cubre falla que se pueda dar por un uso intensivo.<\/strong><\/span><\/h4>\n<h5><strong>\u00a0<\/strong><strong>*Las im\u00e1genes son a modo ilustrativo.<\/strong><\/h5>\n","protected":false},"excerpt":{"rendered":"<h3><span style=\"color: #339966;\"><strong>$ 3.290<\/strong><\/span><\/h3>\n","protected":false},"featured_media":38863,"comment_status":"open","ping_status":"closed","template":"","meta":[],"_links":{"self":[{"href":"https:\/\/www.appoloviracel.com.uy\/index.php\/wp-json\/wp\/v2\/product\/38862"}],"collection":[{"href":"https:\/\/www.appoloviracel.com.uy\/index.php\/wp-json\/wp\/v2\/product"}],"about":[{"href":"https:\/\/www.appoloviracel.com.uy\/index.php\/wp-json\/wp\/v2\/types\/product"}],"replies":[{"embeddable":true,"href":"https:\/\/www.appoloviracel.com.uy\/index.php\/wp-json\/wp\/v2\/comments?post=38862"}],"wp:featuredmedia":[{"embeddable":true,"href":"https:\/\/www.appoloviracel.com.uy\/index.php\/wp-json\/wp\/v2\/media\/38863"}],"wp:attachment":[{"href":"https:\/\/www.appoloviracel.com.uy\/index.php\/wp-json\/wp\/v2\/media?parent=38862"}],"curies":[{"name":"wp","href":"https:\/\/api.w.org\/{rel}","templated":true}]}}