{"id":38845,"date":"2023-05-15T22:25:54","date_gmt":"2023-05-16T01:25:54","guid":{"rendered":"https:\/\/www.appoloviracel.com.uy\/?post_type=product&#038;p=38845"},"modified":"2023-07-29T17:19:19","modified_gmt":"2023-07-29T20:19:19","slug":"smartwatch-xiaomi-haylou-rt3-solar-plus","status":"publish","type":"product","link":"https:\/\/www.appoloviracel.com.uy\/index.php\/product\/smartwatch-xiaomi-haylou-rt3-solar-plus\/","title":{"rendered":"Smartwatch Xiaomi \u00abHaylou RT3 Solar Plus\u00bb"},"content":{"rendered":"<h2>Caracter\u00edsticas y especificaciones:<\/h2>\n<p>Haylou Solar Plus RT3, llamadas v\u00eda bluetooth, tiene tests de estr\u00e9s y de emoci\u00f3n<\/p>\n<p><strong>Pantalla de 1.43&#8243; AMOLED &#8211; Llamadas v\u00eda bluetooth &#8211; Test de estr\u00e9s y emoci\u00f3n &#8211; 105 Modos deportivos &#8211; Monitorizaci\u00f3n de la frecuencia card\u00edaca &#8211; Sensor de ox\u00edgeno en sangre &#8211; Resistencia IP68 &#8211; Hasta 7 d\u00edas &#8211; Negro<\/strong><\/p>\n<p>El nuevo smartwatch <strong>Haylou Solar Plus RT3<\/strong> es un dispositivo que cuenta con una <strong>pantalla de 1.43&#8243; AMOLED<\/strong>, que posee una resoluci\u00f3n de 466 x 466 px y con <strong>cristal curvado 2.5D<\/strong>. Adem\u00e1s, posee un acabado en metal, que lo hace resistente a la corrosi\u00f3n y a los golpes del d\u00eda a d\u00eda. Tambi\u00e9n permite elegir entre <strong>m\u00e1s de 100 diales<\/strong> para que est\u00e9 adaptado a cada usuario y momento.<\/p>\n<h5>Resistencia al agua IP68<\/h5>\n<p>Es un modelo deportivo, porque este nuevo smartphone cuenta con <strong>resistencia al polvo y salpicaduras IP68<\/strong>, con lo que permite usarlo incluso corriendo bajo la lluvia.<\/p>\n<h5>Llamadas por bluetooth<\/h5>\n<p>Este nuevo modelo de Haylou incluye <strong>conectividad Bluetooth v5.3<\/strong>, con altavoz y micr\u00f3fono interno, que permite contestar llamadas directamente en el reloj.<\/p>\n<h5>Sensores para detectar el estado de salud<\/h5>\n<p>En cuanto a sensores, el <strong>Haylou Solar Plus RT3<\/strong> cuenta con un <strong>sensor de ritmo card\u00edaco cont\u00ednuo durante 24 horas<\/strong>, medici\u00f3n de <strong>nivel de ox\u00edgeno (SpO2)<\/strong>, sensor geomagn\u00e9tico y pod\u00f3metro incorporado.<\/p>\n<h5>Salud femenina y monitorizaci\u00f3n de sue\u00f1o<\/h5>\n<p>Por otro lado, tambi\u00e9n posee <strong>alerta de sedentarismo<\/strong>, que avisar\u00e1 cuando el usuario est\u00e9 m\u00e1s de una hora sentado; <strong>control de la salud femenina<\/strong>, y monitorizaci\u00f3n de sue\u00f1o, con capacidad de mostrar cuanto tiempo ha descansado profundamente, cuanto ha estado en sue\u00f1o ligero, en fase REM y despierto.<\/p>\n<h5>105 deportes incorporados<\/h5>\n<p>Todos estos datos teniendo este modelo diferentes perfiles para adaptar los datos deportivos. Cuenta con <strong>105 deportes<\/strong> diferentes con ejemplos como correr al aire libre, caminar, montar en bicicleta, escalada, hacer spinning y mucho m\u00e1s. Incluso posee un <strong>test de emoci\u00f3n y de estr\u00e9s<\/strong>, para que el usuario sepa si su estado de \u00e1nimo ha afectado al rendimiento deportivo.<\/p>\n<h5>Bater\u00eda f\u00e1cil de cargar y con una buen duraci\u00f3n<\/h5>\n<p>La bater\u00eda de este smartwatch es de <strong>280 mAh<\/strong>, teniendo una <strong>autonom\u00eda de hasta 7 d\u00edas<\/strong> con su sensor de ritmo card\u00edaco encendido, aunque sin \u00e9l activo llegar\u00e1 a los 20 d\u00edas f\u00e1cilmente. Para su recarga posee un conector magn\u00e9tico trasero que lo carga en s\u00f3lo 2 horas,<\/p>\n<h3>Especificaciones t\u00e9cnicas Haylou Solar Plus RT3 Negro &#8211; Smartwatch:<\/h3>\n<ul>\n<li>Marca: Haylou<\/li>\n<li>Modelo: Solar Plus RT3<\/li>\n<li>Pantalla:\n<ul>\n<li>Dimensiones: 1.43&#8243; AMOLED<\/li>\n<li>Resoluci\u00f3n: 466 x 466 px<\/li>\n<li>Cristal curvado 2.5D<\/li>\n<li>Pantalla Always-ON<\/li>\n<\/ul>\n<\/li>\n<li>Conexiones inal\u00e1mbricas:\n<ul>\n<li>Bluetooth v5.3<\/li>\n<li>APP Haylou Fan (Android\/iOS)<\/li>\n<li>Sistemas compatibles: Android 6.0, iOS 11.0 y superior<\/li>\n<\/ul>\n<\/li>\n<li>Sensores:\n<ul>\n<li>Sensor de frecuencia card\u00edaca<\/li>\n<li>Sensor de ox\u00edgeno en sangre<\/li>\n<li>Aceler\u00f3metro<\/li>\n<\/ul>\n<\/li>\n<li>Caracter\u00edsticas:\n<ul>\n<li>Resistencia al agua IP68<\/li>\n<li>105 Modos deportivos<\/li>\n<li>Llamadas por bluetooth<\/li>\n<li>Monitorizaci\u00f3n de frecuencia card\u00edaca<\/li>\n<li>Detecci\u00f3n de ox\u00edgeno en sangre<\/li>\n<li>Control de la salud femenina<\/li>\n<li>Ejercicios de respiraci\u00f3n<\/li>\n<li>Detecci\u00f3n de emociones<\/li>\n<li>Detecci\u00f3n de estr\u00e9s<\/li>\n<li>Detecci\u00f3n de sue\u00f1o<\/li>\n<li>Idiomas soportados: espa\u00f1ol, portugu\u00e9s, franc\u00e9s, ingl\u00e9s, etc.<\/li>\n<li>Cron\u00f3metro<\/li>\n<li>Recordatorio de sedentarismo<\/li>\n<li>Control de la m\u00fasica<\/li>\n<li>Encontrar tel\u00e9fono<\/li>\n<li>Recordatorio de mensajes<\/li>\n<li>Tiempo<\/li>\n<li>Calculadora<\/li>\n<li>M\u00e1s de 100 diales<\/li>\n<\/ul>\n<\/li>\n<li>Bater\u00eda:\n<ul>\n<li>Capacidad: 280 mAh<\/li>\n<li>Tiempo de uso: hasta 7 d\u00edas (normal)\/hasta 20 d\u00edas (standby)<\/li>\n<\/ul>\n<\/li>\n<li>Dimensiones: 45 x 45 x 10.1 mm<\/li>\n<li>Peso: 49.5 gr (con correa)<\/li>\n<li>Color: Negro<\/li>\n<\/ul>\n<h3><\/h3>\n<h3>Contenido de la caja:<\/h3>\n<ul>\n<li>1 x Haylou Solar Plus RT3 Negro &#8211; Smartwatch<\/li>\n<li>1 x Cable de carga<\/li>\n<li>1 x Manual de usuario<\/li>\n<\/ul>\n<ul>\n<li><strong>Garant\u00eda<\/strong>: 6 meses contra defecto de fabricaci\u00f3n<\/li>\n<\/ul>\n<h4><\/h4>\n<h4><span style=\"color: #ff0000;\"><strong>* La garant\u00eda no cubre falla que se pueda dar por un uso intensivo.<\/strong><\/span><\/h4>\n<h5><strong>*Las im\u00e1genes son a modo ilustrativo.<\/strong><\/h5>\n<p>&nbsp;<\/p>\n","protected":false},"excerpt":{"rendered":"<h3><span style=\"color: #339966;\"><strong>$ 3.010<\/strong><\/span><\/h3>\n","protected":false},"featured_media":38846,"comment_status":"open","ping_status":"closed","template":"","meta":[],"_links":{"self":[{"href":"https:\/\/www.appoloviracel.com.uy\/index.php\/wp-json\/wp\/v2\/product\/38845"}],"collection":[{"href":"https:\/\/www.appoloviracel.com.uy\/index.php\/wp-json\/wp\/v2\/product"}],"about":[{"href":"https:\/\/www.appoloviracel.com.uy\/index.php\/wp-json\/wp\/v2\/types\/product"}],"replies":[{"embeddable":true,"href":"https:\/\/www.appoloviracel.com.uy\/index.php\/wp-json\/wp\/v2\/comments?post=38845"}],"wp:featuredmedia":[{"embeddable":true,"href":"https:\/\/www.appoloviracel.com.uy\/index.php\/wp-json\/wp\/v2\/media\/38846"}],"wp:attachment":[{"href":"https:\/\/www.appoloviracel.com.uy\/index.php\/wp-json\/wp\/v2\/media?parent=38845"}],"curies":[{"name":"wp","href":"https:\/\/api.w.org\/{rel}","templated":true}]}}