{"id":38703,"date":"2023-05-14T11:49:59","date_gmt":"2023-05-14T14:49:59","guid":{"rendered":"https:\/\/www.appoloviracel.com.uy\/?post_type=product&#038;p=38703"},"modified":"2023-07-23T19:52:15","modified_gmt":"2023-07-23T22:52:15","slug":"smartwatch-xiaomi-haylou-ls13-gst-lite","status":"publish","type":"product","link":"https:\/\/www.appoloviracel.com.uy\/index.php\/product\/smartwatch-xiaomi-haylou-ls13-gst-lite\/","title":{"rendered":"Smartwatch Xiaomi \u00abHaylou LS13  GST Lite\u00bb"},"content":{"rendered":"<h2>Caracter\u00edsticas y especificaciones:<\/h2>\n<p>Haylou GST Lite \u2013 Smartwatch, pantalla TFT LCD de 1.69\u201d, IP68, correa de silicona, Verde<\/p>\n<p><strong>Pantalla TFT LCD \u2013 Dise\u00f1o rectangular de 1.69&#8243; \u2013 Resoluci\u00f3n 240 x 280 p \u2013 Monitor de la frecuencia card\u00edaca 24\/7 \u2013 Monitor SpO2 \u2013 Registro del sue\u00f1o \u2013 30 modos deportivos \u2013 Resistencia al agua y al polvo IP68 \u2013 Autonom\u00eda de hasta 9 d\u00edas \u2013 Verde. <\/strong><\/p>\n<p>El <strong><em>Haylou GST Lite<\/em><\/strong> es un <strong>smartwatch<\/strong> de formato <strong>rectangular<\/strong> y pantalla de <strong>1.69 pulgadas<\/strong>. Presenta un dise\u00f1o ligero de tan solo <strong>39 gramos<\/strong> y est\u00e1 disponible en tres fant\u00e1sticos colores: negro, <strong>verde<\/strong> y rosa. Adem\u00e1s de esto, incluye <strong>30 modos deportivos<\/strong>, una bater\u00eda con duraci\u00f3n de hasta 9 d\u00edas, m\u00faltiples funciones para el control del estado f\u00edsico y de asistencia diaria.<\/p>\n<h5>\u00bfQu\u00e9 modos deportivos lleva el Haylou GST Lite?<\/h5>\n<p>Correr al aire libre, Correr en interiores, Caminar al aire libre, Caminar en interiores, Ciclismo al aire libre, Ciclismo en interiores, Entrenamiento de estilo libre, Yoga, Pilates, Cinta de correr, Entrenador el\u00edptico, M\u00e1quina de remo, Gimnasia, Monta\u00f1ismo, Senderismo, Pesca, Patinaje, Remo, Escalada, Curling, Esqu\u00ed, Patinaje sobre hielo, Tenis de mesa, B\u00e1dminton, F\u00fatbol, Baloncesto, Voleibol, B\u00e9isbol, Tenis.<\/p>\n<h5>\u00bfQu\u00e9 correa incluye el Haylou GST Lite?<\/h5>\n<p>El smartwatch Haylou GST Lite viene de serie con una <strong>correa de silicona<\/strong> c\u00f3moda, ligera y suave.<\/p>\n<p>No obstante, se puede reemplazar f\u00e1cilmente por una <strong>correa universal de 22mm<\/strong>. Aqu\u00ed, <strong>en Greatecno<\/strong>, tenemos multitud de correas de repuesto: cuero sint\u00e9tico, silicona, milanesa\u2026 \u00a1Encuentra la que m\u00e1s te guste tambi\u00e9n en los <strong>art\u00edculos relacionados<\/strong> de este producto!<\/p>\n<h5>\u00bfQu\u00e9 significa que el Haylou GST Lite sea IP68?<\/h5>\n<p><strong>IP68<\/strong> es una escala de protecci\u00f3n donde el 6 corresponde a la <strong>resistencia al polvo<\/strong> y el 8 hace referencia a la <strong>resistencia al agua<\/strong>. Ambos son los <strong>valores m\u00e1ximos<\/strong> dentro de esta certificaci\u00f3n.<\/p>\n<p>En el caso del GST Lite, el fabricante nos indica que aguanta el sudor producido durante los entrenamientos y que nos podremos lavar las manos con \u00e9l puesto, pero recomiendan no <strong>sumergirlo o practicar nataci\u00f3n<\/strong> con \u00e9l.<\/p>\n<h5>Caracter\u00edsticas principales Haylou GST Lite:<\/h5>\n<ul>\n<li>Gran <strong>pantalla TFT<\/strong> de <strong>1.69 pulgadas<\/strong> con resoluci\u00f3n HD de <strong>240 x 280 p\u00edxeles<\/strong> y cristal curvo 2.5D.<\/li>\n<li>Incluye varios dise\u00f1os para la <strong>esfera del reloj<\/strong> y admite la personalizaci\u00f3n de los mismos con las <strong>fotos de tu galer\u00eda<\/strong>.<\/li>\n<li>Registro de la <strong>frecuencia card\u00edaca<\/strong>, la <strong>quema de calor\u00edas<\/strong> y otra informaci\u00f3n esencial mientras practicas ejercicio. Escoge entre <strong>30 modos deportivos<\/strong>.<\/li>\n<li><strong>Registra las horas de descanso<\/strong>, detectando y analizando de forma integral las fases del sue\u00f1o y su duraci\u00f3n. Tambi\u00e9n puede monitorizar el <strong>nivel de SpO2<\/strong> de forma continua mientras duermes.<\/li>\n<li><strong>Controla tu estado f\u00edsico*<\/strong> monitorizando la <strong>frecuencia card\u00edaca<\/strong> de forma continua, registrando el <strong>ciclo menstrual<\/strong> y comprobando el <strong>nivel de estr\u00e9s<\/strong>.<\/li>\n<li>Vincula el reloj Haylou GST Lite al m\u00f3vil mediante <strong>Bluetooth<\/strong> para recibir <strong>alertas de mensajes o notificaciones<\/strong> entrantes, controlar la reproducci\u00f3n de m\u00fasica o encontrar el tel\u00e9fono.<\/li>\n<li>Bater\u00eda de <strong>220 mAh<\/strong> con una autonom\u00eda de aproximadamente <strong>9 d\u00edas**<\/strong>.<\/li>\n<\/ul>\n<h5><\/h5>\n<h3>Especificaciones t\u00e9cnicas Haylou GST Lite:<\/h3>\n<h5><strong>Par\u00e1metros generales<\/strong><\/h5>\n<ul>\n<li>Marca: Haylou<\/li>\n<li>Producto: Reloj inteligente<\/li>\n<li>Modelo: GST Lite<\/li>\n<\/ul>\n<h5><\/h5>\n<h5><strong>Pantalla<\/strong><\/h5>\n<ul>\n<li>Tama\u00f1o: 1.69\u201d (rectangular)<\/li>\n<li>Tipo: TFT<\/li>\n<li>Resoluci\u00f3n: 240 x 280 p<\/li>\n<li>T\u00e1ctil: S\u00ed<\/li>\n<\/ul>\n<h5><\/h5>\n<h5><strong>Par\u00e1metros t\u00e9cnicos<\/strong><\/h5>\n<ul>\n<li>Conectividad: Bluetooth 5.0<\/li>\n<li>Sistema operativo compatible: Android 6.0 o superior, iOS 11.0 o superior<\/li>\n<li>Aplicaci\u00f3n: Haylou Fun<\/li>\n<\/ul>\n<h5><\/h5>\n<h5><strong>Bater\u00eda<\/strong><\/h5>\n<ul>\n<li>Capacidad: 220 mAh<\/li>\n<li>Autonom\u00eda (uso t\u00edpico diario): 9 d\u00edas<\/li>\n<\/ul>\n<p>&nbsp;<\/p>\n<h5><strong>Dise\u00f1o<\/strong><\/h5>\n<ul>\n<li>Correa: Silicona intercambiable (compatible con las correas universales de 22mm)<\/li>\n<li>Grado de impermeabilidad: IP68<\/li>\n<li>Dimensiones: 45.7 x 37 x 11.4 mm<\/li>\n<li>Color: Verde<\/li>\n<\/ul>\n<h5><\/h5>\n<h5><strong>Contenido del paquete<\/strong><\/h5>\n<ul>\n<li>1 x Haylou GST Lite Verde<\/li>\n<li>1 x Cable de carga<\/li>\n<li>1 x Manual de usuario<\/li>\n<\/ul>\n<p>&nbsp;<\/p>\n<ul>\n<li><strong>Garant\u00eda<\/strong>: 6 meses contra defecto de fabricaci\u00f3n<\/li>\n<\/ul>\n<h4><\/h4>\n<h4><span style=\"color: #ff0000;\"><strong>* La garant\u00eda no cubre falla que se pueda dar por un uso intensivo.<\/strong><\/span><\/h4>\n<h5><strong>\u00a0<\/strong><strong>*Las im\u00e1genes son a modo ilustrativo.<\/strong><\/h5>\n","protected":false},"excerpt":{"rendered":"<h3><span style=\"color: #339966;\"><strong>$ 2.050<\/strong><\/span><\/h3>\n","protected":false},"featured_media":38704,"comment_status":"open","ping_status":"closed","template":"","meta":[],"_links":{"self":[{"href":"https:\/\/www.appoloviracel.com.uy\/index.php\/wp-json\/wp\/v2\/product\/38703"}],"collection":[{"href":"https:\/\/www.appoloviracel.com.uy\/index.php\/wp-json\/wp\/v2\/product"}],"about":[{"href":"https:\/\/www.appoloviracel.com.uy\/index.php\/wp-json\/wp\/v2\/types\/product"}],"replies":[{"embeddable":true,"href":"https:\/\/www.appoloviracel.com.uy\/index.php\/wp-json\/wp\/v2\/comments?post=38703"}],"wp:featuredmedia":[{"embeddable":true,"href":"https:\/\/www.appoloviracel.com.uy\/index.php\/wp-json\/wp\/v2\/media\/38704"}],"wp:attachment":[{"href":"https:\/\/www.appoloviracel.com.uy\/index.php\/wp-json\/wp\/v2\/media?parent=38703"}],"curies":[{"name":"wp","href":"https:\/\/api.w.org\/{rel}","templated":true}]}}