{"id":38528,"date":"2023-05-13T20:40:54","date_gmt":"2023-05-13T23:40:54","guid":{"rendered":"https:\/\/www.appoloviracel.com.uy\/?post_type=product&#038;p=38528"},"modified":"2023-07-15T17:30:35","modified_gmt":"2023-07-15T20:30:35","slug":"smartwatch-xiaomi-haylou-rs3","status":"publish","type":"product","link":"https:\/\/www.appoloviracel.com.uy\/index.php\/product\/smartwatch-xiaomi-haylou-rs3\/","title":{"rendered":"Smartwatch Xiaomi \u00abHaylou RS3\u00bb"},"content":{"rendered":"<h2>Caracter\u00edsticas y especificaciones:<\/h2>\n<p>Haylou RS3, reloj inteligente con aspecto premium y sensores de alta precisi\u00f3n<\/p>\n<p><strong>Pantalla t\u00e1ctil AMOLED 1.2&#8243; &#8211; Resoluci\u00f3n 390x390p &#8211; Bluetooth 5.0 &#8211; Alerta de llamadas, mensajes y notificaciones &#8211; Resistencia al agua 5 ATM &#8211; Sensor de Ritmo Card\u00edaco 24\/7 &#8211; Registro de actividad &#8211; M\u00faltiples modos deportivos &#8211; Autonom\u00eda de hasta 7 d\u00edas con uso t\u00edpico diario<\/strong><\/p>\n<p>Se trata de un <strong>reloj inteligente<\/strong> bastante <strong>m\u00e1s econ\u00f3mico<\/strong> que opciones similares de la competencia, y que cuenta con todo lo imprescindible para para que te mantengas conectado mientras mides tu actividad deportiva diaria y tus par\u00e1metros de salud: <strong>alerta de llamadas, mensajes y notificaciones<\/strong> v\u00eda Bluetooth, impresionante <strong>pantalla HD AMOLED de 1.2&#8243;<\/strong>, <strong>asistencia deportiva<\/strong>, <strong>resistencia al agua 5 ATM<\/strong>&#8230;<\/p>\n<h5>Pantalla 2.5D curva de alta definici\u00f3n y 1.2&#8243;<\/h5>\n<p>Disfruta de una visualizaci\u00f3n r\u00e1pida de todos los datos e informaci\u00f3n a trav\u00e9s de la <strong>pantalla AMOLED de 1.2 pulgadas<\/strong> del Haylou RS3, que muestra im\u00e1genes n\u00edtidas y de <strong>alta resoluci\u00f3n (390x390p)<\/strong> incluso a plena luz del d\u00eda, con gran definici\u00f3n de detalles y colores v\u00edvidos. Su <strong>forma redonda<\/strong> le da el toque cl\u00e1sico que volver\u00e1 locos a los amantes de los relojes, aunque con la innovadora tecnolog\u00eda de <strong>funci\u00f3n t\u00e1ctil<\/strong> para navegar c\u00f3modamente por ella.<\/p>\n<h5>Bordes curvos, cuerpo de aluminio y acabado mate<\/h5>\n<p>Por supuesto, este impresionante panel del nuevo smartwatch Haylou RS3 se funde de manera exquisita con el <strong>marco fabricado en aleaci\u00f3n de aluminio<\/strong> gracias a los <strong>bordes 2.5D curvos<\/strong>, que le otorgan un caracter\u00edstico <strong>aspecto \u00abpremium\u00bb<\/strong> junto a una agradable sensaci\u00f3n t\u00e1ctil para tus dedos. Asimismo, el <strong>acabado mate \u00abarenoso\u00bb<\/strong> del cuerpo lo hacen <strong>resistente a los ara\u00f1azos<\/strong>, sin que queden marcas de huellas, sudor, agua, etc.<\/p>\n<h5>Resistencia al agua 5 ATM con modo profesional de nataci\u00f3n<\/h5>\n<p>Pero, adem\u00e1s de la dureza, este <strong>cuerpo met\u00e1lico uni-body<\/strong> del reloj inteligente RS3 presenta un nivel de <strong>resistencia al agua 5 ATM<\/strong>, resistiendo inmersiones de <strong>hasta 50 metros<\/strong>, as\u00ed como salpicaduras al ducharte, correr bajo la lluvia o practicar alg\u00fan deporte acu\u00e1tico. \u00a1Incluso podr\u00e1s disfrutar de un <strong>modo profesional de nataci\u00f3n<\/strong>!<\/p>\n<h5>Registro de actividad con 14 modos deportivos<\/h5>\n<p>No hay mayor motivaci\u00f3n para realizar ejercicio que tener constancia de los buenos resultados que poco a poco vas consiguiendo.<\/p>\n<p>Por eso mismo el Haylou RS3 tambi\u00e9n te servir\u00e1 para llevar a cabo un <strong>registro de la actividad deportiva<\/strong> diaria, midiendo diversas marcas como los <strong>pasos dados<\/strong>, la <strong>distancia recorrida<\/strong>, las <strong>calor\u00edas consumidas<\/strong> o la <strong>frecuencia card\u00edaca<\/strong>.<\/p>\n<p>Todo ello pudiendo adaptarlo a uno de los <strong>14 modos deportivos<\/strong> incluidos, que incluye: carrera en exterior, caminata r\u00e1pida, ciclismo, monta\u00f1ismo, spinning. carrera en cinta, entrenamiento libre, baloncesto, f\u00fatbol, nataci\u00f3n en abierto y nataci\u00f3n en piscina, entre otros.<\/p>\n<h5>Sensor aceler\u00f3metro y GPS de alta precisi\u00f3n<\/h5>\n<p>Y, con el fin de que todo cuente, el Haylou RS3 de equipa un <strong>sensor aceler\u00f3metro de 6 ejes<\/strong>, que mantiene una <strong>precisi\u00f3n exacta<\/strong> en la detecci\u00f3n de todos tus movimientos y tiene en consideraci\u00f3n cada paso dado y cada calor\u00eda quemada para el c\u00f3mputo total al final del d\u00eda. Tambi\u00e9n incluye un m\u00f3dulo <strong>GPS<\/strong> para rastrear con precisi\u00f3n las localizaciones y los <strong>kil\u00f3metros de tus recorridos<\/strong>.<\/p>\n<h5>24 horas de monitorizaci\u00f3n del ritmo card\u00edaco<\/h5>\n<p>Por su puesto, lo mejor de todo es que el nuevo reloj Haylou tambi\u00e9n te ayuda a controlar tu estado de salud.<\/p>\n<p>Por ejemplo, a trav\u00e9s de la <strong>medici\u00f3n continuada y din\u00e1mica del ritmo card\u00edaco<\/strong>, el RS3 registra el comportamiento de tu coraz\u00f3n las <strong>24 horas<\/strong> del d\u00eda, tanto en las situaciones de descanso como en las de actividad. De esta forma, te permite saber de <strong>manera exacta tu frecuencia card\u00edaca<\/strong> y observar los cambios e intervalos a lo largo de la jornada para optimizar tus entrenamientos en base a ello.<\/p>\n<p>Y, si en alg\u00fan momento te sientes demasiado estresado o abrumado, prueba con los <strong>ejercicios de respiraci\u00f3n<\/strong> guiados. \u00a1Te quedar\u00e1s suave como la seda!<\/p>\n<h5>Medici\u00f3n de la saturaci\u00f3n de ox\u00edgeno<\/h5>\n<p>Por otro lado, el <strong>sensor \u00f3ptico<\/strong> del RS3 tambi\u00e9n se encarga de medir el porcentaje de <strong>saturaci\u00f3n del ox\u00edgeno en sangre (SpO2)<\/strong>, un indicador especialmente importante cuando practicamos ejercicios de alta intensidad y\/o resistencia.<\/p>\n<p>NOTA: El Haylou RS3 no es un dispositivo m\u00e9dico. Los datos de estado f\u00edsico y salud que proporciona son solo de referencia y no deben usarse para diagn\u00f3stico o tratamiento.<\/p>\n<h5>An\u00e1lisis del sue\u00f1o y despertador<\/h5>\n<p>Otro requisito fundamental para para mantener una buena salud f\u00edsica y mental es tener el descanso adecuado.<\/p>\n<p>Por esta raz\u00f3n, el Haylou RS3 <strong>analiza tu sue\u00f1o<\/strong> de manera completa, <strong>determinando con precisi\u00f3n las diferentes etapas<\/strong> (ligero, profundo, REM&#8230;) y la duraci\u00f3n de cada una de ellas, ayud\u00e1ndote a entender la calidad de tu descanso y a mejorarlo si fuera necesario.<\/p>\n<p>Adem\u00e1s, podr\u00e1s <strong>establecer tus alarmas<\/strong> para que sea el propio RS3 quien te despierte con una suave vibraci\u00f3n.<\/p>\n<h5>Alerta de llamadas, mensajes y notificaciones<\/h5>\n<p>No dejes de hacer cosas por miedo a perder una llamada o mensaje importante. Conecta el reloj inteligente Haylou RS3 a tu smartphone mediante la <strong>conectividad Bluetooth 5.0<\/strong> y despreoc\u00fapate haciendo lo que m\u00e1s te guste.<\/p>\n<p>El nuevo smartwatch Haylou cuenta con <strong>alertas de llamadas, mensajes y notificaciones<\/strong>, para que te centres en seguir tu ritmo de vida sin estar pendiente del m\u00f3vil.<\/p>\n<p>Tambi\u00e9n te avisa por <strong>sedentarismo<\/strong>, bater\u00eda baja, etc.<\/p>\n<p>Unifica todos los datos de salud y ejercicio con la APP Haylou Fun<\/p>\n<p>Descarga la <strong>APP Haylou Fun<\/strong> en tu smartphone <strong>Android o iOS<\/strong>. As\u00ed, cuando tu Haylou RS3 est\u00e9 sincronizado se pasar\u00e1n todos los datos de salud y ejercicio a la aplicaci\u00f3n m\u00f3vil y podr\u00e1s conocer a fondo tu <strong>estado general de salud<\/strong>, la <strong>progresi\u00f3n de tu rutina<\/strong>, <strong>generar estad\u00edsticas<\/strong> y <strong>m\u00e1rcarte objetivos<\/strong>.<\/p>\n<h5>Amplia duraci\u00f3n de la bater\u00eda<\/h5>\n<p>Aunque lo mejor de todo es que su <strong>bater\u00eda de litio y 230 mAh<\/strong> totalmente cargada puede llegar a durar <strong>hasta 15 d\u00edas<\/strong> en stand-by, y <strong>hasta 7 d\u00edas<\/strong> bajo un uso t\u00edpico diario. \u00a1Disfruta de tu Haylou RS3 durante d\u00edas, e incluso semanas, sin buscar una toma de corriente!<\/p>\n<p>*NOTA: Los tiempos de autonom\u00eda han sido obtenidos en un laboratorio por la propia marca. Est\u00e1n sujetos a las condiciones de uso, por lo que pueden variar dependiendo de estas.<\/p>\n<h5>Correa de silicona intercambiable de 22mm<\/h5>\n<p>Por \u00faltimo, pero no por ello menos importante, el Haylou RS3 incluye una <strong>pulsera de silicona<\/strong> que resulta muy agradable para tu piel e ideal tanto para un look informal como para un duro entreno.<\/p>\n<p>Ahora bien, si est\u00e1s cansado de llevar siempre el mismo reloj o necesitas adaptar tu RS3 a las circunstancias (una conferencia formal, una boda, una cerveza con amigos&#8230;), podr\u00e1s <strong>sustituir su correa de 22mm<\/strong> por una distinta en tan solo unos segundos.<\/p>\n<p>Metal, cuero, fluoroelast\u00f3mero&#8230; \u00bfBuscas alguna en concreto? Entonces no puedes perderte la <strong>gran variedad de pulseras y accesorios compatibles<\/strong> disponibles en nuestro cat\u00e1logo. \u00a1Encuentra la que m\u00e1s te guste tambi\u00e9n en los art\u00edculos relacionados de este producto!<\/p>\n<h5>Especificaciones t\u00e9cnicas Haylou RS3:<\/h5>\n<h5><strong>Par\u00e1metros generales<\/strong><\/h5>\n<ul>\n<li>Marca: Haylou<\/li>\n<li>Producto: Reloj Inteligente<\/li>\n<li>Nombre: RS3<\/li>\n<li>Modelo: LS04<\/li>\n<li>Materiales:<\/li>\n<li>Caja: Aleaci\u00f3n de aluminio<\/li>\n<li>Correa: Silicona (Intercambiable de 22 mm)<\/li>\n<li>Dimensiones: 50.5 * 43.4 * 12.5 mm<\/li>\n<\/ul>\n<p>&nbsp;<\/p>\n<h5><strong>Pantalla<\/strong><\/h5>\n<ul>\n<li>Tama\u00f1o: 1.2 pulgadas<\/li>\n<li>Tipo: AMOLED<\/li>\n<li>Resoluci\u00f3n: 390 x 390 p\u00edxeles<\/li>\n<li>T\u00e1ctil: S\u00ed<\/li>\n<\/ul>\n<h5><\/h5>\n<h5><strong>Sensores<\/strong><\/h5>\n<ul>\n<li>Sensor \u00f3ptico del ritmo card\u00edaco<\/li>\n<li>Sensor geomafn\u00e9tico<\/li>\n<li>Sensor de aceleraci\u00f3n<\/li>\n<li>GPS<\/li>\n<li>Giroscopio de 6 ejes<\/li>\n<\/ul>\n<h5><\/h5>\n<h5><strong>Par\u00e1metros t\u00e9cnicos<\/strong><\/h5>\n<ul>\n<li>Conectividad: Bluetooth 5.0<\/li>\n<li>APP: Haylou Fun (Multilenguaje)<\/li>\n<li>Requerimientos del sistema: Android 4.4 o superior, iOS 8.0 o superior<\/li>\n<li>Resistencia al agua: 5 ATM<\/li>\n<li>Idiomas: Multilenguaje<\/li>\n<\/ul>\n<p>&nbsp;<\/p>\n<h5><strong>Funciones<\/strong><\/h5>\n<ul>\n<li>Informaci\u00f3n y alerta sobre llamadas, mensajes y notificaciones (conectado al BT del smartphone)<\/li>\n<li>Sensor de ritmo card\u00edaco 24\/7<\/li>\n<li>Monitor de la saturaci\u00f3n de ox\u00edgeno<\/li>\n<li>Monitorizaci\u00f3n del sue\u00f1o y despertador<\/li>\n<li>Registro de la actividad diaria con Modo multi-deporte (contador de calor\u00edas, pasos, distancia, etc.)<\/li>\n<li>Recordatorio de sedentarismo<\/li>\n<li>Control remoto de la m\u00fasica (conectado al BT del smartphone)<\/li>\n<li>Recopilaci\u00f3n de datos<\/li>\n<\/ul>\n<p>&nbsp;<\/p>\n<h5><strong>Bater\u00eda<\/strong><\/h5>\n<ul>\n<li>Tipo: Litio<\/li>\n<li>Capacidad: 230 mAh<\/li>\n<li>Autonom\u00eda (uso t\u00edpico diario): hasta 7 d\u00edas<\/li>\n<li>Autonom\u00eda (uso b\u00e1sico): hasta 15 d\u00edas<\/li>\n<li>Autonom\u00eda (GPS activado): 25 horas<\/li>\n<\/ul>\n<p>&nbsp;<\/p>\n<h5><strong>Contenido del paquete<\/strong><\/h5>\n<ul>\n<li>1 x Haylou RS3<\/li>\n<li>1 x Cable de carga<\/li>\n<li>1 x Manual de usuario<\/li>\n<\/ul>\n<p>&nbsp;<\/p>\n<p><strong>Garant\u00eda<\/strong>: 6 meses contra defecto de fabricaci\u00f3n<\/p>\n<h4><span style=\"color: #ff0000;\"><strong>* La garant\u00eda no cubre falla que se pueda dar por un uso intensivo.<\/strong><\/span><\/h4>\n<h5><strong>\u00a0<\/strong><strong>*Las im\u00e1genes son a modo ilustrativo.<\/strong><\/h5>\n","protected":false},"excerpt":{"rendered":"<h3><span style=\"color: #339966;\"><strong>$ 2.950<\/strong><\/span><\/h3>\n","protected":false},"featured_media":38529,"comment_status":"open","ping_status":"closed","template":"","meta":[],"_links":{"self":[{"href":"https:\/\/www.appoloviracel.com.uy\/index.php\/wp-json\/wp\/v2\/product\/38528"}],"collection":[{"href":"https:\/\/www.appoloviracel.com.uy\/index.php\/wp-json\/wp\/v2\/product"}],"about":[{"href":"https:\/\/www.appoloviracel.com.uy\/index.php\/wp-json\/wp\/v2\/types\/product"}],"replies":[{"embeddable":true,"href":"https:\/\/www.appoloviracel.com.uy\/index.php\/wp-json\/wp\/v2\/comments?post=38528"}],"wp:featuredmedia":[{"embeddable":true,"href":"https:\/\/www.appoloviracel.com.uy\/index.php\/wp-json\/wp\/v2\/media\/38529"}],"wp:attachment":[{"href":"https:\/\/www.appoloviracel.com.uy\/index.php\/wp-json\/wp\/v2\/media?parent=38528"}],"curies":[{"name":"wp","href":"https:\/\/api.w.org\/{rel}","templated":true}]}}