{"id":38075,"date":"2023-05-07T14:49:07","date_gmt":"2023-05-07T17:49:07","guid":{"rendered":"https:\/\/www.appoloviracel.com.uy\/?post_type=product&#038;p=38075"},"modified":"2024-10-12T10:01:38","modified_gmt":"2024-10-12T13:01:38","slug":"celular-tecno-spark-10pro-256gb-8gb","status":"publish","type":"product","link":"https:\/\/www.appoloviracel.com.uy\/index.php\/product\/celular-tecno-spark-10pro-256gb-8gb\/","title":{"rendered":"Celular TECNO \u00abSpark10Pro\u00bb (256Gb-8Gb)"},"content":{"rendered":"<h2>Caracter\u00edsticas y especificaciones:<\/h2>\n<ul>\n<li>Marca: Tecno<\/li>\n<li>Modelo: Spark 10Pro<\/li>\n<li>Dise\u00f1o: Alto: 168.4 mm (6.63 pulgada); Ancho: 76.2 mm (3.00 pulgada); Espesor: 8.4 mm (0.33 pulgada); Peso: 208 grs (7.34 oz)<\/li>\n<li>Materiales del cuerpo: Atr\u00e1s: vidrio; Marco: pl\u00e1stico; Delantero : Vidrio<\/li>\n<li>Pantalla: Tipo de Pantalla: IPS LCD; Tama\u00f1o: 6.8 pulgada; Resoluci\u00f3n: 1080 * 2460 p\u00edxeles; Densidad de p\u00ed\u00adxeles: 395 ppp; Relaci\u00f3n pantalla-cuerpo: \u2248 85.6%; Pantalla t\u00e1ctil: S\u00ed; Pantalla sin bisel: S\u00ed; Pantalla tactil capacitiva, Multit\u00e1ctil<\/li>\n<li>Hardware: Chipset: MediaTek Helio G88; N\u00facleos de procesador: Ocho n\u00facleos; Tecnolog\u00eda de procesador: 12 nm; Velocidad del procesador: 2.0 GHz; Arquitectura del procesador: 64-bit; Micro arquitectura:\u00a0\u00a0\u00a0 Cortex-A75, Cortex-A55<\/li>\n<li>Tipo de memoria: LPDDR4X; GPU \u00a0\u00a0\u00a0\u00a0\u00a0\u00a0\u00a0\u00a0\u00a0 ARM Mali-G52 MC2: RAM: 8GB; Almacenamiento: 256GB; Ampliable (SD): S\u00ed; Ranuras para tarjetas: micro SDXC<\/li>\n<li>Software: Sistema operativo: Android 13 (Tiramisu; Interfaz de usuario: HIOS 12.6<\/li>\n<li>C\u00e1mara principal: Soporte de c\u00e1mara: S\u00ed; C\u00e1mara doble: 50 MP, f\/1.6 ( Gran angular ); PDAF: 0.08 MP ( Lente de profundidad )<\/li>\n<li>Soporte flash: S\u00ed; Tipo de flash: Flash LED doble; Caracter\u00edsticas: Alto rango din\u00e1mico (HDR)<\/li>\n<li>Panorama: Soporte de v\u00eddeo: S\u00ed; Resoluci\u00f3n de v\u00eddeo: 1440p @ 30 fps; 1080p @ 30 fps<\/li>\n<li>C\u00e1mara frontal: Soporte de c\u00e1mara: S\u00ed<\/li>\n<li>C\u00e1mara \u00fanica: 32 MP ( Gran angular ); Soporte flash: S\u00ed; Tipo de flash: Flash LED doble; Soporte de v\u00eddeo: S\u00ed; Resoluci\u00f3n de v\u00eddeo: 1440p @ 30 fps; 1080p @ 30 fps<\/li>\n<li>Bater\u00eda: Tipo: Li-Poly; Capacidad: 5000 mAh; Extra\u00edble: No removible; Velocidad de carga por cable: 18 W;<\/li>\n<li>Tarjetas SIM: Doble SIM; Tipo de SIM: Nano-SIM<\/li>\n<li>Velocidad de datos: LTE, HSPA<\/li>\n<li>Bandas 2G: GSM: 850 \/ 900 \/ 1800 \/ 1900 MHz<\/li>\n<li>Bandas 3G: HSPA: 850 \/ 900 \/ 2100 MHz<\/li>\n<li>Bandas 4G: LTE: b3 (1800), b41 (2500 MHz)<\/li>\n<li>Conectividad: Soporte Wi-Fi: S\u00ed ( Wi-Fi 4 ; Est\u00e1ndares de Wi-Fi: 802.11\/b\/g\/n<\/li>\n<li>Bluetooth: S\u00ed, v5.0<\/li>\n<li>Puertos USB: USB Type-C 2.0; USB On-The-Go; Conectividad USB: Carga USB, Dispositivo de almacenamiento masivo USB<\/li>\n<li>Soporte GPS: S\u00ed; Funci\u00f3n de GPS: A-GPS<\/li>\n<li>Soporte NFC: S\u00ed<\/li>\n<li>Multimedia: Altoparlante: S\u00ed; Toma de auriculares: S\u00ed; Radio FM: S\u00ed<\/li>\n<li>Caracter\u00edsticas: Sensores: Aceler\u00f3metro; Br\u00fajula \/ magnet\u00f3metro; Sensor de proximidad; Sensor de huellas dactilares de montaje lateral.<\/li>\n<li>Se incluyen los siguientes accesorios: <strong>Cargador y Manual<\/strong><\/li>\n<li><strong>Garant\u00eda:<\/strong> 12 meses contra defecto de fabricaci\u00f3n<\/li>\n<\/ul>\n<h4><strong>\u00a0<\/strong><\/h4>\n<h4><span style=\"color: #ff0000;\"><strong>Contado efectivo: 10% de Descuento<\/strong><\/span><\/h4>\n<h5><strong>*Las im\u00e1genes son a modo ilustrativo.<\/strong><\/h5>\n","protected":false},"excerpt":{"rendered":"<h3><span style=\"color: #339966;\"><strong>U$S 179<\/strong><\/span><\/h3>\n","protected":false},"featured_media":38076,"comment_status":"open","ping_status":"closed","template":"","meta":[],"_links":{"self":[{"href":"https:\/\/www.appoloviracel.com.uy\/index.php\/wp-json\/wp\/v2\/product\/38075"}],"collection":[{"href":"https:\/\/www.appoloviracel.com.uy\/index.php\/wp-json\/wp\/v2\/product"}],"about":[{"href":"https:\/\/www.appoloviracel.com.uy\/index.php\/wp-json\/wp\/v2\/types\/product"}],"replies":[{"embeddable":true,"href":"https:\/\/www.appoloviracel.com.uy\/index.php\/wp-json\/wp\/v2\/comments?post=38075"}],"wp:featuredmedia":[{"embeddable":true,"href":"https:\/\/www.appoloviracel.com.uy\/index.php\/wp-json\/wp\/v2\/media\/38076"}],"wp:attachment":[{"href":"https:\/\/www.appoloviracel.com.uy\/index.php\/wp-json\/wp\/v2\/media?parent=38075"}],"curies":[{"name":"wp","href":"https:\/\/api.w.org\/{rel}","templated":true}]}}