{"id":3738,"date":"2021-01-12T22:51:07","date_gmt":"2021-01-13T01:51:07","guid":{"rendered":"https:\/\/www.appoloviracel.com.uy\/?post_type=product&#038;p=3738"},"modified":"2021-07-21T19:44:13","modified_gmt":"2021-07-21T22:44:13","slug":"alcatel-1t10-con-teclado-16gb-1gb","status":"publish","type":"product","link":"https:\/\/www.appoloviracel.com.uy\/index.php\/product\/alcatel-1t10-con-teclado-16gb-1gb\/","title":{"rendered":"Tablet Alcatel \u00ab1T\u00bb 10 pulgadas con teclado (16Gb-1Gb)"},"content":{"rendered":"<h4>Caracter\u00edsticas y especificaciones:<\/h4>\n<h5><strong>Tableta con pantalla HD de 10 pulgadas con un dise\u00f1o incre\u00edblemente liviano<\/strong><\/h5>\n<p>Con una pantalla IPS de 10 pulgadas y un peso de 415 gr, la tableta Wi-Fi Alcatel 1T 10 es la tableta m\u00e1s liviana que puede obtener en su tama\u00f1o.\u00a0Disfruta de su f\u00e1cil portabilidad y pantalla para compartir con familiares y amigos.\u00a0Su bater\u00eda de 4000 mAh garantiza que podr\u00e1 ver, jugar y trabajar durante ocho horas con una sola carga, junto con 16 GB de almacenamiento interno ampliable mediante tarjeta microSD de hasta 128 GB.<\/p>\n<h5><strong>Teclado Bluetooth<\/strong><\/h5>\n<p>Sum\u00e9rgete en un teclado BT dedicado para tableta Alcatel 1T 10. Deja que tus dedos vuelen sobre sus elegantes teclas para una experiencia de escritura c\u00f3moda. Crea mensajes y documentos m\u00e1s largos tan r\u00e1pido como pueda concebirlos.<\/p>\n<ul>\n<li>OS: Android\u2122 Oreo 8.1<\/li>\n<li>Procesador: Quad-Core 1.3GHz CPU<\/li>\n<li>Dimensiones: 255 * 155 * 9.35 mm<\/li>\n<li>Peso: 415g<\/li>\n<li>Teclas laterales: teclas de volumen y encendido<\/li>\n<li>Pantalla: 10.1 pulgadas IPS 1280 x 800 pixels<\/li>\n<li>Display: TFT 16 Millones de colores<\/li>\n<li>Display: Capacitivo de 10 puntos<\/li>\n<li>Bater\u00eda: 4000 mAh<\/li>\n<li>Tiempo en espera: 450 horas<\/li>\n<li>Memoria:\u00a0 16Gb ROM + 1Gb RAM<\/li>\n<li>Admite tarjeta MicroSD de hasta 128 GB<\/li>\n<li>Se incluyen los siguientes accesorios: <strong>Cargador y Manual<\/strong><\/li>\n<li><strong>Garant\u00eda:<\/strong> 12 meses contra defecto de fabricaci\u00f3n<\/li>\n<\/ul>\n<p>&nbsp;<\/p>\n<h4><span style=\"color: #ff0000;\"><strong>Contado efectivo: 10% de Descuento<\/strong><\/span><\/h4>\n<h5>*Las im\u00e1genes son a modo ilustrativo.<\/h5>\n","protected":false},"excerpt":{"rendered":"<h3><span style=\"color: #339966;\"><strong>U$S 175<\/strong><\/span><\/h3>\n","protected":false},"featured_media":3746,"comment_status":"open","ping_status":"closed","template":"","meta":[],"_links":{"self":[{"href":"https:\/\/www.appoloviracel.com.uy\/index.php\/wp-json\/wp\/v2\/product\/3738"}],"collection":[{"href":"https:\/\/www.appoloviracel.com.uy\/index.php\/wp-json\/wp\/v2\/product"}],"about":[{"href":"https:\/\/www.appoloviracel.com.uy\/index.php\/wp-json\/wp\/v2\/types\/product"}],"replies":[{"embeddable":true,"href":"https:\/\/www.appoloviracel.com.uy\/index.php\/wp-json\/wp\/v2\/comments?post=3738"}],"wp:featuredmedia":[{"embeddable":true,"href":"https:\/\/www.appoloviracel.com.uy\/index.php\/wp-json\/wp\/v2\/media\/3746"}],"wp:attachment":[{"href":"https:\/\/www.appoloviracel.com.uy\/index.php\/wp-json\/wp\/v2\/media?parent=3738"}],"curies":[{"name":"wp","href":"https:\/\/api.w.org\/{rel}","templated":true}]}}