{"id":37191,"date":"2023-04-27T19:58:08","date_gmt":"2023-04-27T22:58:08","guid":{"rendered":"https:\/\/www.appoloviracel.com.uy\/?post_type=product&#038;p=37191"},"modified":"2024-06-01T11:01:47","modified_gmt":"2024-06-01T14:01:47","slug":"celular-xiaomi-redmi-note12s-256gb-8gb","status":"publish","type":"product","link":"https:\/\/www.appoloviracel.com.uy\/index.php\/product\/celular-xiaomi-redmi-note12s-256gb-8gb\/","title":{"rendered":"Celular Xiaomi \u00abRedmi Note12s\u00bb (256Gb-8Gb)"},"content":{"rendered":"<h2>Caracter\u00edsticas y especificaciones:<strong>\u00a0<\/strong><\/h2>\n<h4><span style=\"color: #ff0000;\"><strong>Apto para LTE de todas las compa\u00f1\u00edas.<\/strong><\/span><\/h4>\n<p>El <strong>Xiaomi 12S<\/strong> es una actualizaci\u00f3n del Xiaomi 12 que suma el aporte de Leica a su c\u00e1mara. Se trata de un smartphone Android con pantalla AMOLED de 6.28 pulgadas a resoluci\u00f3n FHD+ con tasa de refresco de 120Hz y potenciado por un procesador Snapdragon 8+ Gen 1, acompa\u00f1ado de hasta 12GB de RAM y 512GB de almacenamiento interno. La c\u00e1mara dorsal consta de tres lentes: uno principal de 50MP con OIS, una c\u00e1mara secundaria ultrawide de 13MP y una c\u00e1mara telefoto y macro de 5MP, y al frente cuenta con una c\u00e1mara de 32MP. alimentado por una bater\u00eda de 4500 mAh, el Xiaomi 12S cuenta con carga r\u00e1pida de 67W por cable y 50W en forma inal\u00e1mbrica. Sus caracter\u00edsticas se completan con un lector de huellas bajo la pantalla, parlantes stereo, y corre Android 12.<\/p>\n<ul>\n<li>Pantalla: 6.28&#8243;, 1080 * 2400 pixels<\/li>\n<li>Procesador: Snapdragon 8+ Gen 1 3.19GHz<\/li>\n<li>RAM: 8GB<\/li>\n<li>Almacenamiento: 256GB<\/li>\n<li>Expansi\u00f3n: sin microSD<\/li>\n<li>C\u00e1mara: Triple, 108MP+13MP+5MP<\/li>\n<li>Bater\u00eda: 4500 mAh<\/li>\n<li>OS: Android 12<\/li>\n<li>Perfil: 8.2 mm<\/li>\n<li>Peso: 179 grs.<\/li>\n<li>Se incluyen los siguientes accesorios: <strong>Cargador y Manual<\/strong><\/li>\n<li><strong>Garant\u00eda:<\/strong> 12 meses contra defecto de fabricaci\u00f3n<\/li>\n<\/ul>\n<h4><\/h4>\n<h4><span style=\"color: #ff0000;\"><strong>Contado efectivo: 10% de Descuento<\/strong><\/span><\/h4>\n<h5><strong>*Las im\u00e1genes son a modo ilustrativo.<\/strong><\/h5>\n","protected":false},"excerpt":{"rendered":"<h3><span style=\"color: #339966;\"><strong>U$S 249<\/strong><\/span><\/h3>\n","protected":false},"featured_media":37199,"comment_status":"open","ping_status":"closed","template":"","meta":[],"_links":{"self":[{"href":"https:\/\/www.appoloviracel.com.uy\/index.php\/wp-json\/wp\/v2\/product\/37191"}],"collection":[{"href":"https:\/\/www.appoloviracel.com.uy\/index.php\/wp-json\/wp\/v2\/product"}],"about":[{"href":"https:\/\/www.appoloviracel.com.uy\/index.php\/wp-json\/wp\/v2\/types\/product"}],"replies":[{"embeddable":true,"href":"https:\/\/www.appoloviracel.com.uy\/index.php\/wp-json\/wp\/v2\/comments?post=37191"}],"wp:featuredmedia":[{"embeddable":true,"href":"https:\/\/www.appoloviracel.com.uy\/index.php\/wp-json\/wp\/v2\/media\/37199"}],"wp:attachment":[{"href":"https:\/\/www.appoloviracel.com.uy\/index.php\/wp-json\/wp\/v2\/media?parent=37191"}],"curies":[{"name":"wp","href":"https:\/\/api.w.org\/{rel}","templated":true}]}}