{"id":37090,"date":"2023-04-23T19:53:44","date_gmt":"2023-04-23T22:53:44","guid":{"rendered":"https:\/\/www.appoloviracel.com.uy\/?post_type=product&#038;p=37090"},"modified":"2023-07-09T13:55:54","modified_gmt":"2023-07-09T16:55:54","slug":"celular-xiaomi-poco-x5pro-5g-256gb-8gb","status":"publish","type":"product","link":"https:\/\/www.appoloviracel.com.uy\/index.php\/product\/celular-xiaomi-poco-x5pro-5g-256gb-8gb\/","title":{"rendered":"Celular Xiaomi \u00abPoco X5Pro\u00bb 5G (256Gb-8Gb)"},"content":{"rendered":"<h2>Caracter\u00edsticas y especificaciones:<\/h2>\n<p>El <strong>Xiaomi Poco X5 Pro 5G<\/strong> es un smartphone Android con una pantalla AMOLED de 6.67 pulgadas a resoluci\u00f3n FHD+ y tasa de refresco de 120Hz. Potenciado por un procesador Snapdragon 778G, el Poco X5 Pro cuenta con hasta 8GB de RAM y hasta 256GB de almacenamiento interno expandible. La c\u00e1mara trasera del Poco X5 Pro es triple con un lente principal de 108MP, y su c\u00e1mara frontal es de 16MP. Una bater\u00eda de 5000 mAh con carga r\u00e1pida de 67W alimenta al Poco X5 Pro, que completa sus caracter\u00edsticas con parlantes stereo, lector de huellas lateral, resistencia al agua IP53, y Android 13.<\/p>\n<ul>\n<li>Pantalla: 6.67&#8243;, 1080 * 2400 pixels<\/li>\n<li>Procesador: Snapdragon 778G 2.4GHz<\/li>\n<li>RAM: 8GB<\/li>\n<li>Almacenamiento: 256GB<\/li>\n<li>Expansi\u00f3n: sin microSD<\/li>\n<li>C\u00e1mara: Triple, 108MP+8MP+2MP<\/li>\n<li>Bater\u00eda: 5000 mAh<\/li>\n<li>OS: Android 13<\/li>\n<li>Perfil: 7.9 mm<\/li>\n<li>Peso: 181 grs.<\/li>\n<li>Se incluyen los siguientes accesorios: <strong>Cargador y Manual<\/strong><\/li>\n<li><strong>Garant\u00eda:<\/strong> 12 meses contra defecto de fabricaci\u00f3n<\/li>\n<\/ul>\n<p><strong>\u00a0<\/strong><\/p>\n<h4><span style=\"color: #ff0000;\"><strong>\u00a0Contado efectivo: 10% de Descuento<\/strong><\/span><\/h4>\n<h5><strong>*Las im\u00e1genes son a modo ilustrativo.<\/strong><\/h5>\n","protected":false},"excerpt":{"rendered":"<h3><span style=\"color: #339966;\"><strong>U$S 525<\/strong><\/span><\/h3>\n","protected":false},"featured_media":37091,"comment_status":"open","ping_status":"closed","template":"","meta":[],"_links":{"self":[{"href":"https:\/\/www.appoloviracel.com.uy\/index.php\/wp-json\/wp\/v2\/product\/37090"}],"collection":[{"href":"https:\/\/www.appoloviracel.com.uy\/index.php\/wp-json\/wp\/v2\/product"}],"about":[{"href":"https:\/\/www.appoloviracel.com.uy\/index.php\/wp-json\/wp\/v2\/types\/product"}],"replies":[{"embeddable":true,"href":"https:\/\/www.appoloviracel.com.uy\/index.php\/wp-json\/wp\/v2\/comments?post=37090"}],"wp:featuredmedia":[{"embeddable":true,"href":"https:\/\/www.appoloviracel.com.uy\/index.php\/wp-json\/wp\/v2\/media\/37091"}],"wp:attachment":[{"href":"https:\/\/www.appoloviracel.com.uy\/index.php\/wp-json\/wp\/v2\/media?parent=37090"}],"curies":[{"name":"wp","href":"https:\/\/api.w.org\/{rel}","templated":true}]}}