{"id":36813,"date":"2023-04-21T10:09:55","date_gmt":"2023-04-21T13:09:55","guid":{"rendered":"https:\/\/www.appoloviracel.com.uy\/?post_type=product&#038;p=36813"},"modified":"2023-07-07T13:29:19","modified_gmt":"2023-07-07T16:29:19","slug":"celular-xiaomi-redmi-note12pro-5g-256gb-8gb-2","status":"publish","type":"product","link":"https:\/\/www.appoloviracel.com.uy\/index.php\/product\/celular-xiaomi-redmi-note12pro-5g-256gb-8gb-2\/","title":{"rendered":"Celular Xiaomi \u00abRedmi Note12Pro+\u00bb 5G (256Gb-8Gb)"},"content":{"rendered":"<h2>Caracter\u00edsticas y especificaciones:<strong>\u00a0<\/strong><\/h2>\n<h4><span style=\"color: #ff0000;\"><strong>Apto para LTE de todas las compa\u00f1\u00edas.<\/strong><\/span><\/h4>\n<p>El <strong>Xiaomi Redmi Note 12 Pro+<\/strong> cuenta con una pantalla OLED de 6.67 pulgadas a resoluci\u00f3n FHD+ y tasa de refresco de 120Hz y potenciado por un procesador Dimensity 1080 de MediaTek con hasta 12GB de RAM y hasta 256GB de almacenamiento interno no expandible. La c\u00e1mara dorsal del Redmi Note 12 Pro+ cuenta con un sensor de 200 MP, secundado por un sensor ultrawide de 8 MP y una c\u00e1mara macro de 2 MP y la c\u00e1mara frontal es de 16MP. Alimentado por una bater\u00eda de 5000 mAh con soporte para carga r\u00e1pida de 120W, el Redmi Note 12 Pro+ completa sus caracter\u00edsticas con un lector de huellas bajo la pantalla, parlantes stereo, y corre Android 12.<\/p>\n<ul>\n<li>Compatible con redes 5G.<\/li>\n<li>Pantalla AMOLED de 6.67&#8243;.<\/li>\n<li>Tiene 3 c\u00e1maras traseras de 200Mpx\/8Mpx\/2Mpx.<\/li>\n<li>C\u00e1mara delantera de 8Mpx.<\/li>\n<li>Procesador MediaTek Dimensity 1080 Octa-Core de 2.6GHz con 8GB de RAM.<\/li>\n<li>Bater\u00eda de 4980mAh.<\/li>\n<li>Memoria interna de 256GB.<\/li>\n<li>Resistente a las salpicaduras.<\/li>\n<li>Con sensor de huella dactilar.<\/li>\n<li>Resistente al polvo.<\/li>\n<li>Se incluyen los siguientes accesorios: <strong>Cargador y Manual <\/strong><\/li>\n<li><strong>Garant\u00eda:<\/strong> 12 meses contra defecto de fabricaci\u00f3n<\/li>\n<\/ul>\n<h4><\/h4>\n<h4><span style=\"color: #ff0000;\"><strong>Contado efectivo: 10% de Descuento<\/strong><\/span><\/h4>\n<h5><strong>*Las im\u00e1genes son a modo ilustrativo.<\/strong><\/h5>\n","protected":false},"excerpt":{"rendered":"<h3><span style=\"color: #339966;\"><strong>U$S 555<\/strong><\/span><\/h3>\n","protected":false},"featured_media":36814,"comment_status":"open","ping_status":"closed","template":"","meta":[],"_links":{"self":[{"href":"https:\/\/www.appoloviracel.com.uy\/index.php\/wp-json\/wp\/v2\/product\/36813"}],"collection":[{"href":"https:\/\/www.appoloviracel.com.uy\/index.php\/wp-json\/wp\/v2\/product"}],"about":[{"href":"https:\/\/www.appoloviracel.com.uy\/index.php\/wp-json\/wp\/v2\/types\/product"}],"replies":[{"embeddable":true,"href":"https:\/\/www.appoloviracel.com.uy\/index.php\/wp-json\/wp\/v2\/comments?post=36813"}],"wp:featuredmedia":[{"embeddable":true,"href":"https:\/\/www.appoloviracel.com.uy\/index.php\/wp-json\/wp\/v2\/media\/36814"}],"wp:attachment":[{"href":"https:\/\/www.appoloviracel.com.uy\/index.php\/wp-json\/wp\/v2\/media?parent=36813"}],"curies":[{"name":"wp","href":"https:\/\/api.w.org\/{rel}","templated":true}]}}