{"id":35504,"date":"2023-04-04T11:27:27","date_gmt":"2023-04-04T14:27:27","guid":{"rendered":"https:\/\/www.appoloviracel.com.uy\/?post_type=product&#038;p=35504"},"modified":"2023-11-16T10:28:23","modified_gmt":"2023-11-16T13:28:23","slug":"celular-xiaomi-redmi-note12-128gb-4gb","status":"publish","type":"product","link":"https:\/\/www.appoloviracel.com.uy\/index.php\/product\/celular-xiaomi-redmi-note12-128gb-4gb\/","title":{"rendered":"Celular Xiaomi \u00abRedmi Note12\u00bb (128Gb-6Gb)"},"content":{"rendered":"<h2>Caracter\u00edsticas y especificaciones:<strong>\u00a0<\/strong><\/h2>\n<h4><span style=\"color: #ff0000;\"><strong>Apto para LTE de todas las compa\u00f1\u00edas.<\/strong><\/span><\/h4>\n<p>El <strong>Xiaomi Redmi Note 12<\/strong> debuta en el 2022 con una pantalla AMOLED de 6.67 pulgadas a resoluci\u00f3n FHD+ y tasa de refresco de 120Hz. El Redmi Note 12 est\u00e1 potenciado por el nuevo procesador Snapdragon 4 Gen 1 acompa\u00f1ado de hasta 8GB de RAM y hasta 256GB de espacio de almacenamiento no expandible. La c\u00e1mara trasera del Redmi Note 12 es dual, con un sensor principal de 48 MP y al frente se ubica la c\u00e1mara selfie de 8 MP. Alimentado por una bater\u00eda de 5000 mAh de carga r\u00e1pida, el Redmi Note 12 completa sus caracter\u00edsticas un lector de huellas lateral y corre MIUI 13 basado en Android 12.<\/p>\n<ul>\n<li>Pantalla: 6.67&#8243;, 1080 * 2400 pixels<\/li>\n<li>Procesador: Snapdragon 4 Gen 1 2GHz<\/li>\n<li>RAM: 6GB<\/li>\n<li>Almacenamiento: 128GB<\/li>\n<li>Expansi\u00f3n: sin microSD<\/li>\n<li>C\u00e1mara: Dual, 48MP+2MP<\/li>\n<li>Bater\u00eda: 5000 mAh<\/li>\n<li>OS: Android 12<\/li>\n<li>Perfil: 8 mm<\/li>\n<li>Peso: 188 grs.<\/li>\n<li>Se incluyen los siguientes accesorios: <strong>Cargador y Manual<\/strong><\/li>\n<li><strong>Garant\u00eda:<\/strong> 12 meses contra defecto de fabricaci\u00f3n<\/li>\n<\/ul>\n<h4><\/h4>\n<h4><span style=\"color: #ff0000;\"><strong>Contado efectivo: 10% de Descuento<\/strong><\/span><\/h4>\n<h5><strong>*Las im\u00e1genes son a modo ilustrativo.<\/strong><\/h5>\n","protected":false},"excerpt":{"rendered":"<h3><span style=\"color: #339966;\"><strong>U$S 235<\/strong><\/span><\/h3>\n","protected":false},"featured_media":35506,"comment_status":"open","ping_status":"closed","template":"","meta":[],"_links":{"self":[{"href":"https:\/\/www.appoloviracel.com.uy\/index.php\/wp-json\/wp\/v2\/product\/35504"}],"collection":[{"href":"https:\/\/www.appoloviracel.com.uy\/index.php\/wp-json\/wp\/v2\/product"}],"about":[{"href":"https:\/\/www.appoloviracel.com.uy\/index.php\/wp-json\/wp\/v2\/types\/product"}],"replies":[{"embeddable":true,"href":"https:\/\/www.appoloviracel.com.uy\/index.php\/wp-json\/wp\/v2\/comments?post=35504"}],"wp:featuredmedia":[{"embeddable":true,"href":"https:\/\/www.appoloviracel.com.uy\/index.php\/wp-json\/wp\/v2\/media\/35506"}],"wp:attachment":[{"href":"https:\/\/www.appoloviracel.com.uy\/index.php\/wp-json\/wp\/v2\/media?parent=35504"}],"curies":[{"name":"wp","href":"https:\/\/api.w.org\/{rel}","templated":true}]}}