{"id":35310,"date":"2023-04-03T13:14:53","date_gmt":"2023-04-03T16:14:53","guid":{"rendered":"https:\/\/www.appoloviracel.com.uy\/?post_type=product&#038;p=35310"},"modified":"2023-05-22T10:02:10","modified_gmt":"2023-05-22T13:02:10","slug":"celular-xiaomi-poco-x5-5g-256gb-8gb","status":"publish","type":"product","link":"https:\/\/www.appoloviracel.com.uy\/index.php\/product\/celular-xiaomi-poco-x5-5g-256gb-8gb\/","title":{"rendered":"Celular Xiaomi \u00abPoco X5\u00bb 5G (256Gb-8Gb)"},"content":{"rendered":"<h2>Caracter\u00edsticas y especificaciones:<\/h2>\n<p>El <strong>Xiaomi Poco X5 5G<\/strong> es parte de la serie X para el 2023. Con una pantalla AMOLED de 6.67 pulgadas a resoluci\u00f3n FHD+ y tasa de refresco de 120Hz, el Poco X5 est\u00e1 potenciado por un procesador Snapdragon 695 acompa\u00f1ado de 6GB o 8GB de RAM y con hasta 256GB de almacenamiento interno. El Poco X5 cuenta con una c\u00e1mara dorsal triple, con sensor principal de 48MP y una c\u00e1mara selfie de 13MP. El Poco X5 se alimenta de una bater\u00eda de 5000 mAh con soporte para carga r\u00e1pida de 33W, tiene un lector de huellas sobre el bot\u00f3n de encendido, resistencia al agua IP53 y corre MIUI 13 basado en Android 12.<\/p>\n<ul>\n<li>Pantalla: 6.67&#8243;, 1080 * 2400 pixels<\/li>\n<li>Procesador: Snapdragon 695 2.2GHz<\/li>\n<li>RAM: 8GB<\/li>\n<li>Almacenamiento: 256GB<\/li>\n<li>Expansi\u00f3n: microSD<\/li>\n<li>C\u00e1mara: Triple, 48MP+8MP+2MP<\/li>\n<li>Bater\u00eda: 5000 mAh<\/li>\n<li>OS: Android 12<\/li>\n<li>Perfil: 8 mm<\/li>\n<li>Peso: 189 grs<\/li>\n<li>Se incluyen los siguientes accesorios: <strong>Cargador y Manual<\/strong><\/li>\n<li><strong>Garant\u00eda:<\/strong> 12 meses contra defecto de fabricaci\u00f3n<\/li>\n<\/ul>\n<p><strong>\u00a0<\/strong><\/p>\n<h4><span style=\"color: #ff0000;\"><strong>\u00a0<\/strong><strong>Contado efectivo: 10% de Descuento<\/strong><\/span><\/h4>\n<h5><strong>*Las im\u00e1genes son a modo ilustrativo.<\/strong><\/h5>\n","protected":false},"excerpt":{"rendered":"<h3><span style=\"color: #339966;\"><strong>U$S 445<\/strong><\/span><\/h3>\n","protected":false},"featured_media":35311,"comment_status":"open","ping_status":"closed","template":"","meta":[],"_links":{"self":[{"href":"https:\/\/www.appoloviracel.com.uy\/index.php\/wp-json\/wp\/v2\/product\/35310"}],"collection":[{"href":"https:\/\/www.appoloviracel.com.uy\/index.php\/wp-json\/wp\/v2\/product"}],"about":[{"href":"https:\/\/www.appoloviracel.com.uy\/index.php\/wp-json\/wp\/v2\/types\/product"}],"replies":[{"embeddable":true,"href":"https:\/\/www.appoloviracel.com.uy\/index.php\/wp-json\/wp\/v2\/comments?post=35310"}],"wp:featuredmedia":[{"embeddable":true,"href":"https:\/\/www.appoloviracel.com.uy\/index.php\/wp-json\/wp\/v2\/media\/35311"}],"wp:attachment":[{"href":"https:\/\/www.appoloviracel.com.uy\/index.php\/wp-json\/wp\/v2\/media?parent=35310"}],"curies":[{"name":"wp","href":"https:\/\/api.w.org\/{rel}","templated":true}]}}