{"id":35220,"date":"2023-04-02T21:29:52","date_gmt":"2023-04-03T00:29:52","guid":{"rendered":"https:\/\/www.appoloviracel.com.uy\/?post_type=product&#038;p=35220"},"modified":"2023-07-29T12:00:56","modified_gmt":"2023-07-29T15:00:56","slug":"celular-samsung-galaxy-a54-128gb-6gb","status":"publish","type":"product","link":"https:\/\/www.appoloviracel.com.uy\/index.php\/product\/celular-samsung-galaxy-a54-128gb-6gb\/","title":{"rendered":"Celular Samsung \u00abGalaxy A54\u00bb 5G (128Gb-6Gb)"},"content":{"rendered":"<h4>Caracter\u00edsticas y especificaciones:<\/h4>\n<p>El <strong>Samsung Galaxy A54 5G <\/strong>llega con una pantalla Super AMOLED de 6.4 pulgadas con resoluci\u00f3n 1080p y tasa de refresco de 120Hz. Por dentro, encontramos un chip Exynos 1380 acompa\u00f1ado de 6GB o 8GB de RAM con 128GB o 256GB de almacenamiento interno expandible. La c\u00e1mara posterior del Galaxy A54 5G es triple, liderada por una c\u00e1mara de 50MP con OIS y su c\u00e1mara selfie es de 32MP. Completando las caracter\u00edsticas del Samsung Galaxy A54 5G encontramos una bater\u00eda de 5000 mAh con soporte para carga r\u00e1pida, lector de huellas bajo pantalla, parlantes stereo, resistencia al agua y Android 13 con la interfaz One UI 5.1.<\/p>\n<h5>Ventajas<\/h5>\n<ul>\n<li>Lector de huellas embebido en pantalla<\/li>\n<li>Resistente al agua (IP67)<\/li>\n<li>Parlantes stereo<\/li>\n<li>Carga r\u00e1pida (25W)<\/li>\n<li>Gran bater\u00eda (5000mAh)<\/li>\n<li>C\u00e1mara frontal de alta resoluci\u00f3n (32MP)<\/li>\n<li>Estabilizaci\u00f3n \u00f3ptica de imagen<\/li>\n<li>C\u00e1mara triple de alta resoluci\u00f3n (50MP+12MP+5MP)<\/li>\n<li>Refresco 120Hz<\/li>\n<li>Pantalla AMOLED<\/li>\n<li>Muy buena densidad de pixels (403ppi)<\/li>\n<\/ul>\n<p>&nbsp;<\/p>\n<ul>\n<li>Memoria RAM: 6 GB<\/li>\n<li>Memoria Interna: 128 GB<\/li>\n<li>Tama\u00f1o de la Pantalla: 6.4 Pulgadas<\/li>\n<li>WI-FI: Si<\/li>\n<li>Bluetooth: Si<\/li>\n<li>C\u00e1mara Frontal: 32 MP<\/li>\n<li>C\u00e1mara Trasera: 50 MP<\/li>\n<li>Procesador: Exynos 1380<\/li>\n<li>GPS: Si<\/li>\n<li>Sistema Operativo: Android<\/li>\n<li>Capacidad de Bater\u00eda (mAh): 5,000 mAh<\/li>\n<li>Se incluyen los siguientes accesorios: <strong>Cargador y Manual<\/strong><\/li>\n<li><strong>Garant\u00eda:<\/strong> 12 meses contra defecto de fabricaci\u00f3n<\/li>\n<\/ul>\n<p><strong>\u00a0<\/strong><\/p>\n<h4><span style=\"color: #ff0000;\"><strong>Contado efectivo: 10% de Descuento<\/strong><\/span><\/h4>\n<h5><strong>*Las im\u00e1genes son a modo ilustrativo.<\/strong><\/h5>\n","protected":false},"excerpt":{"rendered":"<h3><span style=\"color: #339966;\"><strong>U$S 515<\/strong><\/span><\/h3>\n","protected":false},"featured_media":35221,"comment_status":"open","ping_status":"closed","template":"","meta":[],"_links":{"self":[{"href":"https:\/\/www.appoloviracel.com.uy\/index.php\/wp-json\/wp\/v2\/product\/35220"}],"collection":[{"href":"https:\/\/www.appoloviracel.com.uy\/index.php\/wp-json\/wp\/v2\/product"}],"about":[{"href":"https:\/\/www.appoloviracel.com.uy\/index.php\/wp-json\/wp\/v2\/types\/product"}],"replies":[{"embeddable":true,"href":"https:\/\/www.appoloviracel.com.uy\/index.php\/wp-json\/wp\/v2\/comments?post=35220"}],"wp:featuredmedia":[{"embeddable":true,"href":"https:\/\/www.appoloviracel.com.uy\/index.php\/wp-json\/wp\/v2\/media\/35221"}],"wp:attachment":[{"href":"https:\/\/www.appoloviracel.com.uy\/index.php\/wp-json\/wp\/v2\/media?parent=35220"}],"curies":[{"name":"wp","href":"https:\/\/api.w.org\/{rel}","templated":true}]}}