{"id":35211,"date":"2023-03-31T22:54:24","date_gmt":"2023-04-01T01:54:24","guid":{"rendered":"https:\/\/www.appoloviracel.com.uy\/?post_type=product&#038;p=35211"},"modified":"2023-08-14T14:31:30","modified_gmt":"2023-08-14T17:31:30","slug":"celular-samsung-galaxy-a34-128gb-6gb","status":"publish","type":"product","link":"https:\/\/www.appoloviracel.com.uy\/index.php\/product\/celular-samsung-galaxy-a34-128gb-6gb\/","title":{"rendered":"Celular Samsung \u00abGalaxy A34\u00bb 5G (128Gb-6Gb)"},"content":{"rendered":"<h4>Caracter\u00edsticas y especificaciones:<\/h4>\n<p>El <strong>Samsung Galaxy A34 5G<\/strong> es el sucesor del Galaxy A33 5G. Con una pantalla Super AMOLED de 6.6 pulgadas a resoluci\u00f3n Full HD+ y tasa de refresco de 120Hz, el Galaxy A34 5G est\u00e1 potenciado por un procesador MediaTek Dimensity 1080 acompa\u00f1ado de 6GB o 8GB de RAM y 128GB o 256GB de almacenamiento interno. En su posterior encontramos una c\u00e1mara triple liderada por un sensor principal de 48MP junto con c\u00e1maras ultrawide de 8MP y macro de 5MP, y una c\u00e1mara selfie de 13MP al frente. Alimentado por una bater\u00eda de 5000 mAh de carga r\u00e1pida, el Galaxy A34 5G completa sus caracter\u00edsticas con parlantes stereo, lector de huellas bajo la pantalla, resistencia al polvo y agua, y corre One UI 5.1 basado en Android 13.<\/p>\n<ul>\n<li>Pantalla: 6.6&#8243;, 1080 * 2340 pixels<\/li>\n<li>Procesador: Mediatek Dimensity 1080 2.6GHz<\/li>\n<li>RAM: 6GB<\/li>\n<li>Almacenamiento: 128GB<\/li>\n<li>Expansi\u00f3n: microSD<\/li>\n<li>C\u00e1mara: Triple, 48MP+8MP+5MP<\/li>\n<li>Bater\u00eda: 5000 mAh<\/li>\n<li>OS: Android 13<\/li>\n<li>Perfil: 8.2 mm<\/li>\n<li>Peso: 199 grs<\/li>\n<li>Se incluyen los siguientes accesorios: <strong>Cargador y Manual<\/strong><\/li>\n<li><strong>Garant\u00eda:<\/strong> 12 meses contra defecto de fabricaci\u00f3n<\/li>\n<\/ul>\n<h4><strong>\u00a0<\/strong><\/h4>\n<h4><span style=\"color: #ff0000;\"><strong>Contado efectivo: 10% de Descuento<\/strong><\/span><\/h4>\n<h5><strong>\u00a0<\/strong><strong>*Las im\u00e1genes son a modo ilustrativo.<\/strong><\/h5>\n","protected":false},"excerpt":{"rendered":"<h3><span style=\"color: #339966;\"><strong>U$S 499<\/strong><\/span><\/h3>\n","protected":false},"featured_media":35212,"comment_status":"open","ping_status":"closed","template":"","meta":[],"_links":{"self":[{"href":"https:\/\/www.appoloviracel.com.uy\/index.php\/wp-json\/wp\/v2\/product\/35211"}],"collection":[{"href":"https:\/\/www.appoloviracel.com.uy\/index.php\/wp-json\/wp\/v2\/product"}],"about":[{"href":"https:\/\/www.appoloviracel.com.uy\/index.php\/wp-json\/wp\/v2\/types\/product"}],"replies":[{"embeddable":true,"href":"https:\/\/www.appoloviracel.com.uy\/index.php\/wp-json\/wp\/v2\/comments?post=35211"}],"wp:featuredmedia":[{"embeddable":true,"href":"https:\/\/www.appoloviracel.com.uy\/index.php\/wp-json\/wp\/v2\/media\/35212"}],"wp:attachment":[{"href":"https:\/\/www.appoloviracel.com.uy\/index.php\/wp-json\/wp\/v2\/media?parent=35211"}],"curies":[{"name":"wp","href":"https:\/\/api.w.org\/{rel}","templated":true}]}}