{"id":34909,"date":"2023-03-29T13:19:59","date_gmt":"2023-03-29T16:19:59","guid":{"rendered":"https:\/\/www.appoloviracel.com.uy\/?post_type=product&#038;p=34909"},"modified":"2023-05-14T12:05:56","modified_gmt":"2023-05-14T15:05:56","slug":"auricular-jbl-wave-200-tws-bluetooth","status":"publish","type":"product","link":"https:\/\/www.appoloviracel.com.uy\/index.php\/product\/auricular-jbl-wave-200-tws-bluetooth\/","title":{"rendered":"Auricular JBL \u00abWave 200\u00bb TWS (Bluetooth)"},"content":{"rendered":"<h1>Caracter\u00edsticas y especificaciones:<\/h1>\n<h5>Auriculares de bot\u00f3n True Wireless<\/h5>\n<p>Mejora tu rutina con tu m\u00fasica Potente sonido JBL Deep Bass y toda la libertad de la tecnolog\u00eda True Wireless hasta 20 horas con JBL Wave 200TWS. Lleva tu mundo siempre contigo. Con solo un toque del auricular, podr\u00e1s gestionar tus llamadas, tu m\u00fasica y tu asistente de voz. Con la conexi\u00f3n dual puedes utilizar cualquiera de los auriculares y ahorrar bater\u00eda. El JBL Wave 200TWS, ultraligero, c\u00f3modo y ergon\u00f3mico, es divertido y est\u00e1 listo para usar<\/p>\n<h5><\/h5>\n<h5><strong>Caracter\u00edsticas de Audio<\/strong><\/h5>\n<ul>\n<li>Sensibilidad del driver a 1kHz1mW (dB): 108<\/li>\n<li>Respuesta de frecuencia din\u00e1mica: 20 Hz &#8211; 20 kHz<\/li>\n<li>Impedancia de entrada (ohms): 16<\/li>\n<li>N\u00famero de drivers por auricular: 1<\/li>\n<\/ul>\n<h5><\/h5>\n<h5>Medidas<\/h5>\n<ul>\n<li>Peso del malet\u00edn de carga (oz)1.4<\/li>\n<li>Peso del auricular (oz)0.3<\/li>\n<li>Peso del malet\u00edn de carga (g)39.3<\/li>\n<li>Peso del auricular (g)8.7<\/li>\n<\/ul>\n<h5><\/h5>\n<h5>Caracter\u00edsticas de control y conexi\u00f3n<\/h5>\n<ul>\n<li>Perfiles BluetoothA2DP V1.3, AVRCP V1.6, HFP V1.7<\/li>\n<li>Rango de frecuencia de transmisi\u00f3n Bluetooth2.4 GHz \u2013 2.4835 GHz<\/li>\n<li>Transmisi\u00f3n de modulaci\u00f3n GFSK v\u00eda BluetoothGFSK, \u03c0\/4DQPSK, 8DPSK<\/li>\n<li>Potencia de transmisi\u00f3n Bluetooth0 &#8211; 12dbm<\/li>\n<li>Versi\u00f3n Bluetooth5.0<\/li>\n<\/ul>\n<h5><\/h5>\n<h5>Bater\u00eda<\/h5>\n<ul>\n<li>Tiempo de carga (horas)2<\/li>\n<li>Tiempo de juego m\u00e1ximo (horas)20h (5h + 15h)<\/li>\n<\/ul>\n<p>&nbsp;<\/p>\n<h5>Caracter\u00edsticas<\/h5>\n<ul>\n<li>Charging cable: S\u00ed<\/li>\n<li>Integraci\u00f3n con asistente de voz: S\u00ed<\/li>\n<li>Micr\u00f3fono integrado: S\u00ed<\/li>\n<li>Llamadas con manos libres: S\u00ed<\/li>\n<li>True Wireless: S\u00ed<\/li>\n<li>Inal\u00e1mbrico :S\u00ed<\/li>\n<li>Estuche de carga: S\u00ed<\/li>\n<li>Bater\u00eda recargable: S\u00ed<\/li>\n<li>Bluetooth: S\u00ed<\/li>\n<\/ul>\n<p>&nbsp;<\/p>\n<h5>*<strong>Las im\u00e1genes son a modo ilustrativo.<\/strong><\/h5>\n","protected":false},"excerpt":{"rendered":"<h3><strong><span style=\"color: #339966;\">$ 3.590<\/span> <\/strong><\/h3>\n","protected":false},"featured_media":34910,"comment_status":"open","ping_status":"closed","template":"","meta":[],"_links":{"self":[{"href":"https:\/\/www.appoloviracel.com.uy\/index.php\/wp-json\/wp\/v2\/product\/34909"}],"collection":[{"href":"https:\/\/www.appoloviracel.com.uy\/index.php\/wp-json\/wp\/v2\/product"}],"about":[{"href":"https:\/\/www.appoloviracel.com.uy\/index.php\/wp-json\/wp\/v2\/types\/product"}],"replies":[{"embeddable":true,"href":"https:\/\/www.appoloviracel.com.uy\/index.php\/wp-json\/wp\/v2\/comments?post=34909"}],"wp:featuredmedia":[{"embeddable":true,"href":"https:\/\/www.appoloviracel.com.uy\/index.php\/wp-json\/wp\/v2\/media\/34910"}],"wp:attachment":[{"href":"https:\/\/www.appoloviracel.com.uy\/index.php\/wp-json\/wp\/v2\/media?parent=34909"}],"curies":[{"name":"wp","href":"https:\/\/api.w.org\/{rel}","templated":true}]}}