{"id":34902,"date":"2023-03-28T20:49:27","date_gmt":"2023-03-28T23:49:27","guid":{"rendered":"https:\/\/www.appoloviracel.com.uy\/?post_type=product&#038;p=34902"},"modified":"2023-05-13T20:58:19","modified_gmt":"2023-05-13T23:58:19","slug":"auricular-jbl-tune-flex-bluetooth","status":"publish","type":"product","link":"https:\/\/www.appoloviracel.com.uy\/index.php\/product\/auricular-jbl-tune-flex-bluetooth\/","title":{"rendered":"Auricular JBL \u00abTune Flex\u00bb (Bluetooth)"},"content":{"rendered":"<h4>Caracter\u00edsticas y especificaciones:<\/h4>\n<h5>Pure Bass. Cero ruidos.<\/h5>\n<p>Afronta tu d\u00eda canci\u00f3n a canci\u00f3n con los JBL Tune Flex. Los auriculares True Wireless te ofrecen hasta 32\u00a0horas de excepcional sonido JBL Pure Bass, mientras que su dise\u00f1o ergon\u00f3mico y resistente al agua te proporciona comodidad durante todo el d\u00eda en cualquier clima. Un simple toque te permite gestionar y disfrutar de llamadas perfectas en cualquier lugar, sin ruidos ambientales. Y con la tecnolog\u00eda Active Noise Cancelling y Smart Ambient, t\u00fa eliges si quieres desconectar del mundo o relacionarte con tu entorno. El dise\u00f1o de barra abierta garantiza una gran comodidad durante todo el d\u00eda y un sonido natural. Y lo mejor de todo es que la Aplicaci\u00f3n de los auriculares JBL te permite personalizar tu experiencia auditiva. Conecta con tu mundo a tu manera.<\/p>\n<h5><\/h5>\n<h5>Caracter\u00edsticas generales<\/h5>\n<ul>\n<li>Driver (mm):12<\/li>\n<li>IP Code :IPX4<\/li>\n<\/ul>\n<h5><\/h5>\n<h5>Caracter\u00edsticas Audio<\/h5>\n<ul>\n<li>Sensibilidad del driver a 1kHz1mW (dB): \u00a0110<\/li>\n<li>Respuesta de frecuencia din\u00e1mica: 20 Hz \u2013 20 kHz<\/li>\n<li>Impedancia de entrada (ohms): 32<\/li>\n<\/ul>\n<h5><\/h5>\n<h5>Medidas<\/h5>\n<ul>\n<li>Peso del malet\u00edn de carga (oz): 1.4<\/li>\n<li>Peso del auricular (oz): 0.3<\/li>\n<li>Peso del malet\u00edn de carga (g): 38.6<\/li>\n<li>Peso del auricular (g): 9.6<\/li>\n<\/ul>\n<h5><\/h5>\n<h5>Caracter\u00edsticas de control y conexi\u00f3n<\/h5>\n<ul>\n<li>Perfiles Bluetooth:A2DP V1.3, AVRCP V1.6, HFP V1.7<\/li>\n<li>Rango de frecuencia de transmisi\u00f3n Bluetooth: 2.4 GHz &#8211; 2.4835 GHz<\/li>\n<li>Transmisi\u00f3n de modulaci\u00f3n: GFSK v\u00eda Bluetooth GFSK, \u03c0\/4-DQPSK, 8DPSK<\/li>\n<li>Potencia de transmisi\u00f3n Bluetooth: &lt;11 dBm<\/li>\n<li>Versi\u00f3n Bluetooth: 5.2<\/li>\n<\/ul>\n<h5><\/h5>\n<h5>Bater\u00eda<\/h5>\n<ul>\n<li>Tiempo de carga (horas): \u00a02<\/li>\n<li>Tiempo m\u00e1ximo de reproducci\u00f3n de m\u00fasica con ANC (cancelaci\u00f3n activa de ruido) desactivado (horas): 8<\/li>\n<li>Tiempo m\u00e1ximo de reproducci\u00f3n de m\u00fasica con ANC (cancelaci\u00f3n activa de ruido) activado (horas): 6<\/li>\n<li>Tiempo de conversaci\u00f3n (horas): 4.5<\/li>\n<li>Tiempo de juego m\u00e1ximo (horas): 32<\/li>\n<\/ul>\n<h5><\/h5>\n<h5>Caracter\u00edsticas<\/h5>\n<ul>\n<li>Charging cable: S\u00ed<\/li>\n<li>Sonido ambiente: S\u00ed<\/li>\n<li>Micr\u00f3fono integrado: S\u00ed<\/li>\n<li>Llamadas con manos libres: S\u00ed<\/li>\n<li>Sonido JBL Pure Bass: S\u00ed<\/li>\n<li>A prueba de sudor: S\u00ed<\/li>\n<li>True Wireless: S\u00ed<\/li>\n<li>Inal\u00e1mbrico: S\u00ed<\/li>\n<li>Cancelaci\u00f3n activa de ruido: S\u00ed<\/li>\n<li>Wireless: S\u00ed<\/li>\n<li>Estuche de carga: S\u00ed<\/li>\n<li>Bater\u00eda recargable: S\u00ed<\/li>\n<li>Bluetooth: S\u00ed<\/li>\n<\/ul>\n<h5><strong>\u00a0<\/strong><\/h5>\n<h5><strong>*Las im\u00e1genes son a modo ilustrativo.<\/strong><\/h5>\n","protected":false},"excerpt":{"rendered":"<h3><strong><span style=\"color: #339966;\">$ 5.250<\/span> <\/strong><\/h3>\n","protected":false},"featured_media":34903,"comment_status":"open","ping_status":"closed","template":"","meta":[],"_links":{"self":[{"href":"https:\/\/www.appoloviracel.com.uy\/index.php\/wp-json\/wp\/v2\/product\/34902"}],"collection":[{"href":"https:\/\/www.appoloviracel.com.uy\/index.php\/wp-json\/wp\/v2\/product"}],"about":[{"href":"https:\/\/www.appoloviracel.com.uy\/index.php\/wp-json\/wp\/v2\/types\/product"}],"replies":[{"embeddable":true,"href":"https:\/\/www.appoloviracel.com.uy\/index.php\/wp-json\/wp\/v2\/comments?post=34902"}],"wp:featuredmedia":[{"embeddable":true,"href":"https:\/\/www.appoloviracel.com.uy\/index.php\/wp-json\/wp\/v2\/media\/34903"}],"wp:attachment":[{"href":"https:\/\/www.appoloviracel.com.uy\/index.php\/wp-json\/wp\/v2\/media?parent=34902"}],"curies":[{"name":"wp","href":"https:\/\/api.w.org\/{rel}","templated":true}]}}