{"id":34537,"date":"2023-03-25T13:33:11","date_gmt":"2023-03-25T16:33:11","guid":{"rendered":"https:\/\/www.appoloviracel.com.uy\/?post_type=product&#038;p=34537"},"modified":"2025-05-14T18:59:33","modified_gmt":"2025-05-14T21:59:33","slug":"notebook-kuu-xbook-j4105-14-1pulgadas","status":"publish","type":"product","link":"https:\/\/www.appoloviracel.com.uy\/index.php\/product\/notebook-kuu-xbook-j4105-14-1pulgadas\/","title":{"rendered":"Notebook KUU XBook \u00abJ4105\u00bb 14.1pulgadas"},"content":{"rendered":"<h4>Caracter\u00edsticas y especificaciones:<\/h4>\n<h5>Procesador J4105<\/h5>\n<p>Port\u00e1til KUU con CPU Celeron J4105 de 4 n\u00facleos, frecuencia base de 1,5 GHz, frecuencia de pulso de hasta 2,5 Ghz. Alta resoluci\u00f3n de 1920 x 1080, pantalla antirreflejo de alta definici\u00f3n de 14,1 pulgadas con procesador de gr\u00e1ficos UHD Graphics 600 de 14 nm de novena generaci\u00f3n, frecuencia de funcionamiento de hasta 750 MHz, admite decodificaci\u00f3n de hardware H.265\/HEVC y VP9, \u200b\u200bdecodifica f\u00e1cilmente 4K a 60 fotogramas El video ultra claro garantiza una multitarea.<\/p>\n<h5>8 GB LPDDR4 256 GB SSD<\/h5>\n<p>La computadora port\u00e1til KUU XBOOK-2 est\u00e1 equipada con 256 GB SSD y 8 GB DDR4 RAM para ejecutar sus aplicaciones de edici\u00f3n de fotos y videos sin problemas, proporcionar almacenamiento avanzado, administrar datos optimizados, tiempo de arranque r\u00e1pido. Hay una ranura TF en el costado, puede usar la ranura TF instalada o el lector de tarjetas micro SD para expandir el espacio de almacenamiento, hasta 1 TB de expansi\u00f3n de disco duro SSD.<\/p>\n<h5>Puertos y dimensiones<\/h5>\n<p>La computadora port\u00e1til XBOOK-2 est\u00e1 equipada con numerosos puertos, incluidos 7 puertos disponibles: 1*USB 2.0, 1*USB 3.0, 1*Micro HDMI, 1*Conector de auriculares est\u00e1ndar de 3,5 mm, 1*Micro TF, 1* CC de 3,5 mm. Recomendado para trabajo inteligente, uso escolar, uso de oficina. El tama\u00f1o del producto es de 32 CM * 21 CM * 1,8 CM y el peso es de solo 1,25 KG. Con solo 18 mm de grosor, esta computadora port\u00e1til parece un libro de texto o una revista.<\/p>\n<h5>Conexi\u00f3n inal\u00e1mbrica<\/h5>\n<p>Wi-Fi 802.11 A\/B\/G\/N tiene una se\u00f1al inal\u00e1mbrica m\u00e1s fuerte y estable, que puede satisfacer las necesidades de transmisi\u00f3n inal\u00e1mbrica de alta definici\u00f3n y big data. Adem\u00e1s, esta laptop de escritorio es compatible con Bluetooth 4.2 y puede conectarse f\u00e1cilmente a sus dispositivos multimedia, mouse, ac\u00fastica o auriculares. Obtenga redes inal\u00e1mbricas r\u00e1pidas y fluidas en cualquier lugar de la cafeter\u00eda, la biblioteca o incluso mientras viaja.<\/p>\n<ul>\n<li>Marca: \u200eKUU<\/li>\n<li>Fabricante: \u200eKUU<\/li>\n<li>Series: \u200eXBOOK-2<\/li>\n<li>Dimensiones del producto: \u200e32 * 21 * 1.8 cm<\/li>\n<li>Pilas: \u200e1 Litio Ion necesaria(s), incluida(s)<\/li>\n<li>N\u00famero de modelo del producto: \u200eXBOOK-2<\/li>\n<li>Color: \u200e50045<\/li>\n<li>Factor de forma: \u200eFactor de forma peque\u00f1o, Ordenador port\u00e1til<\/li>\n<li>Tama\u00f1o de la pantalla: \u200e14,1 Pulgadas<\/li>\n<li>Resoluci\u00f3n de pantalla: \u200e1920 * 1080 p\u00edxeles<\/li>\n<li>Resoluci\u00f3n m\u00e1xima: \u200e1920 * 1080 P\u00edxeles<\/li>\n<li>Fabricante del procesador: \u200eIntel<\/li>\n<li>Tipo de procesador: \u200eCeleron<\/li>\n<li>Velocidad del procesador: \u200e2 GHz<\/li>\n<li>N\u00famero de procesadores: \u200e2<\/li>\n<li>Capacidad de la memoria RAM: \u200e8 GB<\/li>\n<li>Tecnolog\u00eda de la memoria: \u200eDDR4<\/li>\n<li>Memoria m\u00e1xima compatible: \u200e8 GB<\/li>\n<li>Velocidad del reloj de la memoria: \u200e2400 MHz<\/li>\n<li>Descripci\u00f3n del disco duro: \u200eSSD<\/li>\n<li>Interfaz del disco duro: \u200eSerial ATA<\/li>\n<li>Velocidad de rotaci\u00f3n del disco duro: \u200e2600.00<\/li>\n<li>Coprocesador gr\u00e1fico: \u200eIntel UHD Graphics 600<\/li>\n<li>Marca de la tarjeta gr\u00e1fica: \u200eIntel<\/li>\n<li>Descripci\u00f3n de la tarjeta gr\u00e1fica: \u200eIntegrada<\/li>\n<li>Tipo de memoria gr\u00e1fica: \u200eDDR4 SDRAM<\/li>\n<li>Interfaz de la tarjeta gr\u00e1fica: \u200eIntegrado<\/li>\n<li>Tipo de conectividad: \u200eWi-Fi<\/li>\n<li>Tipo de conexi\u00f3n inal\u00e1mbrica: \u200eBluetooth<\/li>\n<li>N\u00famero de puertos USB 2.0: \u200e1<\/li>\n<li>N\u00famero de puertos USB 3.0: \u200e1<\/li>\n<li>Potencia el\u00e9ctrica: \u200e10 vatios<\/li>\n<li>Tipo de disco \u00f3ptico: \u200eNO<\/li>\n<li>Sistema operativo: \u200eWindows 11 Pro<\/li>\n<li>Duraci\u00f3n de la bater\u00eda media (en horas): \u200e4 Horas<\/li>\n<li>Pilas incluidas: \u200eS\u00ed<\/li>\n<li>Contenido de energ\u00eda de la bater\u00eda de litio: \u200e29 Vatios\/hora<\/li>\n<li>Embalaje de la bater\u00eda de litio: \u200eBater\u00edas integradas en el equipo<\/li>\n<li>Peso de la bater\u00eda de litio: \u200e1.2 Gramos<\/li>\n<li>N\u00famero de pilas de ion de litio: \u200e1<\/li>\n<li>N\u00famero de pilas de metal de litio: \u200e2<\/li>\n<li>Peso del producto: \u200e2 kg<\/li>\n<li>Garant\u00eda: 6 meses contra defecto de fabricaci\u00f3n<\/li>\n<\/ul>\n<h4><\/h4>\n<h4><span style=\"color: #ff0000;\"><strong>Contado efectivo: 10% de Descuento<\/strong><\/span><\/h4>\n<h5><strong>\u00a0<\/strong><strong>*Las im\u00e1genes son a modo ilustrativo.<\/strong><\/h5>\n","protected":false},"excerpt":{"rendered":"<h3><span style=\"color: #ff0000;\"><strong>\u00abArt\u00edculo Agotado\u00bb<\/strong><\/span><\/h3>\n","protected":false},"featured_media":34538,"comment_status":"open","ping_status":"closed","template":"","meta":[],"_links":{"self":[{"href":"https:\/\/www.appoloviracel.com.uy\/index.php\/wp-json\/wp\/v2\/product\/34537"}],"collection":[{"href":"https:\/\/www.appoloviracel.com.uy\/index.php\/wp-json\/wp\/v2\/product"}],"about":[{"href":"https:\/\/www.appoloviracel.com.uy\/index.php\/wp-json\/wp\/v2\/types\/product"}],"replies":[{"embeddable":true,"href":"https:\/\/www.appoloviracel.com.uy\/index.php\/wp-json\/wp\/v2\/comments?post=34537"}],"wp:featuredmedia":[{"embeddable":true,"href":"https:\/\/www.appoloviracel.com.uy\/index.php\/wp-json\/wp\/v2\/media\/34538"}],"wp:attachment":[{"href":"https:\/\/www.appoloviracel.com.uy\/index.php\/wp-json\/wp\/v2\/media?parent=34537"}],"curies":[{"name":"wp","href":"https:\/\/api.w.org\/{rel}","templated":true}]}}