{"id":34493,"date":"2023-03-23T20:51:43","date_gmt":"2023-03-23T23:51:43","guid":{"rendered":"https:\/\/www.appoloviracel.com.uy\/?post_type=product&#038;p=34493"},"modified":"2024-05-22T12:55:43","modified_gmt":"2024-05-22T15:55:43","slug":"notebook-kuu-yepbook-pron509515-6pulgadas","status":"publish","type":"product","link":"https:\/\/www.appoloviracel.com.uy\/index.php\/product\/notebook-kuu-yepbook-pron509515-6pulgadas\/","title":{"rendered":"Notebook KUU YEPBook Pro \u00abN5095\u00bb 15.6pulgadas"},"content":{"rendered":"<h4>Caracter\u00edsticas y especificaciones:<\/h4>\n<p>\u3010Laptop de alto rendimiento\u3011Equipado con procesador AMD Ryzen 7 5800U de ultra bajo consumo y alto rendimiento, 8 n\u00facleos y 16 subprocesos, frecuencia de reloj de 1,9 GHz hasta 4,4 GHz. Y equipado con tarjeta gr\u00e1fica de 8 n\u00facleos AMD Radeon Graphics, frecuencia de tarjeta gr\u00e1fica de 2000 MHz. Y con discos duros duales y configuraci\u00f3n de memoria de doble canal, lo que le permite crear f\u00e1cilmente su propia computadora.<\/p>\n<p>[Memoria y bater\u00eda] El port\u00e1til est\u00e1 equipado con 16 GB de RAM, que tiene las ventajas de un bajo consumo de energ\u00eda y un funcionamiento m\u00e1s fiable, y con SSD de 512 GB, la velocidad de lectura y escritura mejora considerablemente en comparaci\u00f3n con el estado s\u00f3lido ordinario, que puede manejar tareas diarias de forma r\u00e1pida y eficiente, con una carga r\u00e1pida del juego y un cambio de programa fluido. Cat\u00f3n. La computadora port\u00e1til de 15,6 pulgadas est\u00e1 equipada con una bater\u00eda de iones de litio de 11,4 V\/4700 Mah, y la bater\u00eda de gran capacidad le brinda una bater\u00eda de larga duraci\u00f3n.<\/p>\n<p>\u3010Port\u00e1til de dise\u00f1o de alta calidad\u3011Nuevo dise\u00f1o de apariencia, material met\u00e1lico, excelente textura. Dise\u00f1o de pantalla grande con bisel estrecho de 15,6 pulgadas, pantalla antirreflejo IPS Full HD de 1920 \u00d7 1080P, cuatro biseles tan estrechos como un dise\u00f1o de microbisel de 3.5 mm. Y use el poder de una mano para abrir f\u00e1cilmente la computadora con una bisagra de engranaje de 180\u00b0. El KUU G5 mide 36 x 23 x 1,3 cm y pesa 1,75 kg.<\/p>\n<p>\u3010Dise\u00f1o de interfaz de computadora port\u00e1til\u3011La computadora port\u00e1til KUU est\u00e1 equipada con una interfaz Tape-C, admite salida de video 4K 60HZ, se puede conectar a la salida de pantalla, USB, lector de tarjetas, carga, etc., lo que le permite experimentar f\u00e1cilmente m\u00faltiples aplicaciones con un solo puerto Y las dos interfaces tienen un dise\u00f1o muy f\u00e1cil de usar que se usa en el lado izquierdo de la computadora, cuando usa el mouse, puede controlar la computadora port\u00e1til con m\u00e1s espacio, lo que le brinda la mejor experiencia de oficina y juego. Tambi\u00e9n viene con 1 * USB 3.0, 1 * USB 2.0, 1 * conector para auriculares de 3,5 mm.<\/p>\n<p>[Multifunci\u00f3n y posventa] 2-3 d\u00edas h\u00e1biles para llegar. Sus productos vienen con una garant\u00eda de 12 meses y servicio al cliente de por vida, y siempre estamos listos para brindarle soporte en l\u00ednea las 24 horas del d\u00eda, los 7 d\u00edas de la semana, garant\u00eda de devoluci\u00f3n del 100% del dinero sin riesgos. Con Wi-Fi de doble banda, Bluetooth, puerto tipo C vers\u00e1til, 2 millones de c\u00e1maras con bisel ultraestrecho y un sistema de dos altavoces de alta fidelidad con woofers que absorben los golpes para un sonido est\u00e9reo amplio.<\/p>\n<ul>\n<li>\u00b7\u00a0\u00a0\u00a0\u00a0\u00a0\u00a0\u00a0\u00a0 Marca: \u200eKUU<\/li>\n<li>\u00b7\u00a0\u00a0\u00a0\u00a0\u00a0\u00a0\u00a0\u00a0 Fabricante: \u200eKUU<\/li>\n<li>\u00b7\u00a0\u00a0\u00a0\u00a0\u00a0\u00a0\u00a0\u00a0 Series: \u200eG5 Laptop<\/li>\n<li>\u00b7\u00a0\u00a0\u00a0\u00a0\u00a0\u00a0\u00a0\u00a0 Dimensiones del producto: \u200e36 * 23 * 1 cm<\/li>\n<li>\u00b7\u00a0\u00a0\u00a0\u00a0\u00a0\u00a0\u00a0\u00a0 Pilas: \u200e1 Litio Ion necesaria(s), incluida(s)<\/li>\n<li>\u00b7\u00a0\u00a0\u00a0\u00a0\u00a0\u00a0\u00a0\u00a0 N\u00famero de modelo del producto: \u200eG5<\/li>\n<li>\u00b7\u00a0\u00a0\u00a0\u00a0\u00a0\u00a0\u00a0\u00a0 Color: \u200e50042 Ordenador Port\u00e1til-ES<\/li>\n<li>\u00b7\u00a0\u00a0\u00a0\u00a0\u00a0\u00a0\u00a0\u00a0 Factor de forma: \u200eConvertible, Ordenador port\u00e1til<\/li>\n<li>\u00b7\u00a0\u00a0\u00a0\u00a0\u00a0\u00a0\u00a0\u00a0 Tama\u00f1o de la pantalla: \u200e15.6 Pulgadas<\/li>\n<li>\u00b7\u00a0\u00a0\u00a0\u00a0\u00a0\u00a0\u00a0\u00a0 Resoluci\u00f3n de pantalla: \u200e1920 * 1080 p\u00edxeles<\/li>\n<li>\u00b7\u00a0\u00a0\u00a0\u00a0\u00a0\u00a0\u00a0\u00a0 Resoluci\u00f3n m\u00e1xima: \u200e1920 * 1080 P\u00edxeles<\/li>\n<li>\u00b7\u00a0\u00a0\u00a0\u00a0\u00a0\u00a0\u00a0\u00a0 Fabricante del procesador: \u200eAMD<\/li>\n<li>\u00b7\u00a0\u00a0\u00a0\u00a0\u00a0\u00a0\u00a0\u00a0 Tipo de procesador: \u200eAMD Ryzen 7 5700U<\/li>\n<li>\u00b7\u00a0\u00a0\u00a0\u00a0\u00a0\u00a0\u00a0\u00a0 Velocidad del procesador: \u200e4 GHz<\/li>\n<li>\u00b7\u00a0\u00a0\u00a0\u00a0\u00a0\u00a0\u00a0\u00a0 N\u00famero de procesadores: \u200e8<\/li>\n<li>\u00b7\u00a0\u00a0\u00a0\u00a0\u00a0\u00a0\u00a0\u00a0 Capacidad de la memoria RAM: \u200e16 GB<\/li>\n<li>\u00b7\u00a0\u00a0\u00a0\u00a0\u00a0\u00a0\u00a0\u00a0 Tecnolog\u00eda de la memoria: \u200eDDR4<\/li>\n<li>\u00b7\u00a0\u00a0\u00a0\u00a0\u00a0\u00a0\u00a0\u00a0 Tipo de memoria del ordenador: \u200eDDR4 SDRAM<\/li>\n<li>\u00b7\u00a0\u00a0\u00a0\u00a0\u00a0\u00a0\u00a0\u00a0 Memoria m\u00e1xima compatible: \u200e16 GB<\/li>\n<li>\u00b7\u00a0\u00a0\u00a0\u00a0\u00a0\u00a0\u00a0\u00a0 Descripci\u00f3n del disco duro: \u200eSSD<\/li>\n<li>\u00b7\u00a0\u00a0\u00a0\u00a0\u00a0\u00a0\u00a0\u00a0 Interfaz del disco duro: \u200eSolid State<\/li>\n<li>\u00b7\u00a0\u00a0\u00a0\u00a0\u00a0\u00a0\u00a0\u00a0 Velocidad de rotaci\u00f3n del disco duro: \u200e7200<\/li>\n<li>\u00b7\u00a0\u00a0\u00a0\u00a0\u00a0\u00a0\u00a0\u00a0 Coprocesador gr\u00e1fico: \u200eAMD Radeon Graphics<\/li>\n<li>\u00b7\u00a0\u00a0\u00a0\u00a0\u00a0\u00a0\u00a0\u00a0 Marca de la tarjeta gr\u00e1fica: \u200eAMD<\/li>\n<li>\u00b7\u00a0\u00a0\u00a0\u00a0\u00a0\u00a0\u00a0\u00a0 Descripci\u00f3n de la tarjeta gr\u00e1fica: \u200eIntegrada<\/li>\n<li>\u00b7\u00a0\u00a0\u00a0\u00a0\u00a0\u00a0\u00a0\u00a0 Tipo de memoria gr\u00e1fica: \u200eDDR4 SDRAM<\/li>\n<li>\u00b7\u00a0\u00a0\u00a0\u00a0\u00a0\u00a0\u00a0\u00a0 Interfaz de la tarjeta gr\u00e1fica: \u200eIntegrado<\/li>\n<li>\u00b7\u00a0\u00a0\u00a0\u00a0\u00a0\u00a0\u00a0\u00a0 Tipo de conectividad: \u200eWi-Fi<\/li>\n<li>\u00b7\u00a0\u00a0\u00a0\u00a0\u00a0\u00a0\u00a0\u00a0 Tipo de conexi\u00f3n inal\u00e1mbrica: \u200eBluetooth<\/li>\n<li>\u00b7\u00a0\u00a0\u00a0\u00a0\u00a0\u00a0\u00a0\u00a0 N\u00famero de puertos USB 3.0: \u200e2<\/li>\n<li>\u00b7\u00a0\u00a0\u00a0\u00a0\u00a0\u00a0\u00a0\u00a0 Voltaje:\u200e 11.4 Voltios<\/li>\n<li>\u00b7\u00a0\u00a0\u00a0\u00a0\u00a0\u00a0\u00a0\u00a0 Tipo de disco \u00f3ptico: \u200eNo<\/li>\n<li>\u00b7\u00a0\u00a0\u00a0\u00a0\u00a0\u00a0\u00a0\u00a0 Sistema operativo: \u200eWindows 11<\/li>\n<li>\u00b7\u00a0\u00a0\u00a0\u00a0\u00a0\u00a0\u00a0\u00a0 Pilas incluidas: \u200eS\u00ed<\/li>\n<li>\u00b7\u00a0\u00a0\u00a0\u00a0\u00a0\u00a0\u00a0\u00a0 Contenido de energ\u00eda de la bater\u00eda de litio: \u200e4 Vatios\/hora<\/li>\n<li>\u00b7\u00a0\u00a0\u00a0\u00a0\u00a0\u00a0\u00a0\u00a0 Peso de la bater\u00eda de litio: \u200e0.8 Gramos<\/li>\n<li>\u00b7\u00a0\u00a0\u00a0\u00a0\u00a0\u00a0\u00a0\u00a0 N\u00famero de pilas de ion de litio: \u200e2<\/li>\n<li>\u00b7\u00a0\u00a0\u00a0\u00a0\u00a0\u00a0\u00a0\u00a0 Peso del producto: \u200e1.75 kg<\/li>\n<li>\u00b7\u00a0\u00a0\u00a0\u00a0\u00a0\u00a0\u00a0\u00a0 Garant\u00eda: 6 meses contra defecto de fabricaci\u00f3n<\/li>\n<\/ul>\n<h4><\/h4>\n<h4><span style=\"color: #ff0000;\"><strong>Contado efectivo: 10% de Descuento<\/strong><\/span><\/h4>\n<h5><strong>\u00a0<\/strong><strong>*Las im\u00e1genes son a modo ilustrativo.<\/strong><\/h5>\n<p>&nbsp;<\/p>\n","protected":false},"excerpt":{"rendered":"<h3><span style=\"color: #ff0000;\"><strong>\u00abArt\u00edculo Agotado\u00bb<\/strong><\/span><\/h3>\n<h3><span style=\"color: #339966;\"><strong>\u00a0<\/strong><\/span><\/h3>\n","protected":false},"featured_media":34510,"comment_status":"open","ping_status":"closed","template":"","meta":[],"_links":{"self":[{"href":"https:\/\/www.appoloviracel.com.uy\/index.php\/wp-json\/wp\/v2\/product\/34493"}],"collection":[{"href":"https:\/\/www.appoloviracel.com.uy\/index.php\/wp-json\/wp\/v2\/product"}],"about":[{"href":"https:\/\/www.appoloviracel.com.uy\/index.php\/wp-json\/wp\/v2\/types\/product"}],"replies":[{"embeddable":true,"href":"https:\/\/www.appoloviracel.com.uy\/index.php\/wp-json\/wp\/v2\/comments?post=34493"}],"wp:featuredmedia":[{"embeddable":true,"href":"https:\/\/www.appoloviracel.com.uy\/index.php\/wp-json\/wp\/v2\/media\/34510"}],"wp:attachment":[{"href":"https:\/\/www.appoloviracel.com.uy\/index.php\/wp-json\/wp\/v2\/media?parent=34493"}],"curies":[{"name":"wp","href":"https:\/\/api.w.org\/{rel}","templated":true}]}}