{"id":3443,"date":"2020-12-26T17:05:02","date_gmt":"2020-12-26T20:05:02","guid":{"rendered":"https:\/\/www.appoloviracel.com.uy\/?post_type=product&#038;p=3443"},"modified":"2024-03-14T20:54:40","modified_gmt":"2024-03-14T23:54:40","slug":"nokia-110-4mb","status":"publish","type":"product","link":"https:\/\/www.appoloviracel.com.uy\/index.php\/product\/nokia-110-4mb\/","title":{"rendered":"Celular Nokia \u00ab110\u00bb"},"content":{"rendered":"<h4><strong>Caracter\u00edsticas y especificaciones:<\/strong><\/h4>\n<p>El Nokia 110 es la reedici\u00f3n del cl\u00e1sico tel\u00e9fono celular de Nokia, con una pantalla QQVGA de 1.7 pulgadas, 4MB de almacenamiento, ranura microSD, bater\u00eda de 800 mAh, c\u00e1mara trasera QVGA, y radio FM.<\/p>\n<p>Caracter\u00edsticas principales<\/p>\n<ul>\n<li>Pantalla: 1.7&#8243;, 120 * 160 pixels<\/li>\n<li>Procesador: Spreadtrum 6531E<\/li>\n<li>RAM: 4MB<\/li>\n<li>Almacenamiento: 4MB<\/li>\n<li>Soporte de tarjeta micro SD hasta 32Gb <span style=\"color: #ff0000;\"><span style=\"color: #000000;\">(<\/span><\/span><strong><span style=\"color: #ff0000;\">se vende por separado<\/span><\/strong><span style=\"color: #000000;\">)<\/span><\/li>\n<li>Expansi\u00f3n: microSD<\/li>\n<li>C\u00e1mara: QVGA<\/li>\n<li>Reproductor de m\u00fasica MP3<\/li>\n<li>Radio FM, auricular requerido<\/li>\n<li>Conector micro USB<\/li>\n<li>Linterna LED<\/li>\n<li>Bater\u00eda: 800 mAh<\/li>\n<li>OS: S30+<\/li>\n<li>Perfil: 14.3 mm<\/li>\n<li>Se incluyen los siguientes accesorios: <strong>Cargador y Manual<\/strong><\/li>\n<li><strong>Garant\u00eda:<\/strong> 6 meses contra defecto de fabricaci\u00f3n<\/li>\n<\/ul>\n<p>&nbsp;<\/p>\n<h5><strong>*Las im\u00e1genes son a modo ilustrativo.<\/strong><\/h5>\n<div id=\"sconnect-is-installed\" style=\"display: none;\">2.11.0.0<\/div>\n<div id=\"sconnect-is-installed\" style=\"display: none;\">2.11.0.0<\/div>\n<div id=\"sconnect-is-installed\" style=\"display: none;\">2.11.0.0<\/div>\n<div id=\"sconnect-is-installed\" style=\"display: none;\">2.11.0.0<\/div>\n","protected":false},"excerpt":{"rendered":"<h3><span style=\"color: #ff0000;\"><strong>\u00abArt\u00edculo Agotado\u00bb<\/strong><\/span><\/h3>\n<h3><span style=\"color: #ff0000;\">\u00a0<\/span><\/h3>\n<div id=\"sconnect-is-installed\" style=\"display: none;\">2.11.0.0<\/div>\n<div id=\"sconnect-is-installed\" style=\"display: none;\">2.11.0.0<\/div>\n<div id=\"sconnect-is-installed\" style=\"display: none;\">2.11.0.0<\/div>\n<div id=\"sconnect-is-installed\" style=\"display: none;\">2.11.0.0<\/div>\n","protected":false},"featured_media":3444,"comment_status":"open","ping_status":"closed","template":"","meta":[],"_links":{"self":[{"href":"https:\/\/www.appoloviracel.com.uy\/index.php\/wp-json\/wp\/v2\/product\/3443"}],"collection":[{"href":"https:\/\/www.appoloviracel.com.uy\/index.php\/wp-json\/wp\/v2\/product"}],"about":[{"href":"https:\/\/www.appoloviracel.com.uy\/index.php\/wp-json\/wp\/v2\/types\/product"}],"replies":[{"embeddable":true,"href":"https:\/\/www.appoloviracel.com.uy\/index.php\/wp-json\/wp\/v2\/comments?post=3443"}],"wp:featuredmedia":[{"embeddable":true,"href":"https:\/\/www.appoloviracel.com.uy\/index.php\/wp-json\/wp\/v2\/media\/3444"}],"wp:attachment":[{"href":"https:\/\/www.appoloviracel.com.uy\/index.php\/wp-json\/wp\/v2\/media?parent=3443"}],"curies":[{"name":"wp","href":"https:\/\/api.w.org\/{rel}","templated":true}]}}